{"id":4139,"date":"2023-10-21T01:23:47","date_gmt":"2023-10-20T23:23:47","guid":{"rendered":""},"modified":"2026-03-20T00:30:10","modified_gmt":"2026-03-20T00:30:10","slug":"asperseur-3-4-reglable-en-metal","status":"publish","type":"product","link":"https:\/\/www.rain.it\/fr\/produit\/asperseur-3-4-reglable-en-metal\/","title":{"rendered":"ASPERSEUR 3\/4&Prime; R\u00c9GLABLE EN M\u00c9TAL"},"content":{"rendered":"","protected":false},"excerpt":{"rendered":"","protected":false},"featured_media":0,"comment_status":"closed","ping_status":"closed","template":"","meta":[],"product_cat":[396],"product_tag":[],"acf":[],"yoast_head":"<!-- This site is optimized with the Yoast SEO plugin v20.10 - https:\/\/yoast.com\/wordpress\/plugins\/seo\/ -->\n<title>ASPERSEUR 3\/4&quot; R\u00c9GLABLE EN M\u00c9TAL | Rain<\/title>\n<meta name=\"description\" content=\"Rain propose des produits d&#039;irrigation de haute qualit\u00e9, notamment ASPERSEUR 3\/4&quot; R\u00c9GLABLE EN M\u00c9TAL D\u00e9couvrez notre gamme de produits et demandez un devis !\" \/>\n<meta name=\"robots\" content=\"index, follow, max-snippet:-1, max-image-preview:large, max-video-preview:-1\" \/>\n<link rel=\"canonical\" href=\"https:\/\/www.rain.it\/fr\/produit\/asperseur-3-4-reglable-en-metal\/\" \/>\n<meta property=\"og:locale\" content=\"fr_FR\" \/>\n<meta property=\"og:type\" content=\"article\" \/>\n<meta property=\"og:title\" content=\"ASPERSEUR 3\/4&quot; R\u00c9GLABLE EN M\u00c9TAL | Rain\" \/>\n<meta property=\"og:description\" content=\"Rain propose des produits d&#039;irrigation de haute qualit\u00e9, notamment ASPERSEUR 3\/4&quot; R\u00c9GLABLE EN M\u00c9TAL D\u00e9couvrez notre gamme de produits et demandez un devis !\" \/>\n<meta property=\"og:url\" content=\"https:\/\/www.rain.it\/fr\/produit\/asperseur-3-4-reglable-en-metal\/\" \/>\n<meta property=\"og:site_name\" content=\"Rain\" \/>\n<meta property=\"article:modified_time\" content=\"2026-03-20T00:30:10+00:00\" \/>\n<meta name=\"twitter:card\" content=\"summary_large_image\" \/>\n<script type=\"application\/ld+json\" class=\"yoast-schema-graph\">{\"@context\":\"https:\/\/schema.org\",\"@graph\":[{\"@type\":\"WebPage\",\"@id\":\"https:\/\/www.rain.it\/fr\/produit\/asperseur-3-4-reglable-en-metal\/\",\"url\":\"https:\/\/www.rain.it\/fr\/produit\/asperseur-3-4-reglable-en-metal\/\",\"name\":\"ASPERSEUR 3\/4\\\" R\u00c9GLABLE EN M\u00c9TAL | Rain\",\"isPartOf\":{\"@id\":\"https:\/\/www.rain.it\/fr\/#website\"},\"datePublished\":\"2023-10-20T23:23:47+00:00\",\"dateModified\":\"2026-03-20T00:30:10+00:00\",\"description\":\"Rain propose des produits d'irrigation de haute qualit\u00e9, notamment ASPERSEUR 3\/4\\\" R\u00c9GLABLE EN M\u00c9TAL D\u00e9couvrez notre gamme de produits et demandez un devis !\",\"breadcrumb\":{\"@id\":\"https:\/\/www.rain.it\/fr\/produit\/asperseur-3-4-reglable-en-metal\/#breadcrumb\"},\"inLanguage\":\"fr-FR\",\"potentialAction\":[{\"@type\":\"ReadAction\",\"target\":[\"https:\/\/www.rain.it\/fr\/produit\/asperseur-3-4-reglable-en-metal\/\"]}]},{\"@type\":\"BreadcrumbList\",\"@id\":\"https:\/\/www.rain.it\/fr\/produit\/asperseur-3-4-reglable-en-metal\/#breadcrumb\",\"itemListElement\":[{\"@type\":\"ListItem\",\"position\":1,\"name\":\"Home\",\"item\":\"https:\/\/www.rain.it\/fr\/\"},{\"@type\":\"ListItem\",\"position\":2,\"name\":\"Produits\",\"item\":\"https:\/\/www.rain.it\/fr\/produits\/\"},{\"@type\":\"ListItem\",\"position\":3,\"name\":\"Arroseurs\",\"item\":\"https:\/\/www.rain.it\/fr\/17572964-arroseurs-fr\/\"},{\"@type\":\"ListItem\",\"position\":4,\"name\":\"Asperseur\",\"item\":\"https:\/\/www.rain.it\/fr\/17572964-arroseurs-fr\/17572996-asperseur-fr\/\"},{\"@type\":\"ListItem\",\"position\":5,\"name\":\"ASPERSEUR 3\/4&#8243; R\u00c9GLABLE EN M\u00c9TAL\"}]},{\"@type\":\"WebSite\",\"@id\":\"https:\/\/www.rain.it\/fr\/#website\",\"url\":\"https:\/\/www.rain.it\/fr\/\",\"name\":\"Rain\",\"description\":\"\",\"potentialAction\":[{\"@type\":\"SearchAction\",\"target\":{\"@type\":\"EntryPoint\",\"urlTemplate\":\"https:\/\/www.rain.it\/fr\/?s={search_term_string}\"},\"query-input\":\"required name=search_term_string\"}],\"inLanguage\":\"fr-FR\"}]}<\/script>\n<!-- \/ Yoast SEO plugin. -->","yoast_head_json":{"title":"ASPERSEUR 3\/4\" R\u00c9GLABLE EN M\u00c9TAL | Rain","description":"Rain propose des produits d'irrigation de haute qualit\u00e9, notamment ASPERSEUR 3\/4\" R\u00c9GLABLE EN M\u00c9TAL D\u00e9couvrez notre gamme de produits et demandez un devis !","robots":{"index":"index","follow":"follow","max-snippet":"max-snippet:-1","max-image-preview":"max-image-preview:large","max-video-preview":"max-video-preview:-1"},"canonical":"https:\/\/www.rain.it\/fr\/produit\/asperseur-3-4-reglable-en-metal\/","og_locale":"fr_FR","og_type":"article","og_title":"ASPERSEUR 3\/4\" R\u00c9GLABLE EN M\u00c9TAL | Rain","og_description":"Rain propose des produits d'irrigation de haute qualit\u00e9, notamment ASPERSEUR 3\/4\" R\u00c9GLABLE EN M\u00c9TAL D\u00e9couvrez notre gamme de produits et demandez un devis !","og_url":"https:\/\/www.rain.it\/fr\/produit\/asperseur-3-4-reglable-en-metal\/","og_site_name":"Rain","article_modified_time":"2026-03-20T00:30:10+00:00","twitter_card":"summary_large_image","schema":{"@context":"https:\/\/schema.org","@graph":[{"@type":"WebPage","@id":"https:\/\/www.rain.it\/fr\/produit\/asperseur-3-4-reglable-en-metal\/","url":"https:\/\/www.rain.it\/fr\/produit\/asperseur-3-4-reglable-en-metal\/","name":"ASPERSEUR 3\/4\" R\u00c9GLABLE EN M\u00c9TAL | Rain","isPartOf":{"@id":"https:\/\/www.rain.it\/fr\/#website"},"datePublished":"2023-10-20T23:23:47+00:00","dateModified":"2026-03-20T00:30:10+00:00","description":"Rain propose des produits d'irrigation de haute qualit\u00e9, notamment ASPERSEUR 3\/4\" R\u00c9GLABLE EN M\u00c9TAL D\u00e9couvrez notre gamme de produits et demandez un devis !","breadcrumb":{"@id":"https:\/\/www.rain.it\/fr\/produit\/asperseur-3-4-reglable-en-metal\/#breadcrumb"},"inLanguage":"fr-FR","potentialAction":[{"@type":"ReadAction","target":["https:\/\/www.rain.it\/fr\/produit\/asperseur-3-4-reglable-en-metal\/"]}]},{"@type":"BreadcrumbList","@id":"https:\/\/www.rain.it\/fr\/produit\/asperseur-3-4-reglable-en-metal\/#breadcrumb","itemListElement":[{"@type":"ListItem","position":1,"name":"Home","item":"https:\/\/www.rain.it\/fr\/"},{"@type":"ListItem","position":2,"name":"Produits","item":"https:\/\/www.rain.it\/fr\/produits\/"},{"@type":"ListItem","position":3,"name":"Arroseurs","item":"https:\/\/www.rain.it\/fr\/17572964-arroseurs-fr\/"},{"@type":"ListItem","position":4,"name":"Asperseur","item":"https:\/\/www.rain.it\/fr\/17572964-arroseurs-fr\/17572996-asperseur-fr\/"},{"@type":"ListItem","position":5,"name":"ASPERSEUR 3\/4&#8243; R\u00c9GLABLE EN M\u00c9TAL"}]},{"@type":"WebSite","@id":"https:\/\/www.rain.it\/fr\/#website","url":"https:\/\/www.rain.it\/fr\/","name":"Rain","description":"","potentialAction":[{"@type":"SearchAction","target":{"@type":"EntryPoint","urlTemplate":"https:\/\/www.rain.it\/fr\/?s={search_term_string}"},"query-input":"required name=search_term_string"}],"inLanguage":"fr-FR"}]}},"_links":{"self":[{"href":"https:\/\/www.rain.it\/fr\/wp-json\/wp\/v2\/product\/4139"}],"collection":[{"href":"https:\/\/www.rain.it\/fr\/wp-json\/wp\/v2\/product"}],"about":[{"href":"https:\/\/www.rain.it\/fr\/wp-json\/wp\/v2\/types\/product"}],"replies":[{"embeddable":true,"href":"https:\/\/www.rain.it\/fr\/wp-json\/wp\/v2\/comments?post=4139"}],"wp:attachment":[{"href":"https:\/\/www.rain.it\/fr\/wp-json\/wp\/v2\/media?parent=4139"}],"wp:term":[{"taxonomy":"product_cat","embeddable":true,"href":"https:\/\/www.rain.it\/fr\/wp-json\/wp\/v2\/product_cat?post=4139"},{"taxonomy":"product_tag","embeddable":true,"href":"https:\/\/www.rain.it\/fr\/wp-json\/wp\/v2\/product_tag?post=4139"}],"curies":[{"name":"wp","href":"https:\/\/api.w.org\/{rel}","templated":true}]}}