{"id":4874,"date":"2023-09-05T09:49:56","date_gmt":"2023-09-05T07:49:56","guid":{"rendered":"https:\/\/www.rain.it\/prodotti-brevettati-per-irrigazione\/turbina-vision\/"},"modified":"2024-02-23T11:30:13","modified_gmt":"2024-02-23T10:30:13","slug":"turbine-vision-rain","status":"publish","type":"page","link":"https:\/\/www.rain.it\/fr\/temple-de-la-renommee\/turbine-vision-rain\/","title":{"rendered":"Turbine"},"content":{"rendered":"<p>La valorisation des ressources a toujours \u00e9t\u00e9 un concept fortement ressenti au sein de Rain. C&rsquo;est pr\u00e9cis\u00e9ment de cette mission qu&rsquo;est n\u00e9e Turbina Vision : capter l&rsquo;eau qui circule dans le syst\u00e8me d&rsquo;arrosage pour la transformer en \u00e9nergie propre capable d&rsquo;alimenter les batteries rechargeables au lithium des programmateurs de Rain.<\/p>\n","protected":false},"excerpt":{"rendered":"<p>Elle utilise l&rsquo;eau qui circule dans le syst\u00e8me d&rsquo;irrigation pour la transformer en \u00e9nergie propre qui alimente les batteries rechargeables au lithium des programmateurs Rain.<\/p>\n","protected":false},"author":1,"featured_media":4876,"parent":4839,"menu_order":7,"comment_status":"closed","ping_status":"closed","template":"template-brevetti.php","meta":[],"acf":[],"yoast_head":"<!-- This site is optimized with the Yoast SEO plugin v20.10 - https:\/\/yoast.com\/wordpress\/plugins\/seo\/ -->\n<title>Turbine | Rain<\/title>\n<meta name=\"robots\" content=\"index, follow, max-snippet:-1, max-image-preview:large, max-video-preview:-1\" \/>\n<link rel=\"canonical\" href=\"https:\/\/www.rain.it\/fr\/temple-de-la-renommee\/turbine-vision-rain\/\" \/>\n<meta property=\"og:locale\" content=\"fr_FR\" \/>\n<meta property=\"og:type\" content=\"article\" \/>\n<meta property=\"og:title\" content=\"Turbine | Rain\" \/>\n<meta property=\"og:description\" content=\"Elle utilise l&#039;eau qui circule dans le syst\u00e8me d&#039;irrigation pour la transformer en \u00e9nergie propre qui alimente les batteries rechargeables au lithium des programmateurs Rain.\" \/>\n<meta property=\"og:url\" content=\"https:\/\/www.rain.it\/fr\/temple-de-la-renommee\/turbine-vision-rain\/\" \/>\n<meta property=\"og:site_name\" content=\"Rain\" \/>\n<meta property=\"article:modified_time\" content=\"2024-02-23T10:30:13+00:00\" \/>\n<meta property=\"og:image\" content=\"https:\/\/www.rain.it\/wp-content\/uploads\/rain-vision-system-turbina-irrigazione.jpg\" \/>\n\t<meta property=\"og:image:width\" content=\"1920\" \/>\n\t<meta property=\"og:image:height\" content=\"1080\" \/>\n\t<meta property=\"og:image:type\" content=\"image\/jpeg\" \/>\n<meta name=\"twitter:card\" content=\"summary_large_image\" \/>\n<meta name=\"twitter:label1\" content=\"Est. reading time\" \/>\n\t<meta name=\"twitter:data1\" content=\"1 minute\" \/>\n<script type=\"application\/ld+json\" class=\"yoast-schema-graph\">{\"@context\":\"https:\/\/schema.org\",\"@graph\":[{\"@type\":\"WebPage\",\"@id\":\"https:\/\/www.rain.it\/fr\/temple-de-la-renommee\/turbine-vision-rain\/\",\"url\":\"https:\/\/www.rain.it\/fr\/temple-de-la-renommee\/turbine-vision-rain\/\",\"name\":\"Turbine | Rain\",\"isPartOf\":{\"@id\":\"https:\/\/www.rain.it\/fr\/#website\"},\"datePublished\":\"2023-09-05T07:49:56+00:00\",\"dateModified\":\"2024-02-23T10:30:13+00:00\",\"breadcrumb\":{\"@id\":\"https:\/\/www.rain.it\/fr\/temple-de-la-renommee\/turbine-vision-rain\/#breadcrumb\"},\"inLanguage\":\"fr-FR\",\"potentialAction\":[{\"@type\":\"ReadAction\",\"target\":[\"https:\/\/www.rain.it\/fr\/temple-de-la-renommee\/turbine-vision-rain\/\"]}]},{\"@type\":\"BreadcrumbList\",\"@id\":\"https:\/\/www.rain.it\/fr\/temple-de-la-renommee\/turbine-vision-rain\/#breadcrumb\",\"itemListElement\":[{\"@type\":\"ListItem\",\"position\":1,\"name\":\"Home\",\"item\":\"https:\/\/www.rain.it\/fr\/\"},{\"@type\":\"ListItem\",\"position\":2,\"name\":\"Temple de la renomm\u00e9e\",\"item\":\"https:\/\/www.rain.it\/fr\/temple-de-la-renommee\/\"},{\"@type\":\"ListItem\",\"position\":3,\"name\":\"Turbine\"}]},{\"@type\":\"WebSite\",\"@id\":\"https:\/\/www.rain.it\/fr\/#website\",\"url\":\"https:\/\/www.rain.it\/fr\/\",\"name\":\"Rain\",\"description\":\"\",\"potentialAction\":[{\"@type\":\"SearchAction\",\"target\":{\"@type\":\"EntryPoint\",\"urlTemplate\":\"https:\/\/www.rain.it\/fr\/?s={search_term_string}\"},\"query-input\":\"required name=search_term_string\"}],\"inLanguage\":\"fr-FR\"}]}<\/script>\n<!-- \/ Yoast SEO plugin. -->","yoast_head_json":{"title":"Turbine | Rain","robots":{"index":"index","follow":"follow","max-snippet":"max-snippet:-1","max-image-preview":"max-image-preview:large","max-video-preview":"max-video-preview:-1"},"canonical":"https:\/\/www.rain.it\/fr\/temple-de-la-renommee\/turbine-vision-rain\/","og_locale":"fr_FR","og_type":"article","og_title":"Turbine | Rain","og_description":"Elle utilise l'eau qui circule dans le syst\u00e8me d'irrigation pour la transformer en \u00e9nergie propre qui alimente les batteries rechargeables au lithium des programmateurs Rain.","og_url":"https:\/\/www.rain.it\/fr\/temple-de-la-renommee\/turbine-vision-rain\/","og_site_name":"Rain","article_modified_time":"2024-02-23T10:30:13+00:00","og_image":[{"width":1920,"height":1080,"url":"https:\/\/www.rain.it\/wp-content\/uploads\/rain-vision-system-turbina-irrigazione.jpg","type":"image\/jpeg"}],"twitter_card":"summary_large_image","twitter_misc":{"Est. reading time":"1 minute"},"schema":{"@context":"https:\/\/schema.org","@graph":[{"@type":"WebPage","@id":"https:\/\/www.rain.it\/fr\/temple-de-la-renommee\/turbine-vision-rain\/","url":"https:\/\/www.rain.it\/fr\/temple-de-la-renommee\/turbine-vision-rain\/","name":"Turbine | Rain","isPartOf":{"@id":"https:\/\/www.rain.it\/fr\/#website"},"datePublished":"2023-09-05T07:49:56+00:00","dateModified":"2024-02-23T10:30:13+00:00","breadcrumb":{"@id":"https:\/\/www.rain.it\/fr\/temple-de-la-renommee\/turbine-vision-rain\/#breadcrumb"},"inLanguage":"fr-FR","potentialAction":[{"@type":"ReadAction","target":["https:\/\/www.rain.it\/fr\/temple-de-la-renommee\/turbine-vision-rain\/"]}]},{"@type":"BreadcrumbList","@id":"https:\/\/www.rain.it\/fr\/temple-de-la-renommee\/turbine-vision-rain\/#breadcrumb","itemListElement":[{"@type":"ListItem","position":1,"name":"Home","item":"https:\/\/www.rain.it\/fr\/"},{"@type":"ListItem","position":2,"name":"Temple de la renomm\u00e9e","item":"https:\/\/www.rain.it\/fr\/temple-de-la-renommee\/"},{"@type":"ListItem","position":3,"name":"Turbine"}]},{"@type":"WebSite","@id":"https:\/\/www.rain.it\/fr\/#website","url":"https:\/\/www.rain.it\/fr\/","name":"Rain","description":"","potentialAction":[{"@type":"SearchAction","target":{"@type":"EntryPoint","urlTemplate":"https:\/\/www.rain.it\/fr\/?s={search_term_string}"},"query-input":"required name=search_term_string"}],"inLanguage":"fr-FR"}]}},"_links":{"self":[{"href":"https:\/\/www.rain.it\/fr\/wp-json\/wp\/v2\/pages\/4874"}],"collection":[{"href":"https:\/\/www.rain.it\/fr\/wp-json\/wp\/v2\/pages"}],"about":[{"href":"https:\/\/www.rain.it\/fr\/wp-json\/wp\/v2\/types\/page"}],"author":[{"embeddable":true,"href":"https:\/\/www.rain.it\/fr\/wp-json\/wp\/v2\/users\/1"}],"replies":[{"embeddable":true,"href":"https:\/\/www.rain.it\/fr\/wp-json\/wp\/v2\/comments?post=4874"}],"version-history":[{"count":3,"href":"https:\/\/www.rain.it\/fr\/wp-json\/wp\/v2\/pages\/4874\/revisions"}],"predecessor-version":[{"id":6697,"href":"https:\/\/www.rain.it\/fr\/wp-json\/wp\/v2\/pages\/4874\/revisions\/6697"}],"up":[{"embeddable":true,"href":"https:\/\/www.rain.it\/fr\/wp-json\/wp\/v2\/pages\/4839"}],"wp:featuredmedia":[{"embeddable":true,"href":"https:\/\/www.rain.it\/fr\/wp-json\/wp\/v2\/media\/4876"}],"wp:attachment":[{"href":"https:\/\/www.rain.it\/fr\/wp-json\/wp\/v2\/media?parent=4874"}],"curies":[{"name":"wp","href":"https:\/\/api.w.org\/{rel}","templated":true}]}}