{"id":4862,"date":"2023-09-05T09:48:10","date_gmt":"2023-09-05T07:48:10","guid":{"rendered":"https:\/\/www.rain.it\/prodotti-brevettati-per-irrigazione\/centralina-amico\/"},"modified":"2023-12-28T09:46:43","modified_gmt":"2023-12-28T08:46:43","slug":"ami-du-standard","status":"publish","type":"page","link":"https:\/\/www.rain.it\/fr\/temple-de-la-renommee\/ami-du-standard\/","title":{"rendered":"Amico +"},"content":{"rendered":"<p>En 2013, Rain a entrepris de d\u00e9velopper un nouveau programmateur de robinet qui refl\u00e9tait les besoins du secteur de l&rsquo;arrosage. Notre \u00e9tude de march\u00e9 avait r\u00e9v\u00e9l\u00e9 le besoin d&rsquo;un programmateur facile \u00e0 programmer et dont les donn\u00e9es de programmation soient toujours visibles. C&rsquo;est pourquoi nous avons d\u00e9cid\u00e9 de fabriquer un programmateur qui r\u00e9ponde \u00e0 3 questions simples :<\/p>\n<p>\n\u2022 <strong>A quel moment arroser ?<\/strong><\/p>\n<p>\n\u2022<strong> Quelle est la dur\u00e9e<\/strong> de l&rsquo;arrosage ?<\/p>\n<p>\n\u2022 <strong>Quelle est la fr\u00e9quence<\/strong> d&rsquo;arrosage ?<\/p>\n<p>\nDe cette id\u00e9e simple est n\u00e9 l&rsquo;Amico+, le premier programmateur \u00e0 adopter la m\u00e9thodologie de programmation d\u00e9sormais reconnue des \u00ab\u00a03 EASY STEPS\u00a0\u00bb.<\/p>\n","protected":false},"excerpt":{"rendered":"<p>Il s&rsquo;agit de la premi\u00e8re unit\u00e9 de contr\u00f4le \u00e0 adopter la m\u00e9thodologie de programmation \u00ab\u00a03 EASY STEPS\u00a0\u00bb, d\u00e9sormais reconnue.<\/p>\n","protected":false},"author":1,"featured_media":4864,"parent":4839,"menu_order":6,"comment_status":"closed","ping_status":"closed","template":"template-brevetti.php","meta":[],"acf":[],"yoast_head":"<!-- This site is optimized with the Yoast SEO plugin v20.10 - https:\/\/yoast.com\/wordpress\/plugins\/seo\/ -->\n<title>Unit\u00e9 de contr\u00f4le Amico | Rain<\/title>\n<meta name=\"description\" content=\"AMICO+ est la premi\u00e8re unit\u00e9 de contr\u00f4le de robinetterie qui est facile \u00e0 programmer et qui a toujours les donn\u00e9es en vue. Essayez notre syst\u00e8me &quot;3 \u00e9tapes faciles&quot;.\" \/>\n<meta name=\"robots\" content=\"index, follow, max-snippet:-1, max-image-preview:large, max-video-preview:-1\" \/>\n<link rel=\"canonical\" href=\"https:\/\/www.rain.it\/fr\/temple-de-la-renommee\/ami-du-standard\/\" \/>\n<meta property=\"og:locale\" content=\"fr_FR\" \/>\n<meta property=\"og:type\" content=\"article\" \/>\n<meta property=\"og:title\" content=\"Unit\u00e9 de contr\u00f4le Amico | Rain\" \/>\n<meta property=\"og:description\" content=\"AMICO+ est la premi\u00e8re unit\u00e9 de contr\u00f4le de robinetterie qui est facile \u00e0 programmer et qui a toujours les donn\u00e9es en vue. Essayez notre syst\u00e8me &quot;3 \u00e9tapes faciles&quot;.\" \/>\n<meta property=\"og:url\" content=\"https:\/\/www.rain.it\/fr\/temple-de-la-renommee\/ami-du-standard\/\" \/>\n<meta property=\"og:site_name\" content=\"Rain\" \/>\n<meta property=\"article:modified_time\" content=\"2023-12-28T08:46:43+00:00\" \/>\n<meta property=\"og:image\" content=\"https:\/\/www.rain.it\/wp-content\/uploads\/amico-centralina-da-rubinetto.jpg\" \/>\n\t<meta property=\"og:image:width\" content=\"1920\" \/>\n\t<meta property=\"og:image:height\" content=\"1082\" \/>\n\t<meta property=\"og:image:type\" content=\"image\/jpeg\" \/>\n<meta name=\"twitter:card\" content=\"summary_large_image\" \/>\n<meta name=\"twitter:label1\" content=\"Est. reading time\" \/>\n\t<meta name=\"twitter:data1\" content=\"1 minute\" \/>\n<script type=\"application\/ld+json\" class=\"yoast-schema-graph\">{\"@context\":\"https:\/\/schema.org\",\"@graph\":[{\"@type\":\"WebPage\",\"@id\":\"https:\/\/www.rain.it\/fr\/temple-de-la-renommee\/ami-du-standard\/\",\"url\":\"https:\/\/www.rain.it\/fr\/temple-de-la-renommee\/ami-du-standard\/\",\"name\":\"Unit\u00e9 de contr\u00f4le Amico | Rain\",\"isPartOf\":{\"@id\":\"https:\/\/www.rain.it\/fr\/#website\"},\"datePublished\":\"2023-09-05T07:48:10+00:00\",\"dateModified\":\"2023-12-28T08:46:43+00:00\",\"description\":\"AMICO+ est la premi\u00e8re unit\u00e9 de contr\u00f4le de robinetterie qui est facile \u00e0 programmer et qui a toujours les donn\u00e9es en vue. Essayez notre syst\u00e8me \\\"3 \u00e9tapes faciles\\\".\",\"breadcrumb\":{\"@id\":\"https:\/\/www.rain.it\/fr\/temple-de-la-renommee\/ami-du-standard\/#breadcrumb\"},\"inLanguage\":\"fr-FR\",\"potentialAction\":[{\"@type\":\"ReadAction\",\"target\":[\"https:\/\/www.rain.it\/fr\/temple-de-la-renommee\/ami-du-standard\/\"]}]},{\"@type\":\"BreadcrumbList\",\"@id\":\"https:\/\/www.rain.it\/fr\/temple-de-la-renommee\/ami-du-standard\/#breadcrumb\",\"itemListElement\":[{\"@type\":\"ListItem\",\"position\":1,\"name\":\"Home\",\"item\":\"https:\/\/www.rain.it\/fr\/\"},{\"@type\":\"ListItem\",\"position\":2,\"name\":\"Temple de la renomm\u00e9e\",\"item\":\"https:\/\/www.rain.it\/fr\/temple-de-la-renommee\/\"},{\"@type\":\"ListItem\",\"position\":3,\"name\":\"Amico +\"}]},{\"@type\":\"WebSite\",\"@id\":\"https:\/\/www.rain.it\/fr\/#website\",\"url\":\"https:\/\/www.rain.it\/fr\/\",\"name\":\"Rain\",\"description\":\"\",\"potentialAction\":[{\"@type\":\"SearchAction\",\"target\":{\"@type\":\"EntryPoint\",\"urlTemplate\":\"https:\/\/www.rain.it\/fr\/?s={search_term_string}\"},\"query-input\":\"required name=search_term_string\"}],\"inLanguage\":\"fr-FR\"}]}<\/script>\n<!-- \/ Yoast SEO plugin. -->","yoast_head_json":{"title":"Unit\u00e9 de contr\u00f4le Amico | Rain","description":"AMICO+ est la premi\u00e8re unit\u00e9 de contr\u00f4le de robinetterie qui est facile \u00e0 programmer et qui a toujours les donn\u00e9es en vue. Essayez notre syst\u00e8me \"3 \u00e9tapes faciles\".","robots":{"index":"index","follow":"follow","max-snippet":"max-snippet:-1","max-image-preview":"max-image-preview:large","max-video-preview":"max-video-preview:-1"},"canonical":"https:\/\/www.rain.it\/fr\/temple-de-la-renommee\/ami-du-standard\/","og_locale":"fr_FR","og_type":"article","og_title":"Unit\u00e9 de contr\u00f4le Amico | Rain","og_description":"AMICO+ est la premi\u00e8re unit\u00e9 de contr\u00f4le de robinetterie qui est facile \u00e0 programmer et qui a toujours les donn\u00e9es en vue. Essayez notre syst\u00e8me \"3 \u00e9tapes faciles\".","og_url":"https:\/\/www.rain.it\/fr\/temple-de-la-renommee\/ami-du-standard\/","og_site_name":"Rain","article_modified_time":"2023-12-28T08:46:43+00:00","og_image":[{"width":1920,"height":1082,"url":"https:\/\/www.rain.it\/wp-content\/uploads\/amico-centralina-da-rubinetto.jpg","type":"image\/jpeg"}],"twitter_card":"summary_large_image","twitter_misc":{"Est. reading time":"1 minute"},"schema":{"@context":"https:\/\/schema.org","@graph":[{"@type":"WebPage","@id":"https:\/\/www.rain.it\/fr\/temple-de-la-renommee\/ami-du-standard\/","url":"https:\/\/www.rain.it\/fr\/temple-de-la-renommee\/ami-du-standard\/","name":"Unit\u00e9 de contr\u00f4le Amico | Rain","isPartOf":{"@id":"https:\/\/www.rain.it\/fr\/#website"},"datePublished":"2023-09-05T07:48:10+00:00","dateModified":"2023-12-28T08:46:43+00:00","description":"AMICO+ est la premi\u00e8re unit\u00e9 de contr\u00f4le de robinetterie qui est facile \u00e0 programmer et qui a toujours les donn\u00e9es en vue. Essayez notre syst\u00e8me \"3 \u00e9tapes faciles\".","breadcrumb":{"@id":"https:\/\/www.rain.it\/fr\/temple-de-la-renommee\/ami-du-standard\/#breadcrumb"},"inLanguage":"fr-FR","potentialAction":[{"@type":"ReadAction","target":["https:\/\/www.rain.it\/fr\/temple-de-la-renommee\/ami-du-standard\/"]}]},{"@type":"BreadcrumbList","@id":"https:\/\/www.rain.it\/fr\/temple-de-la-renommee\/ami-du-standard\/#breadcrumb","itemListElement":[{"@type":"ListItem","position":1,"name":"Home","item":"https:\/\/www.rain.it\/fr\/"},{"@type":"ListItem","position":2,"name":"Temple de la renomm\u00e9e","item":"https:\/\/www.rain.it\/fr\/temple-de-la-renommee\/"},{"@type":"ListItem","position":3,"name":"Amico +"}]},{"@type":"WebSite","@id":"https:\/\/www.rain.it\/fr\/#website","url":"https:\/\/www.rain.it\/fr\/","name":"Rain","description":"","potentialAction":[{"@type":"SearchAction","target":{"@type":"EntryPoint","urlTemplate":"https:\/\/www.rain.it\/fr\/?s={search_term_string}"},"query-input":"required name=search_term_string"}],"inLanguage":"fr-FR"}]}},"_links":{"self":[{"href":"https:\/\/www.rain.it\/fr\/wp-json\/wp\/v2\/pages\/4862"}],"collection":[{"href":"https:\/\/www.rain.it\/fr\/wp-json\/wp\/v2\/pages"}],"about":[{"href":"https:\/\/www.rain.it\/fr\/wp-json\/wp\/v2\/types\/page"}],"author":[{"embeddable":true,"href":"https:\/\/www.rain.it\/fr\/wp-json\/wp\/v2\/users\/1"}],"replies":[{"embeddable":true,"href":"https:\/\/www.rain.it\/fr\/wp-json\/wp\/v2\/comments?post=4862"}],"version-history":[{"count":7,"href":"https:\/\/www.rain.it\/fr\/wp-json\/wp\/v2\/pages\/4862\/revisions"}],"predecessor-version":[{"id":6696,"href":"https:\/\/www.rain.it\/fr\/wp-json\/wp\/v2\/pages\/4862\/revisions\/6696"}],"up":[{"embeddable":true,"href":"https:\/\/www.rain.it\/fr\/wp-json\/wp\/v2\/pages\/4839"}],"wp:featuredmedia":[{"embeddable":true,"href":"https:\/\/www.rain.it\/fr\/wp-json\/wp\/v2\/media\/4864"}],"wp:attachment":[{"href":"https:\/\/www.rain.it\/fr\/wp-json\/wp\/v2\/media?parent=4862"}],"curies":[{"name":"wp","href":"https:\/\/api.w.org\/{rel}","templated":true}]}}