{"id":4839,"date":"2023-09-05T09:47:38","date_gmt":"2023-09-05T07:47:38","guid":{"rendered":"https:\/\/www.rain.it\/prodotti-brevettati-per-irrigazione\/"},"modified":"2025-07-22T10:09:34","modified_gmt":"2025-07-22T08:09:34","slug":"temple-de-la-renommee","status":"publish","type":"page","link":"https:\/\/www.rain.it\/fr\/temple-de-la-renommee\/","title":{"rendered":"Temple de la renomm\u00e9e"},"content":{"rendered":"<p>Depuis 1968, ann\u00e9e o\u00f9 notre fondateur a invent\u00e9 le d\u00e9sormais l\u00e9gendaire programmateur \u00e9lectrom\u00e9canique baptis\u00e9 Rainer, de nombreux brevets ont \u00e9t\u00e9 d\u00e9pos\u00e9s par Rain pour des produits, des composants et des solutions d&rsquo;irrigation. Ce n&rsquo;est pas un hasard si nous concevons et fabriquons les meilleurs produits qui exploitent les solutions techniques les plus innovantes et cr\u00e9atives : qu&rsquo;il s&rsquo;agisse d&rsquo;\u00e9l\u00e9ctrovannes, de programmateurs, de regards de visite ou d&rsquo;accessoires.<\/p>\n","protected":false},"excerpt":{"rendered":"<p>Depuis 1968, ann\u00e9e o\u00f9 notre fondateur a invent\u00e9 le d\u00e9sormais l\u00e9gendaire programmateur \u00e9lectrom\u00e9canique baptis\u00e9 Rainer, de nombreux brevets ont \u00e9t\u00e9 d\u00e9pos\u00e9s par Rain pour des produits, des composants et des solutions d&rsquo;irrigation. Ce n&rsquo;est pas un hasard si nous concevons et fabriquons les meilleurs produits qui exploitent les solutions techniques les plus innovantes et cr\u00e9atives &hellip; <a href=\"https:\/\/www.rain.it\/fr\/temple-de-la-renommee\/\">Continued<\/a><\/p>\n","protected":false},"author":1,"featured_media":0,"parent":0,"menu_order":5,"comment_status":"closed","ping_status":"closed","template":"template-hall-of-fame.php","meta":[],"acf":[],"yoast_head":"<!-- This site is optimized with the Yoast SEO plugin v20.10 - https:\/\/yoast.com\/wordpress\/plugins\/seo\/ -->\n<title>Produits d&#039;irrigation brevet\u00e9s | Rain<\/title>\n<meta name=\"description\" content=\"D\u00e9couvrez les produits d&#039;irrigation brevet\u00e9s Rain. Utilisez l&#039;innovation de nos produits pour obtenir des r\u00e9sultats sup\u00e9rieurs dans votre syst\u00e8me d&#039;irrigation.\" \/>\n<meta name=\"robots\" content=\"index, follow, max-snippet:-1, max-image-preview:large, max-video-preview:-1\" \/>\n<link rel=\"canonical\" href=\"https:\/\/www.rain.it\/fr\/temple-de-la-renommee\/\" \/>\n<meta property=\"og:locale\" content=\"fr_FR\" \/>\n<meta property=\"og:type\" content=\"article\" \/>\n<meta property=\"og:title\" content=\"Produits d&#039;irrigation brevet\u00e9s | Rain\" \/>\n<meta property=\"og:description\" content=\"D\u00e9couvrez les produits d&#039;irrigation brevet\u00e9s Rain. Utilisez l&#039;innovation de nos produits pour obtenir des r\u00e9sultats sup\u00e9rieurs dans votre syst\u00e8me d&#039;irrigation.\" \/>\n<meta property=\"og:url\" content=\"https:\/\/www.rain.it\/fr\/temple-de-la-renommee\/\" \/>\n<meta property=\"og:site_name\" content=\"Rain\" \/>\n<meta property=\"article:modified_time\" content=\"2025-07-22T08:09:34+00:00\" \/>\n<meta name=\"twitter:card\" content=\"summary_large_image\" \/>\n<meta name=\"twitter:label1\" content=\"Est. reading time\" \/>\n\t<meta name=\"twitter:data1\" content=\"1 minute\" \/>\n<script type=\"application\/ld+json\" class=\"yoast-schema-graph\">{\"@context\":\"https:\/\/schema.org\",\"@graph\":[{\"@type\":\"WebPage\",\"@id\":\"https:\/\/www.rain.it\/fr\/temple-de-la-renommee\/\",\"url\":\"https:\/\/www.rain.it\/fr\/temple-de-la-renommee\/\",\"name\":\"Produits d'irrigation brevet\u00e9s | Rain\",\"isPartOf\":{\"@id\":\"https:\/\/www.rain.it\/fr\/#website\"},\"datePublished\":\"2023-09-05T07:47:38+00:00\",\"dateModified\":\"2025-07-22T08:09:34+00:00\",\"description\":\"D\u00e9couvrez les produits d'irrigation brevet\u00e9s Rain. Utilisez l'innovation de nos produits pour obtenir des r\u00e9sultats sup\u00e9rieurs dans votre syst\u00e8me d'irrigation.\",\"breadcrumb\":{\"@id\":\"https:\/\/www.rain.it\/fr\/temple-de-la-renommee\/#breadcrumb\"},\"inLanguage\":\"fr-FR\",\"potentialAction\":[{\"@type\":\"ReadAction\",\"target\":[\"https:\/\/www.rain.it\/fr\/temple-de-la-renommee\/\"]}]},{\"@type\":\"BreadcrumbList\",\"@id\":\"https:\/\/www.rain.it\/fr\/temple-de-la-renommee\/#breadcrumb\",\"itemListElement\":[{\"@type\":\"ListItem\",\"position\":1,\"name\":\"Home\",\"item\":\"https:\/\/www.rain.it\/fr\/\"},{\"@type\":\"ListItem\",\"position\":2,\"name\":\"Temple de la renomm\u00e9e\"}]},{\"@type\":\"WebSite\",\"@id\":\"https:\/\/www.rain.it\/fr\/#website\",\"url\":\"https:\/\/www.rain.it\/fr\/\",\"name\":\"Rain\",\"description\":\"\",\"potentialAction\":[{\"@type\":\"SearchAction\",\"target\":{\"@type\":\"EntryPoint\",\"urlTemplate\":\"https:\/\/www.rain.it\/fr\/?s={search_term_string}\"},\"query-input\":\"required name=search_term_string\"}],\"inLanguage\":\"fr-FR\"}]}<\/script>\n<!-- \/ Yoast SEO plugin. -->","yoast_head_json":{"title":"Produits d'irrigation brevet\u00e9s | Rain","description":"D\u00e9couvrez les produits d'irrigation brevet\u00e9s Rain. Utilisez l'innovation de nos produits pour obtenir des r\u00e9sultats sup\u00e9rieurs dans votre syst\u00e8me d'irrigation.","robots":{"index":"index","follow":"follow","max-snippet":"max-snippet:-1","max-image-preview":"max-image-preview:large","max-video-preview":"max-video-preview:-1"},"canonical":"https:\/\/www.rain.it\/fr\/temple-de-la-renommee\/","og_locale":"fr_FR","og_type":"article","og_title":"Produits d'irrigation brevet\u00e9s | Rain","og_description":"D\u00e9couvrez les produits d'irrigation brevet\u00e9s Rain. Utilisez l'innovation de nos produits pour obtenir des r\u00e9sultats sup\u00e9rieurs dans votre syst\u00e8me d'irrigation.","og_url":"https:\/\/www.rain.it\/fr\/temple-de-la-renommee\/","og_site_name":"Rain","article_modified_time":"2025-07-22T08:09:34+00:00","twitter_card":"summary_large_image","twitter_misc":{"Est. reading time":"1 minute"},"schema":{"@context":"https:\/\/schema.org","@graph":[{"@type":"WebPage","@id":"https:\/\/www.rain.it\/fr\/temple-de-la-renommee\/","url":"https:\/\/www.rain.it\/fr\/temple-de-la-renommee\/","name":"Produits d'irrigation brevet\u00e9s | Rain","isPartOf":{"@id":"https:\/\/www.rain.it\/fr\/#website"},"datePublished":"2023-09-05T07:47:38+00:00","dateModified":"2025-07-22T08:09:34+00:00","description":"D\u00e9couvrez les produits d'irrigation brevet\u00e9s Rain. Utilisez l'innovation de nos produits pour obtenir des r\u00e9sultats sup\u00e9rieurs dans votre syst\u00e8me d'irrigation.","breadcrumb":{"@id":"https:\/\/www.rain.it\/fr\/temple-de-la-renommee\/#breadcrumb"},"inLanguage":"fr-FR","potentialAction":[{"@type":"ReadAction","target":["https:\/\/www.rain.it\/fr\/temple-de-la-renommee\/"]}]},{"@type":"BreadcrumbList","@id":"https:\/\/www.rain.it\/fr\/temple-de-la-renommee\/#breadcrumb","itemListElement":[{"@type":"ListItem","position":1,"name":"Home","item":"https:\/\/www.rain.it\/fr\/"},{"@type":"ListItem","position":2,"name":"Temple de la renomm\u00e9e"}]},{"@type":"WebSite","@id":"https:\/\/www.rain.it\/fr\/#website","url":"https:\/\/www.rain.it\/fr\/","name":"Rain","description":"","potentialAction":[{"@type":"SearchAction","target":{"@type":"EntryPoint","urlTemplate":"https:\/\/www.rain.it\/fr\/?s={search_term_string}"},"query-input":"required name=search_term_string"}],"inLanguage":"fr-FR"}]}},"_links":{"self":[{"href":"https:\/\/www.rain.it\/fr\/wp-json\/wp\/v2\/pages\/4839"}],"collection":[{"href":"https:\/\/www.rain.it\/fr\/wp-json\/wp\/v2\/pages"}],"about":[{"href":"https:\/\/www.rain.it\/fr\/wp-json\/wp\/v2\/types\/page"}],"author":[{"embeddable":true,"href":"https:\/\/www.rain.it\/fr\/wp-json\/wp\/v2\/users\/1"}],"replies":[{"embeddable":true,"href":"https:\/\/www.rain.it\/fr\/wp-json\/wp\/v2\/comments?post=4839"}],"version-history":[{"count":7,"href":"https:\/\/www.rain.it\/fr\/wp-json\/wp\/v2\/pages\/4839\/revisions"}],"predecessor-version":[{"id":10645,"href":"https:\/\/www.rain.it\/fr\/wp-json\/wp\/v2\/pages\/4839\/revisions\/10645"}],"wp:attachment":[{"href":"https:\/\/www.rain.it\/fr\/wp-json\/wp\/v2\/media?parent=4839"}],"curies":[{"name":"wp","href":"https:\/\/api.w.org\/{rel}","templated":true}]}}