{"id":4782,"date":"2023-09-11T16:14:17","date_gmt":"2023-09-11T14:14:17","guid":{"rendered":"https:\/\/www.rain.it\/sistemi-di-irrigazione-fiori-e-siepi\/"},"modified":"2024-02-23T11:12:42","modified_gmt":"2024-02-23T10:12:42","slug":"fleurs-et-haies","status":"publish","type":"page","link":"https:\/\/www.rain.it\/fr\/fleurs-et-haies\/","title":{"rendered":"Fleurs et haies"},"content":{"rendered":"","protected":false},"excerpt":{"rendered":"","protected":false},"author":1,"featured_media":0,"parent":0,"menu_order":16,"comment_status":"closed","ping_status":"closed","template":"template-privati.php","meta":[],"acf":[],"yoast_head":"<!-- This site is optimized with the Yoast SEO plugin v20.10 - https:\/\/yoast.com\/wordpress\/plugins\/seo\/ -->\n<title>Syst\u00e8mes d&#039;arrosage de fleurs et de haies | Arrosage de haies DIY<\/title>\n<meta name=\"description\" content=\"Pour l&#039;arrosage des fleurs et des haies, d\u00e9couvrez les meilleurs syst\u00e8mes de bricolage. Efficacit\u00e9 et simplicit\u00e9 pour votre jardin avec l&#039;arrosage des haies DIY.\" \/>\n<meta name=\"robots\" content=\"index, follow, max-snippet:-1, max-image-preview:large, max-video-preview:-1\" \/>\n<link rel=\"canonical\" href=\"https:\/\/www.rain.it\/fr\/fleurs-et-haies\/\" \/>\n<meta property=\"og:locale\" content=\"fr_FR\" \/>\n<meta property=\"og:type\" content=\"article\" \/>\n<meta property=\"og:title\" content=\"Syst\u00e8mes d&#039;arrosage de fleurs et de haies | Arrosage de haies DIY\" \/>\n<meta property=\"og:description\" content=\"Pour l&#039;arrosage des fleurs et des haies, d\u00e9couvrez les meilleurs syst\u00e8mes de bricolage. Efficacit\u00e9 et simplicit\u00e9 pour votre jardin avec l&#039;arrosage des haies DIY.\" \/>\n<meta property=\"og:url\" content=\"https:\/\/www.rain.it\/fr\/fleurs-et-haies\/\" \/>\n<meta property=\"og:site_name\" content=\"Rain\" \/>\n<meta property=\"article:modified_time\" content=\"2024-02-23T10:12:42+00:00\" \/>\n<meta name=\"twitter:card\" content=\"summary_large_image\" \/>\n<script type=\"application\/ld+json\" class=\"yoast-schema-graph\">{\"@context\":\"https:\/\/schema.org\",\"@graph\":[{\"@type\":\"WebPage\",\"@id\":\"https:\/\/www.rain.it\/fr\/fleurs-et-haies\/\",\"url\":\"https:\/\/www.rain.it\/fr\/fleurs-et-haies\/\",\"name\":\"Syst\u00e8mes d'arrosage de fleurs et de haies | Arrosage de haies DIY\",\"isPartOf\":{\"@id\":\"https:\/\/www.rain.it\/fr\/#website\"},\"datePublished\":\"2023-09-11T14:14:17+00:00\",\"dateModified\":\"2024-02-23T10:12:42+00:00\",\"description\":\"Pour l'arrosage des fleurs et des haies, d\u00e9couvrez les meilleurs syst\u00e8mes de bricolage. Efficacit\u00e9 et simplicit\u00e9 pour votre jardin avec l'arrosage des haies DIY.\",\"breadcrumb\":{\"@id\":\"https:\/\/www.rain.it\/fr\/fleurs-et-haies\/#breadcrumb\"},\"inLanguage\":\"fr-FR\",\"potentialAction\":[{\"@type\":\"ReadAction\",\"target\":[\"https:\/\/www.rain.it\/fr\/fleurs-et-haies\/\"]}]},{\"@type\":\"BreadcrumbList\",\"@id\":\"https:\/\/www.rain.it\/fr\/fleurs-et-haies\/#breadcrumb\",\"itemListElement\":[{\"@type\":\"ListItem\",\"position\":1,\"name\":\"Home\",\"item\":\"https:\/\/www.rain.it\/fr\/\"},{\"@type\":\"ListItem\",\"position\":2,\"name\":\"Fleurs et haies\"}]},{\"@type\":\"WebSite\",\"@id\":\"https:\/\/www.rain.it\/fr\/#website\",\"url\":\"https:\/\/www.rain.it\/fr\/\",\"name\":\"Rain\",\"description\":\"\",\"potentialAction\":[{\"@type\":\"SearchAction\",\"target\":{\"@type\":\"EntryPoint\",\"urlTemplate\":\"https:\/\/www.rain.it\/fr\/?s={search_term_string}\"},\"query-input\":\"required name=search_term_string\"}],\"inLanguage\":\"fr-FR\"}]}<\/script>\n<!-- \/ Yoast SEO plugin. -->","yoast_head_json":{"title":"Syst\u00e8mes d'arrosage de fleurs et de haies | Arrosage de haies DIY","description":"Pour l'arrosage des fleurs et des haies, d\u00e9couvrez les meilleurs syst\u00e8mes de bricolage. Efficacit\u00e9 et simplicit\u00e9 pour votre jardin avec l'arrosage des haies DIY.","robots":{"index":"index","follow":"follow","max-snippet":"max-snippet:-1","max-image-preview":"max-image-preview:large","max-video-preview":"max-video-preview:-1"},"canonical":"https:\/\/www.rain.it\/fr\/fleurs-et-haies\/","og_locale":"fr_FR","og_type":"article","og_title":"Syst\u00e8mes d'arrosage de fleurs et de haies | Arrosage de haies DIY","og_description":"Pour l'arrosage des fleurs et des haies, d\u00e9couvrez les meilleurs syst\u00e8mes de bricolage. Efficacit\u00e9 et simplicit\u00e9 pour votre jardin avec l'arrosage des haies DIY.","og_url":"https:\/\/www.rain.it\/fr\/fleurs-et-haies\/","og_site_name":"Rain","article_modified_time":"2024-02-23T10:12:42+00:00","twitter_card":"summary_large_image","schema":{"@context":"https:\/\/schema.org","@graph":[{"@type":"WebPage","@id":"https:\/\/www.rain.it\/fr\/fleurs-et-haies\/","url":"https:\/\/www.rain.it\/fr\/fleurs-et-haies\/","name":"Syst\u00e8mes d'arrosage de fleurs et de haies | Arrosage de haies DIY","isPartOf":{"@id":"https:\/\/www.rain.it\/fr\/#website"},"datePublished":"2023-09-11T14:14:17+00:00","dateModified":"2024-02-23T10:12:42+00:00","description":"Pour l'arrosage des fleurs et des haies, d\u00e9couvrez les meilleurs syst\u00e8mes de bricolage. Efficacit\u00e9 et simplicit\u00e9 pour votre jardin avec l'arrosage des haies DIY.","breadcrumb":{"@id":"https:\/\/www.rain.it\/fr\/fleurs-et-haies\/#breadcrumb"},"inLanguage":"fr-FR","potentialAction":[{"@type":"ReadAction","target":["https:\/\/www.rain.it\/fr\/fleurs-et-haies\/"]}]},{"@type":"BreadcrumbList","@id":"https:\/\/www.rain.it\/fr\/fleurs-et-haies\/#breadcrumb","itemListElement":[{"@type":"ListItem","position":1,"name":"Home","item":"https:\/\/www.rain.it\/fr\/"},{"@type":"ListItem","position":2,"name":"Fleurs et haies"}]},{"@type":"WebSite","@id":"https:\/\/www.rain.it\/fr\/#website","url":"https:\/\/www.rain.it\/fr\/","name":"Rain","description":"","potentialAction":[{"@type":"SearchAction","target":{"@type":"EntryPoint","urlTemplate":"https:\/\/www.rain.it\/fr\/?s={search_term_string}"},"query-input":"required name=search_term_string"}],"inLanguage":"fr-FR"}]}},"_links":{"self":[{"href":"https:\/\/www.rain.it\/fr\/wp-json\/wp\/v2\/pages\/4782"}],"collection":[{"href":"https:\/\/www.rain.it\/fr\/wp-json\/wp\/v2\/pages"}],"about":[{"href":"https:\/\/www.rain.it\/fr\/wp-json\/wp\/v2\/types\/page"}],"author":[{"embeddable":true,"href":"https:\/\/www.rain.it\/fr\/wp-json\/wp\/v2\/users\/1"}],"replies":[{"embeddable":true,"href":"https:\/\/www.rain.it\/fr\/wp-json\/wp\/v2\/comments?post=4782"}],"version-history":[{"count":10,"href":"https:\/\/www.rain.it\/fr\/wp-json\/wp\/v2\/pages\/4782\/revisions"}],"predecessor-version":[{"id":7286,"href":"https:\/\/www.rain.it\/fr\/wp-json\/wp\/v2\/pages\/4782\/revisions\/7286"}],"wp:attachment":[{"href":"https:\/\/www.rain.it\/fr\/wp-json\/wp\/v2\/media?parent=4782"}],"curies":[{"name":"wp","href":"https:\/\/api.w.org\/{rel}","templated":true}]}}