{"id":4691,"date":"2023-07-06T12:27:41","date_gmt":"2023-07-06T10:27:41","guid":{"rendered":"https:\/\/www.rain.it\/suggerimenti-per-sistemi-irrigazione\/"},"modified":"2024-02-23T18:27:34","modified_gmt":"2024-02-23T17:27:34","slug":"conseils-pratiques","status":"publish","type":"page","link":"https:\/\/www.rain.it\/fr\/conseils-pratiques\/","title":{"rendered":"Conseils pratiques"},"content":{"rendered":"<p>Que dois-je faire pour rouvrir mon syst\u00e8me d&rsquo;arrosage pour l&rsquo;\u00e9t\u00e9 ? Et pour le fermer avant l&rsquo;arriv\u00e9e de l&rsquo;hiver ? Dans cette section, vous trouverez des r\u00e9ponses et des conseils utiles aux doutes les plus fr\u00e9quents de ceux qui doivent g\u00e9rer un syst\u00e8me d&rsquo;arrosag automatique.<\/p>\n","protected":false},"excerpt":{"rendered":"<p>Que dois-je faire pour rouvrir mon syst\u00e8me d&rsquo;arrosage pour l&rsquo;\u00e9t\u00e9 ? Et pour le fermer avant l&rsquo;arriv\u00e9e de l&rsquo;hiver ? Dans cette section, vous trouverez des r\u00e9ponses et des conseils utiles aux doutes les plus fr\u00e9quents de ceux qui doivent g\u00e9rer un syst\u00e8me d&rsquo;arrosag automatique.<\/p>\n","protected":false},"author":1,"featured_media":0,"parent":0,"menu_order":25,"comment_status":"closed","ping_status":"closed","template":"template-suggerimenti-pratici.php","meta":[],"acf":[],"yoast_head":"<!-- This site is optimized with the Yoast SEO plugin v20.10 - https:\/\/yoast.com\/wordpress\/plugins\/seo\/ -->\n<title>Conseils pour les syst\u00e8mes d&#039;irrigation | Rain<\/title>\n<meta name=\"description\" content=\"D\u00e9couvrez les meilleurs conseils pour les syst\u00e8mes d&#039;irrigation avec Rain. Optimisez votre arrosage gr\u00e2ce \u00e0 des conseils d&#039;experts. Rendons votre jardin parfait !\" \/>\n<meta name=\"robots\" content=\"index, follow, max-snippet:-1, max-image-preview:large, max-video-preview:-1\" \/>\n<link rel=\"canonical\" href=\"https:\/\/www.rain.it\/fr\/conseils-pratiques\/\" \/>\n<meta property=\"og:locale\" content=\"fr_FR\" \/>\n<meta property=\"og:type\" content=\"article\" \/>\n<meta property=\"og:title\" content=\"Conseils pour les syst\u00e8mes d&#039;irrigation | Rain\" \/>\n<meta property=\"og:description\" content=\"D\u00e9couvrez les meilleurs conseils pour les syst\u00e8mes d&#039;irrigation avec Rain. Optimisez votre arrosage gr\u00e2ce \u00e0 des conseils d&#039;experts. Rendons votre jardin parfait !\" \/>\n<meta property=\"og:url\" content=\"https:\/\/www.rain.it\/fr\/conseils-pratiques\/\" \/>\n<meta property=\"og:site_name\" content=\"Rain\" \/>\n<meta property=\"article:modified_time\" content=\"2024-02-23T17:27:34+00:00\" \/>\n<meta name=\"twitter:card\" content=\"summary_large_image\" \/>\n<meta name=\"twitter:label1\" content=\"Est. reading time\" \/>\n\t<meta name=\"twitter:data1\" content=\"1 minute\" \/>\n<script type=\"application\/ld+json\" class=\"yoast-schema-graph\">{\"@context\":\"https:\/\/schema.org\",\"@graph\":[{\"@type\":\"WebPage\",\"@id\":\"https:\/\/www.rain.it\/fr\/conseils-pratiques\/\",\"url\":\"https:\/\/www.rain.it\/fr\/conseils-pratiques\/\",\"name\":\"Conseils pour les syst\u00e8mes d'irrigation | Rain\",\"isPartOf\":{\"@id\":\"https:\/\/www.rain.it\/fr\/#website\"},\"datePublished\":\"2023-07-06T10:27:41+00:00\",\"dateModified\":\"2024-02-23T17:27:34+00:00\",\"description\":\"D\u00e9couvrez les meilleurs conseils pour les syst\u00e8mes d'irrigation avec Rain. Optimisez votre arrosage gr\u00e2ce \u00e0 des conseils d'experts. Rendons votre jardin parfait !\",\"breadcrumb\":{\"@id\":\"https:\/\/www.rain.it\/fr\/conseils-pratiques\/#breadcrumb\"},\"inLanguage\":\"fr-FR\",\"potentialAction\":[{\"@type\":\"ReadAction\",\"target\":[\"https:\/\/www.rain.it\/fr\/conseils-pratiques\/\"]}]},{\"@type\":\"BreadcrumbList\",\"@id\":\"https:\/\/www.rain.it\/fr\/conseils-pratiques\/#breadcrumb\",\"itemListElement\":[{\"@type\":\"ListItem\",\"position\":1,\"name\":\"Home\",\"item\":\"https:\/\/www.rain.it\/fr\/\"},{\"@type\":\"ListItem\",\"position\":2,\"name\":\"Conseils pratiques\"}]},{\"@type\":\"WebSite\",\"@id\":\"https:\/\/www.rain.it\/fr\/#website\",\"url\":\"https:\/\/www.rain.it\/fr\/\",\"name\":\"Rain\",\"description\":\"\",\"potentialAction\":[{\"@type\":\"SearchAction\",\"target\":{\"@type\":\"EntryPoint\",\"urlTemplate\":\"https:\/\/www.rain.it\/fr\/?s={search_term_string}\"},\"query-input\":\"required name=search_term_string\"}],\"inLanguage\":\"fr-FR\"}]}<\/script>\n<!-- \/ Yoast SEO plugin. -->","yoast_head_json":{"title":"Conseils pour les syst\u00e8mes d'irrigation | Rain","description":"D\u00e9couvrez les meilleurs conseils pour les syst\u00e8mes d'irrigation avec Rain. Optimisez votre arrosage gr\u00e2ce \u00e0 des conseils d'experts. Rendons votre jardin parfait !","robots":{"index":"index","follow":"follow","max-snippet":"max-snippet:-1","max-image-preview":"max-image-preview:large","max-video-preview":"max-video-preview:-1"},"canonical":"https:\/\/www.rain.it\/fr\/conseils-pratiques\/","og_locale":"fr_FR","og_type":"article","og_title":"Conseils pour les syst\u00e8mes d'irrigation | Rain","og_description":"D\u00e9couvrez les meilleurs conseils pour les syst\u00e8mes d'irrigation avec Rain. Optimisez votre arrosage gr\u00e2ce \u00e0 des conseils d'experts. Rendons votre jardin parfait !","og_url":"https:\/\/www.rain.it\/fr\/conseils-pratiques\/","og_site_name":"Rain","article_modified_time":"2024-02-23T17:27:34+00:00","twitter_card":"summary_large_image","twitter_misc":{"Est. reading time":"1 minute"},"schema":{"@context":"https:\/\/schema.org","@graph":[{"@type":"WebPage","@id":"https:\/\/www.rain.it\/fr\/conseils-pratiques\/","url":"https:\/\/www.rain.it\/fr\/conseils-pratiques\/","name":"Conseils pour les syst\u00e8mes d'irrigation | Rain","isPartOf":{"@id":"https:\/\/www.rain.it\/fr\/#website"},"datePublished":"2023-07-06T10:27:41+00:00","dateModified":"2024-02-23T17:27:34+00:00","description":"D\u00e9couvrez les meilleurs conseils pour les syst\u00e8mes d'irrigation avec Rain. Optimisez votre arrosage gr\u00e2ce \u00e0 des conseils d'experts. Rendons votre jardin parfait !","breadcrumb":{"@id":"https:\/\/www.rain.it\/fr\/conseils-pratiques\/#breadcrumb"},"inLanguage":"fr-FR","potentialAction":[{"@type":"ReadAction","target":["https:\/\/www.rain.it\/fr\/conseils-pratiques\/"]}]},{"@type":"BreadcrumbList","@id":"https:\/\/www.rain.it\/fr\/conseils-pratiques\/#breadcrumb","itemListElement":[{"@type":"ListItem","position":1,"name":"Home","item":"https:\/\/www.rain.it\/fr\/"},{"@type":"ListItem","position":2,"name":"Conseils pratiques"}]},{"@type":"WebSite","@id":"https:\/\/www.rain.it\/fr\/#website","url":"https:\/\/www.rain.it\/fr\/","name":"Rain","description":"","potentialAction":[{"@type":"SearchAction","target":{"@type":"EntryPoint","urlTemplate":"https:\/\/www.rain.it\/fr\/?s={search_term_string}"},"query-input":"required name=search_term_string"}],"inLanguage":"fr-FR"}]}},"_links":{"self":[{"href":"https:\/\/www.rain.it\/fr\/wp-json\/wp\/v2\/pages\/4691"}],"collection":[{"href":"https:\/\/www.rain.it\/fr\/wp-json\/wp\/v2\/pages"}],"about":[{"href":"https:\/\/www.rain.it\/fr\/wp-json\/wp\/v2\/types\/page"}],"author":[{"embeddable":true,"href":"https:\/\/www.rain.it\/fr\/wp-json\/wp\/v2\/users\/1"}],"replies":[{"embeddable":true,"href":"https:\/\/www.rain.it\/fr\/wp-json\/wp\/v2\/comments?post=4691"}],"version-history":[{"count":7,"href":"https:\/\/www.rain.it\/fr\/wp-json\/wp\/v2\/pages\/4691\/revisions"}],"predecessor-version":[{"id":7297,"href":"https:\/\/www.rain.it\/fr\/wp-json\/wp\/v2\/pages\/4691\/revisions\/7297"}],"wp:attachment":[{"href":"https:\/\/www.rain.it\/fr\/wp-json\/wp\/v2\/media?parent=4691"}],"curies":[{"name":"wp","href":"https:\/\/api.w.org\/{rel}","templated":true}]}}