{"id":4667,"date":"2023-09-15T09:42:51","date_gmt":"2023-09-15T07:42:51","guid":{"rendered":"https:\/\/www.rain.it\/soluzioni-in-store-per-retail\/"},"modified":"2026-04-14T12:29:53","modified_gmt":"2026-04-14T10:29:53","slug":"solutions-pour-le-commerce-de-detail","status":"publish","type":"page","link":"https:\/\/www.rain.it\/fr\/solutions-pour-le-commerce-de-detail\/","title":{"rendered":"Solutions pour le commerce de d\u00e9tail"},"content":{"rendered":"","protected":false},"excerpt":{"rendered":"","protected":false},"author":1,"featured_media":0,"parent":0,"menu_order":28,"comment_status":"closed","ping_status":"closed","template":"template-soluzioni.php","meta":[],"acf":[],"yoast_head":"<!-- This site is optimized with the Yoast SEO plugin v20.10 - https:\/\/yoast.com\/wordpress\/plugins\/seo\/ -->\n<title>Solutions pour la vente au d\u00e9tail en magasin | Rain<\/title>\n<meta name=\"description\" content=\"Optimisez la pr\u00e9sentation de votre point de vente gr\u00e2ce \u00e0 nos solutions en magasin. Affichez des planogrammes, des pr\u00e9sentoirs de sol et bien d&#039;autres choses encore pour maximiser les ventes.\" \/>\n<meta name=\"robots\" content=\"index, follow, max-snippet:-1, max-image-preview:large, max-video-preview:-1\" \/>\n<link rel=\"canonical\" href=\"https:\/\/www.rain.it\/fr\/solutions-pour-le-commerce-de-detail\/\" \/>\n<meta property=\"og:locale\" content=\"fr_FR\" \/>\n<meta property=\"og:type\" content=\"article\" \/>\n<meta property=\"og:title\" content=\"Solutions pour la vente au d\u00e9tail en magasin | Rain\" \/>\n<meta property=\"og:description\" content=\"Optimisez la pr\u00e9sentation de votre point de vente gr\u00e2ce \u00e0 nos solutions en magasin. Affichez des planogrammes, des pr\u00e9sentoirs de sol et bien d&#039;autres choses encore pour maximiser les ventes.\" \/>\n<meta property=\"og:url\" content=\"https:\/\/www.rain.it\/fr\/solutions-pour-le-commerce-de-detail\/\" \/>\n<meta property=\"og:site_name\" content=\"Rain\" \/>\n<meta property=\"article:modified_time\" content=\"2026-04-14T10:29:53+00:00\" \/>\n<meta name=\"twitter:card\" content=\"summary_large_image\" \/>\n<script type=\"application\/ld+json\" class=\"yoast-schema-graph\">{\"@context\":\"https:\/\/schema.org\",\"@graph\":[{\"@type\":\"WebPage\",\"@id\":\"https:\/\/www.rain.it\/fr\/solutions-pour-le-commerce-de-detail\/\",\"url\":\"https:\/\/www.rain.it\/fr\/solutions-pour-le-commerce-de-detail\/\",\"name\":\"Solutions pour la vente au d\u00e9tail en magasin | Rain\",\"isPartOf\":{\"@id\":\"https:\/\/www.rain.it\/fr\/#website\"},\"datePublished\":\"2023-09-15T07:42:51+00:00\",\"dateModified\":\"2026-04-14T10:29:53+00:00\",\"description\":\"Optimisez la pr\u00e9sentation de votre point de vente gr\u00e2ce \u00e0 nos solutions en magasin. Affichez des planogrammes, des pr\u00e9sentoirs de sol et bien d'autres choses encore pour maximiser les ventes.\",\"breadcrumb\":{\"@id\":\"https:\/\/www.rain.it\/fr\/solutions-pour-le-commerce-de-detail\/#breadcrumb\"},\"inLanguage\":\"fr-FR\",\"potentialAction\":[{\"@type\":\"ReadAction\",\"target\":[\"https:\/\/www.rain.it\/fr\/solutions-pour-le-commerce-de-detail\/\"]}]},{\"@type\":\"BreadcrumbList\",\"@id\":\"https:\/\/www.rain.it\/fr\/solutions-pour-le-commerce-de-detail\/#breadcrumb\",\"itemListElement\":[{\"@type\":\"ListItem\",\"position\":1,\"name\":\"Home\",\"item\":\"https:\/\/www.rain.it\/fr\/\"},{\"@type\":\"ListItem\",\"position\":2,\"name\":\"Solutions pour le commerce de d\u00e9tail\"}]},{\"@type\":\"WebSite\",\"@id\":\"https:\/\/www.rain.it\/fr\/#website\",\"url\":\"https:\/\/www.rain.it\/fr\/\",\"name\":\"Rain\",\"description\":\"\",\"potentialAction\":[{\"@type\":\"SearchAction\",\"target\":{\"@type\":\"EntryPoint\",\"urlTemplate\":\"https:\/\/www.rain.it\/fr\/?s={search_term_string}\"},\"query-input\":\"required name=search_term_string\"}],\"inLanguage\":\"fr-FR\"}]}<\/script>\n<!-- \/ Yoast SEO plugin. -->","yoast_head_json":{"title":"Solutions pour la vente au d\u00e9tail en magasin | Rain","description":"Optimisez la pr\u00e9sentation de votre point de vente gr\u00e2ce \u00e0 nos solutions en magasin. Affichez des planogrammes, des pr\u00e9sentoirs de sol et bien d'autres choses encore pour maximiser les ventes.","robots":{"index":"index","follow":"follow","max-snippet":"max-snippet:-1","max-image-preview":"max-image-preview:large","max-video-preview":"max-video-preview:-1"},"canonical":"https:\/\/www.rain.it\/fr\/solutions-pour-le-commerce-de-detail\/","og_locale":"fr_FR","og_type":"article","og_title":"Solutions pour la vente au d\u00e9tail en magasin | Rain","og_description":"Optimisez la pr\u00e9sentation de votre point de vente gr\u00e2ce \u00e0 nos solutions en magasin. Affichez des planogrammes, des pr\u00e9sentoirs de sol et bien d'autres choses encore pour maximiser les ventes.","og_url":"https:\/\/www.rain.it\/fr\/solutions-pour-le-commerce-de-detail\/","og_site_name":"Rain","article_modified_time":"2026-04-14T10:29:53+00:00","twitter_card":"summary_large_image","schema":{"@context":"https:\/\/schema.org","@graph":[{"@type":"WebPage","@id":"https:\/\/www.rain.it\/fr\/solutions-pour-le-commerce-de-detail\/","url":"https:\/\/www.rain.it\/fr\/solutions-pour-le-commerce-de-detail\/","name":"Solutions pour la vente au d\u00e9tail en magasin | Rain","isPartOf":{"@id":"https:\/\/www.rain.it\/fr\/#website"},"datePublished":"2023-09-15T07:42:51+00:00","dateModified":"2026-04-14T10:29:53+00:00","description":"Optimisez la pr\u00e9sentation de votre point de vente gr\u00e2ce \u00e0 nos solutions en magasin. Affichez des planogrammes, des pr\u00e9sentoirs de sol et bien d'autres choses encore pour maximiser les ventes.","breadcrumb":{"@id":"https:\/\/www.rain.it\/fr\/solutions-pour-le-commerce-de-detail\/#breadcrumb"},"inLanguage":"fr-FR","potentialAction":[{"@type":"ReadAction","target":["https:\/\/www.rain.it\/fr\/solutions-pour-le-commerce-de-detail\/"]}]},{"@type":"BreadcrumbList","@id":"https:\/\/www.rain.it\/fr\/solutions-pour-le-commerce-de-detail\/#breadcrumb","itemListElement":[{"@type":"ListItem","position":1,"name":"Home","item":"https:\/\/www.rain.it\/fr\/"},{"@type":"ListItem","position":2,"name":"Solutions pour le commerce de d\u00e9tail"}]},{"@type":"WebSite","@id":"https:\/\/www.rain.it\/fr\/#website","url":"https:\/\/www.rain.it\/fr\/","name":"Rain","description":"","potentialAction":[{"@type":"SearchAction","target":{"@type":"EntryPoint","urlTemplate":"https:\/\/www.rain.it\/fr\/?s={search_term_string}"},"query-input":"required name=search_term_string"}],"inLanguage":"fr-FR"}]}},"_links":{"self":[{"href":"https:\/\/www.rain.it\/fr\/wp-json\/wp\/v2\/pages\/4667"}],"collection":[{"href":"https:\/\/www.rain.it\/fr\/wp-json\/wp\/v2\/pages"}],"about":[{"href":"https:\/\/www.rain.it\/fr\/wp-json\/wp\/v2\/types\/page"}],"author":[{"embeddable":true,"href":"https:\/\/www.rain.it\/fr\/wp-json\/wp\/v2\/users\/1"}],"replies":[{"embeddable":true,"href":"https:\/\/www.rain.it\/fr\/wp-json\/wp\/v2\/comments?post=4667"}],"version-history":[{"count":9,"href":"https:\/\/www.rain.it\/fr\/wp-json\/wp\/v2\/pages\/4667\/revisions"}],"predecessor-version":[{"id":13073,"href":"https:\/\/www.rain.it\/fr\/wp-json\/wp\/v2\/pages\/4667\/revisions\/13073"}],"wp:attachment":[{"href":"https:\/\/www.rain.it\/fr\/wp-json\/wp\/v2\/media?parent=4667"}],"curies":[{"name":"wp","href":"https:\/\/api.w.org\/{rel}","templated":true}]}}