{"id":4484,"date":"2023-09-05T09:50:59","date_gmt":"2023-09-05T07:50:59","guid":{"rendered":"https:\/\/www.rain.it\/prodotti-brevettati-per-irrigazione\/pozzetto-ez-open\/"},"modified":"2025-10-24T11:55:52","modified_gmt":"2025-10-24T09:55:52","slug":"arquetas-ez-open","status":"publish","type":"page","link":"https:\/\/www.rain.it\/es\/hall-of-fame\/arquetas-ez-open\/","title":{"rendered":"Arquetas EZ-Open"},"content":{"rendered":"<p>Entre las numerosas patentes de Rain se encuentra el sistema EZ-Open para arquetas, una idea muy sencilla, pero que ha agilizado y simplificado la maniobra de apertura de las tapas de arquetas para electrov\u00e1lvulas, gracias a la incorporaci\u00f3n de una pr\u00e1ctica asa con tornillo antivand\u00e1lico.<\/p>\n","protected":false},"excerpt":{"rendered":"<p>Un sistema que agiliza y simplifica la apertura de las tapas de las electrov\u00e1lvulas, gracias a la pr\u00e1ctica manilla con tornillo antivand\u00e1lico.<\/p>\n","protected":false},"author":1,"featured_media":4485,"parent":4425,"menu_order":10,"comment_status":"closed","ping_status":"closed","template":"template-brevetti.php","meta":[],"acf":[],"yoast_head":"<!-- This site is optimized with the Yoast SEO plugin v20.10 - https:\/\/yoast.com\/wordpress\/plugins\/seo\/ -->\n<title>Arquetas EZ-Open | Rain<\/title>\n<meta name=\"description\" content=\"El sistema patentado EZ-Open de RAIN es una idea sencilla que agiliza y simplifica la maniobra de apertura.\" \/>\n<meta name=\"robots\" content=\"index, follow, max-snippet:-1, max-image-preview:large, max-video-preview:-1\" \/>\n<link rel=\"canonical\" href=\"https:\/\/www.rain.it\/es\/hall-of-fame\/arquetas-ez-open\/\" \/>\n<meta property=\"og:locale\" content=\"es_ES\" \/>\n<meta property=\"og:type\" content=\"article\" \/>\n<meta property=\"og:title\" content=\"Arquetas EZ-Open | Rain\" \/>\n<meta property=\"og:description\" content=\"El sistema patentado EZ-Open de RAIN es una idea sencilla que agiliza y simplifica la maniobra de apertura.\" \/>\n<meta property=\"og:url\" content=\"https:\/\/www.rain.it\/es\/hall-of-fame\/arquetas-ez-open\/\" \/>\n<meta property=\"og:site_name\" content=\"Rain\" \/>\n<meta property=\"article:modified_time\" content=\"2025-10-24T09:55:52+00:00\" \/>\n<meta property=\"og:image\" content=\"https:\/\/www.rain.it\/wp-content\/uploads\/pozzetto-per-manovra-di-apertura.jpg\" \/>\n\t<meta property=\"og:image:width\" content=\"1920\" \/>\n\t<meta property=\"og:image:height\" content=\"1082\" \/>\n\t<meta property=\"og:image:type\" content=\"image\/jpeg\" \/>\n<meta name=\"twitter:card\" content=\"summary_large_image\" \/>\n<meta name=\"twitter:label1\" content=\"Est. reading time\" \/>\n\t<meta name=\"twitter:data1\" content=\"1 minuto\" \/>\n<script type=\"application\/ld+json\" class=\"yoast-schema-graph\">{\"@context\":\"https:\/\/schema.org\",\"@graph\":[{\"@type\":\"WebPage\",\"@id\":\"https:\/\/www.rain.it\/es\/hall-of-fame\/arquetas-ez-open\/\",\"url\":\"https:\/\/www.rain.it\/es\/hall-of-fame\/arquetas-ez-open\/\",\"name\":\"Arquetas EZ-Open | Rain\",\"isPartOf\":{\"@id\":\"https:\/\/www.rain.it\/es\/#website\"},\"datePublished\":\"2023-09-05T07:50:59+00:00\",\"dateModified\":\"2025-10-24T09:55:52+00:00\",\"description\":\"El sistema patentado EZ-Open de RAIN es una idea sencilla que agiliza y simplifica la maniobra de apertura.\",\"breadcrumb\":{\"@id\":\"https:\/\/www.rain.it\/es\/hall-of-fame\/arquetas-ez-open\/#breadcrumb\"},\"inLanguage\":\"es\",\"potentialAction\":[{\"@type\":\"ReadAction\",\"target\":[\"https:\/\/www.rain.it\/es\/hall-of-fame\/arquetas-ez-open\/\"]}]},{\"@type\":\"BreadcrumbList\",\"@id\":\"https:\/\/www.rain.it\/es\/hall-of-fame\/arquetas-ez-open\/#breadcrumb\",\"itemListElement\":[{\"@type\":\"ListItem\",\"position\":1,\"name\":\"Home\",\"item\":\"https:\/\/www.rain.it\/es\/\"},{\"@type\":\"ListItem\",\"position\":2,\"name\":\"Hall of fame\",\"item\":\"https:\/\/www.rain.it\/es\/hall-of-fame\/\"},{\"@type\":\"ListItem\",\"position\":3,\"name\":\"Arquetas EZ-Open\"}]},{\"@type\":\"WebSite\",\"@id\":\"https:\/\/www.rain.it\/es\/#website\",\"url\":\"https:\/\/www.rain.it\/es\/\",\"name\":\"Rain\",\"description\":\"\",\"potentialAction\":[{\"@type\":\"SearchAction\",\"target\":{\"@type\":\"EntryPoint\",\"urlTemplate\":\"https:\/\/www.rain.it\/es\/?s={search_term_string}\"},\"query-input\":\"required name=search_term_string\"}],\"inLanguage\":\"es\"}]}<\/script>\n<!-- \/ Yoast SEO plugin. -->","yoast_head_json":{"title":"Arquetas EZ-Open | Rain","description":"El sistema patentado EZ-Open de RAIN es una idea sencilla que agiliza y simplifica la maniobra de apertura.","robots":{"index":"index","follow":"follow","max-snippet":"max-snippet:-1","max-image-preview":"max-image-preview:large","max-video-preview":"max-video-preview:-1"},"canonical":"https:\/\/www.rain.it\/es\/hall-of-fame\/arquetas-ez-open\/","og_locale":"es_ES","og_type":"article","og_title":"Arquetas EZ-Open | Rain","og_description":"El sistema patentado EZ-Open de RAIN es una idea sencilla que agiliza y simplifica la maniobra de apertura.","og_url":"https:\/\/www.rain.it\/es\/hall-of-fame\/arquetas-ez-open\/","og_site_name":"Rain","article_modified_time":"2025-10-24T09:55:52+00:00","og_image":[{"width":1920,"height":1082,"url":"https:\/\/www.rain.it\/wp-content\/uploads\/pozzetto-per-manovra-di-apertura.jpg","type":"image\/jpeg"}],"twitter_card":"summary_large_image","twitter_misc":{"Est. reading time":"1 minuto"},"schema":{"@context":"https:\/\/schema.org","@graph":[{"@type":"WebPage","@id":"https:\/\/www.rain.it\/es\/hall-of-fame\/arquetas-ez-open\/","url":"https:\/\/www.rain.it\/es\/hall-of-fame\/arquetas-ez-open\/","name":"Arquetas EZ-Open | Rain","isPartOf":{"@id":"https:\/\/www.rain.it\/es\/#website"},"datePublished":"2023-09-05T07:50:59+00:00","dateModified":"2025-10-24T09:55:52+00:00","description":"El sistema patentado EZ-Open de RAIN es una idea sencilla que agiliza y simplifica la maniobra de apertura.","breadcrumb":{"@id":"https:\/\/www.rain.it\/es\/hall-of-fame\/arquetas-ez-open\/#breadcrumb"},"inLanguage":"es","potentialAction":[{"@type":"ReadAction","target":["https:\/\/www.rain.it\/es\/hall-of-fame\/arquetas-ez-open\/"]}]},{"@type":"BreadcrumbList","@id":"https:\/\/www.rain.it\/es\/hall-of-fame\/arquetas-ez-open\/#breadcrumb","itemListElement":[{"@type":"ListItem","position":1,"name":"Home","item":"https:\/\/www.rain.it\/es\/"},{"@type":"ListItem","position":2,"name":"Hall of fame","item":"https:\/\/www.rain.it\/es\/hall-of-fame\/"},{"@type":"ListItem","position":3,"name":"Arquetas EZ-Open"}]},{"@type":"WebSite","@id":"https:\/\/www.rain.it\/es\/#website","url":"https:\/\/www.rain.it\/es\/","name":"Rain","description":"","potentialAction":[{"@type":"SearchAction","target":{"@type":"EntryPoint","urlTemplate":"https:\/\/www.rain.it\/es\/?s={search_term_string}"},"query-input":"required name=search_term_string"}],"inLanguage":"es"}]}},"_links":{"self":[{"href":"https:\/\/www.rain.it\/es\/wp-json\/wp\/v2\/pages\/4484"}],"collection":[{"href":"https:\/\/www.rain.it\/es\/wp-json\/wp\/v2\/pages"}],"about":[{"href":"https:\/\/www.rain.it\/es\/wp-json\/wp\/v2\/types\/page"}],"author":[{"embeddable":true,"href":"https:\/\/www.rain.it\/es\/wp-json\/wp\/v2\/users\/1"}],"replies":[{"embeddable":true,"href":"https:\/\/www.rain.it\/es\/wp-json\/wp\/v2\/comments?post=4484"}],"version-history":[{"count":7,"href":"https:\/\/www.rain.it\/es\/wp-json\/wp\/v2\/pages\/4484\/revisions"}],"predecessor-version":[{"id":11280,"href":"https:\/\/www.rain.it\/es\/wp-json\/wp\/v2\/pages\/4484\/revisions\/11280"}],"up":[{"embeddable":true,"href":"https:\/\/www.rain.it\/es\/wp-json\/wp\/v2\/pages\/4425"}],"wp:featuredmedia":[{"embeddable":true,"href":"https:\/\/www.rain.it\/es\/wp-json\/wp\/v2\/media\/4485"}],"wp:attachment":[{"href":"https:\/\/www.rain.it\/es\/wp-json\/wp\/v2\/media?parent=4484"}],"curies":[{"name":"wp","href":"https:\/\/api.w.org\/{rel}","templated":true}]}}