{"id":4458,"date":"2023-09-05T09:49:56","date_gmt":"2023-09-05T07:49:56","guid":{"rendered":"https:\/\/www.rain.it\/prodotti-brevettati-per-irrigazione\/turbina-vision\/"},"modified":"2024-02-09T14:29:41","modified_gmt":"2024-02-09T13:29:41","slug":"turbina-vision-rain","status":"publish","type":"page","link":"https:\/\/www.rain.it\/es\/hall-of-fame\/turbina-vision-rain\/","title":{"rendered":"Turbina"},"content":{"rendered":"<p>La valorizaci\u00f3n de los recursos siempre ha sido un concepto muy presente en Rain. Turbina Vision naci\u00f3 precisamente de esta misi\u00f3n: aprovechar el agua que fluye por el sistema de riego para transformarla en energ\u00eda limpia capaz de alimentar las bater\u00edas de litio recargables de los programadores de Rain.<\/p>\n","protected":false},"excerpt":{"rendered":"<p>Utiliza el agua que fluye por el sistema de riego para transformarla en energ\u00eda limpia que alimenta las bater\u00edas de litio recargables de los programadores Rain.<\/p>\n","protected":false},"author":1,"featured_media":4460,"parent":4425,"menu_order":7,"comment_status":"closed","ping_status":"closed","template":"template-brevetti.php","meta":[],"acf":[],"yoast_head":"<!-- This site is optimized with the Yoast SEO plugin v20.10 - https:\/\/yoast.com\/wordpress\/plugins\/seo\/ -->\n<title>Turbina | Rain<\/title>\n<meta name=\"robots\" content=\"index, follow, max-snippet:-1, max-image-preview:large, max-video-preview:-1\" \/>\n<link rel=\"canonical\" href=\"https:\/\/www.rain.it\/es\/hall-of-fame\/turbina-vision-rain\/\" \/>\n<meta property=\"og:locale\" content=\"es_ES\" \/>\n<meta property=\"og:type\" content=\"article\" \/>\n<meta property=\"og:title\" content=\"Turbina | Rain\" \/>\n<meta property=\"og:description\" content=\"Utiliza el agua que fluye por el sistema de riego para transformarla en energ\u00eda limpia que alimenta las bater\u00edas de litio recargables de los programadores Rain.\" \/>\n<meta property=\"og:url\" content=\"https:\/\/www.rain.it\/es\/hall-of-fame\/turbina-vision-rain\/\" \/>\n<meta property=\"og:site_name\" content=\"Rain\" \/>\n<meta property=\"article:modified_time\" content=\"2024-02-09T13:29:41+00:00\" \/>\n<meta property=\"og:image\" content=\"https:\/\/www.rain.it\/wp-content\/uploads\/rain-vision-system-turbina-irrigazione.jpg\" \/>\n\t<meta property=\"og:image:width\" content=\"1920\" \/>\n\t<meta property=\"og:image:height\" content=\"1080\" \/>\n\t<meta property=\"og:image:type\" content=\"image\/jpeg\" \/>\n<meta name=\"twitter:card\" content=\"summary_large_image\" \/>\n<meta name=\"twitter:label1\" content=\"Est. reading time\" \/>\n\t<meta name=\"twitter:data1\" content=\"1 minuto\" \/>\n<script type=\"application\/ld+json\" class=\"yoast-schema-graph\">{\"@context\":\"https:\/\/schema.org\",\"@graph\":[{\"@type\":\"WebPage\",\"@id\":\"https:\/\/www.rain.it\/es\/hall-of-fame\/turbina-vision-rain\/\",\"url\":\"https:\/\/www.rain.it\/es\/hall-of-fame\/turbina-vision-rain\/\",\"name\":\"Turbina | Rain\",\"isPartOf\":{\"@id\":\"https:\/\/www.rain.it\/es\/#website\"},\"datePublished\":\"2023-09-05T07:49:56+00:00\",\"dateModified\":\"2024-02-09T13:29:41+00:00\",\"breadcrumb\":{\"@id\":\"https:\/\/www.rain.it\/es\/hall-of-fame\/turbina-vision-rain\/#breadcrumb\"},\"inLanguage\":\"es\",\"potentialAction\":[{\"@type\":\"ReadAction\",\"target\":[\"https:\/\/www.rain.it\/es\/hall-of-fame\/turbina-vision-rain\/\"]}]},{\"@type\":\"BreadcrumbList\",\"@id\":\"https:\/\/www.rain.it\/es\/hall-of-fame\/turbina-vision-rain\/#breadcrumb\",\"itemListElement\":[{\"@type\":\"ListItem\",\"position\":1,\"name\":\"Home\",\"item\":\"https:\/\/www.rain.it\/es\/\"},{\"@type\":\"ListItem\",\"position\":2,\"name\":\"Hall of fame\",\"item\":\"https:\/\/www.rain.it\/es\/hall-of-fame\/\"},{\"@type\":\"ListItem\",\"position\":3,\"name\":\"Turbina\"}]},{\"@type\":\"WebSite\",\"@id\":\"https:\/\/www.rain.it\/es\/#website\",\"url\":\"https:\/\/www.rain.it\/es\/\",\"name\":\"Rain\",\"description\":\"\",\"potentialAction\":[{\"@type\":\"SearchAction\",\"target\":{\"@type\":\"EntryPoint\",\"urlTemplate\":\"https:\/\/www.rain.it\/es\/?s={search_term_string}\"},\"query-input\":\"required name=search_term_string\"}],\"inLanguage\":\"es\"}]}<\/script>\n<!-- \/ Yoast SEO plugin. -->","yoast_head_json":{"title":"Turbina | Rain","robots":{"index":"index","follow":"follow","max-snippet":"max-snippet:-1","max-image-preview":"max-image-preview:large","max-video-preview":"max-video-preview:-1"},"canonical":"https:\/\/www.rain.it\/es\/hall-of-fame\/turbina-vision-rain\/","og_locale":"es_ES","og_type":"article","og_title":"Turbina | Rain","og_description":"Utiliza el agua que fluye por el sistema de riego para transformarla en energ\u00eda limpia que alimenta las bater\u00edas de litio recargables de los programadores Rain.","og_url":"https:\/\/www.rain.it\/es\/hall-of-fame\/turbina-vision-rain\/","og_site_name":"Rain","article_modified_time":"2024-02-09T13:29:41+00:00","og_image":[{"width":1920,"height":1080,"url":"https:\/\/www.rain.it\/wp-content\/uploads\/rain-vision-system-turbina-irrigazione.jpg","type":"image\/jpeg"}],"twitter_card":"summary_large_image","twitter_misc":{"Est. reading time":"1 minuto"},"schema":{"@context":"https:\/\/schema.org","@graph":[{"@type":"WebPage","@id":"https:\/\/www.rain.it\/es\/hall-of-fame\/turbina-vision-rain\/","url":"https:\/\/www.rain.it\/es\/hall-of-fame\/turbina-vision-rain\/","name":"Turbina | Rain","isPartOf":{"@id":"https:\/\/www.rain.it\/es\/#website"},"datePublished":"2023-09-05T07:49:56+00:00","dateModified":"2024-02-09T13:29:41+00:00","breadcrumb":{"@id":"https:\/\/www.rain.it\/es\/hall-of-fame\/turbina-vision-rain\/#breadcrumb"},"inLanguage":"es","potentialAction":[{"@type":"ReadAction","target":["https:\/\/www.rain.it\/es\/hall-of-fame\/turbina-vision-rain\/"]}]},{"@type":"BreadcrumbList","@id":"https:\/\/www.rain.it\/es\/hall-of-fame\/turbina-vision-rain\/#breadcrumb","itemListElement":[{"@type":"ListItem","position":1,"name":"Home","item":"https:\/\/www.rain.it\/es\/"},{"@type":"ListItem","position":2,"name":"Hall of fame","item":"https:\/\/www.rain.it\/es\/hall-of-fame\/"},{"@type":"ListItem","position":3,"name":"Turbina"}]},{"@type":"WebSite","@id":"https:\/\/www.rain.it\/es\/#website","url":"https:\/\/www.rain.it\/es\/","name":"Rain","description":"","potentialAction":[{"@type":"SearchAction","target":{"@type":"EntryPoint","urlTemplate":"https:\/\/www.rain.it\/es\/?s={search_term_string}"},"query-input":"required name=search_term_string"}],"inLanguage":"es"}]}},"_links":{"self":[{"href":"https:\/\/www.rain.it\/es\/wp-json\/wp\/v2\/pages\/4458"}],"collection":[{"href":"https:\/\/www.rain.it\/es\/wp-json\/wp\/v2\/pages"}],"about":[{"href":"https:\/\/www.rain.it\/es\/wp-json\/wp\/v2\/types\/page"}],"author":[{"embeddable":true,"href":"https:\/\/www.rain.it\/es\/wp-json\/wp\/v2\/users\/1"}],"replies":[{"embeddable":true,"href":"https:\/\/www.rain.it\/es\/wp-json\/wp\/v2\/comments?post=4458"}],"version-history":[{"count":3,"href":"https:\/\/www.rain.it\/es\/wp-json\/wp\/v2\/pages\/4458\/revisions"}],"predecessor-version":[{"id":6662,"href":"https:\/\/www.rain.it\/es\/wp-json\/wp\/v2\/pages\/4458\/revisions\/6662"}],"up":[{"embeddable":true,"href":"https:\/\/www.rain.it\/es\/wp-json\/wp\/v2\/pages\/4425"}],"wp:featuredmedia":[{"embeddable":true,"href":"https:\/\/www.rain.it\/es\/wp-json\/wp\/v2\/media\/4460"}],"wp:attachment":[{"href":"https:\/\/www.rain.it\/es\/wp-json\/wp\/v2\/media?parent=4458"}],"curies":[{"name":"wp","href":"https:\/\/api.w.org\/{rel}","templated":true}]}}