{"id":4425,"date":"2023-09-05T09:47:38","date_gmt":"2023-09-05T07:47:38","guid":{"rendered":"https:\/\/www.rain.it\/prodotti-brevettati-per-irrigazione\/"},"modified":"2025-07-22T10:09:15","modified_gmt":"2025-07-22T08:09:15","slug":"hall-of-fame","status":"publish","type":"page","link":"https:\/\/www.rain.it\/es\/hall-of-fame\/","title":{"rendered":"Hall of fame"},"content":{"rendered":"<p>Desde 1968, a\u00f1o en que nuestro fundador invent\u00f3 el ya legendario programador electromec\u00e1nico bautizado como Pioggiatore, son numerosas las patentes de productos, componentes y soluciones de riego registradas por Rain. No es casualidad que dise\u00f1emos y fabriquemos los mejores productos que explotan las soluciones t\u00e9cnicas m\u00e1s innovadoras y creativas: ya sean electrov\u00e1lvulas, programadores, arquetas o accesorios.<\/p>\n","protected":false},"excerpt":{"rendered":"<p>Desde 1968, a\u00f1o en que nuestro fundador invent\u00f3 el ya legendario programador electromec\u00e1nico bautizado como Pioggiatore, son numerosas las patentes de productos, componentes y soluciones de riego registradas por Rain. No es casualidad que dise\u00f1emos y fabriquemos los mejores productos que explotan las soluciones t\u00e9cnicas m\u00e1s innovadoras y creativas: ya sean electrov\u00e1lvulas, programadores, arquetas o &hellip; <a href=\"https:\/\/www.rain.it\/es\/hall-of-fame\/\">Continued<\/a><\/p>\n","protected":false},"author":1,"featured_media":0,"parent":0,"menu_order":5,"comment_status":"closed","ping_status":"closed","template":"template-hall-of-fame.php","meta":[],"acf":[],"yoast_head":"<!-- This site is optimized with the Yoast SEO plugin v20.10 - https:\/\/yoast.com\/wordpress\/plugins\/seo\/ -->\n<title>Hall of fame | Rain<\/title>\n<meta name=\"description\" content=\"Descubra los productos de riego patentados de Rain. Utilice la innovaci\u00f3n de nuestros productos para conseguir resultados superiores en su sistema de riego.\" \/>\n<meta name=\"robots\" content=\"index, follow, max-snippet:-1, max-image-preview:large, max-video-preview:-1\" \/>\n<link rel=\"canonical\" href=\"https:\/\/www.rain.it\/es\/hall-of-fame\/\" \/>\n<meta property=\"og:locale\" content=\"es_ES\" \/>\n<meta property=\"og:type\" content=\"article\" \/>\n<meta property=\"og:title\" content=\"Hall of fame | Rain\" \/>\n<meta property=\"og:description\" content=\"Descubra los productos de riego patentados de Rain. Utilice la innovaci\u00f3n de nuestros productos para conseguir resultados superiores en su sistema de riego.\" \/>\n<meta property=\"og:url\" content=\"https:\/\/www.rain.it\/es\/hall-of-fame\/\" \/>\n<meta property=\"og:site_name\" content=\"Rain\" \/>\n<meta property=\"article:modified_time\" content=\"2025-07-22T08:09:15+00:00\" \/>\n<meta name=\"twitter:card\" content=\"summary_large_image\" \/>\n<meta name=\"twitter:label1\" content=\"Est. reading time\" \/>\n\t<meta name=\"twitter:data1\" content=\"1 minuto\" \/>\n<script type=\"application\/ld+json\" class=\"yoast-schema-graph\">{\"@context\":\"https:\/\/schema.org\",\"@graph\":[{\"@type\":\"WebPage\",\"@id\":\"https:\/\/www.rain.it\/es\/hall-of-fame\/\",\"url\":\"https:\/\/www.rain.it\/es\/hall-of-fame\/\",\"name\":\"Hall of fame | Rain\",\"isPartOf\":{\"@id\":\"https:\/\/www.rain.it\/es\/#website\"},\"datePublished\":\"2023-09-05T07:47:38+00:00\",\"dateModified\":\"2025-07-22T08:09:15+00:00\",\"description\":\"Descubra los productos de riego patentados de Rain. Utilice la innovaci\u00f3n de nuestros productos para conseguir resultados superiores en su sistema de riego.\",\"breadcrumb\":{\"@id\":\"https:\/\/www.rain.it\/es\/hall-of-fame\/#breadcrumb\"},\"inLanguage\":\"es\",\"potentialAction\":[{\"@type\":\"ReadAction\",\"target\":[\"https:\/\/www.rain.it\/es\/hall-of-fame\/\"]}]},{\"@type\":\"BreadcrumbList\",\"@id\":\"https:\/\/www.rain.it\/es\/hall-of-fame\/#breadcrumb\",\"itemListElement\":[{\"@type\":\"ListItem\",\"position\":1,\"name\":\"Home\",\"item\":\"https:\/\/www.rain.it\/es\/\"},{\"@type\":\"ListItem\",\"position\":2,\"name\":\"Hall of fame\"}]},{\"@type\":\"WebSite\",\"@id\":\"https:\/\/www.rain.it\/es\/#website\",\"url\":\"https:\/\/www.rain.it\/es\/\",\"name\":\"Rain\",\"description\":\"\",\"potentialAction\":[{\"@type\":\"SearchAction\",\"target\":{\"@type\":\"EntryPoint\",\"urlTemplate\":\"https:\/\/www.rain.it\/es\/?s={search_term_string}\"},\"query-input\":\"required name=search_term_string\"}],\"inLanguage\":\"es\"}]}<\/script>\n<!-- \/ Yoast SEO plugin. -->","yoast_head_json":{"title":"Hall of fame | Rain","description":"Descubra los productos de riego patentados de Rain. Utilice la innovaci\u00f3n de nuestros productos para conseguir resultados superiores en su sistema de riego.","robots":{"index":"index","follow":"follow","max-snippet":"max-snippet:-1","max-image-preview":"max-image-preview:large","max-video-preview":"max-video-preview:-1"},"canonical":"https:\/\/www.rain.it\/es\/hall-of-fame\/","og_locale":"es_ES","og_type":"article","og_title":"Hall of fame | Rain","og_description":"Descubra los productos de riego patentados de Rain. Utilice la innovaci\u00f3n de nuestros productos para conseguir resultados superiores en su sistema de riego.","og_url":"https:\/\/www.rain.it\/es\/hall-of-fame\/","og_site_name":"Rain","article_modified_time":"2025-07-22T08:09:15+00:00","twitter_card":"summary_large_image","twitter_misc":{"Est. reading time":"1 minuto"},"schema":{"@context":"https:\/\/schema.org","@graph":[{"@type":"WebPage","@id":"https:\/\/www.rain.it\/es\/hall-of-fame\/","url":"https:\/\/www.rain.it\/es\/hall-of-fame\/","name":"Hall of fame | Rain","isPartOf":{"@id":"https:\/\/www.rain.it\/es\/#website"},"datePublished":"2023-09-05T07:47:38+00:00","dateModified":"2025-07-22T08:09:15+00:00","description":"Descubra los productos de riego patentados de Rain. Utilice la innovaci\u00f3n de nuestros productos para conseguir resultados superiores en su sistema de riego.","breadcrumb":{"@id":"https:\/\/www.rain.it\/es\/hall-of-fame\/#breadcrumb"},"inLanguage":"es","potentialAction":[{"@type":"ReadAction","target":["https:\/\/www.rain.it\/es\/hall-of-fame\/"]}]},{"@type":"BreadcrumbList","@id":"https:\/\/www.rain.it\/es\/hall-of-fame\/#breadcrumb","itemListElement":[{"@type":"ListItem","position":1,"name":"Home","item":"https:\/\/www.rain.it\/es\/"},{"@type":"ListItem","position":2,"name":"Hall of fame"}]},{"@type":"WebSite","@id":"https:\/\/www.rain.it\/es\/#website","url":"https:\/\/www.rain.it\/es\/","name":"Rain","description":"","potentialAction":[{"@type":"SearchAction","target":{"@type":"EntryPoint","urlTemplate":"https:\/\/www.rain.it\/es\/?s={search_term_string}"},"query-input":"required name=search_term_string"}],"inLanguage":"es"}]}},"_links":{"self":[{"href":"https:\/\/www.rain.it\/es\/wp-json\/wp\/v2\/pages\/4425"}],"collection":[{"href":"https:\/\/www.rain.it\/es\/wp-json\/wp\/v2\/pages"}],"about":[{"href":"https:\/\/www.rain.it\/es\/wp-json\/wp\/v2\/types\/page"}],"author":[{"embeddable":true,"href":"https:\/\/www.rain.it\/es\/wp-json\/wp\/v2\/users\/1"}],"replies":[{"embeddable":true,"href":"https:\/\/www.rain.it\/es\/wp-json\/wp\/v2\/comments?post=4425"}],"version-history":[{"count":7,"href":"https:\/\/www.rain.it\/es\/wp-json\/wp\/v2\/pages\/4425\/revisions"}],"predecessor-version":[{"id":10644,"href":"https:\/\/www.rain.it\/es\/wp-json\/wp\/v2\/pages\/4425\/revisions\/10644"}],"wp:attachment":[{"href":"https:\/\/www.rain.it\/es\/wp-json\/wp\/v2\/media?parent=4425"}],"curies":[{"name":"wp","href":"https:\/\/api.w.org\/{rel}","templated":true}]}}