{"id":4409,"date":"2023-09-13T11:37:07","date_gmt":"2023-09-13T09:37:07","guid":{"rendered":"https:\/\/www.rain.it\/novita-prodotti-impianti-irrigazione\/"},"modified":"2024-02-09T13:33:27","modified_gmt":"2024-02-09T12:33:27","slug":"nuevos-productos","status":"publish","type":"page","link":"https:\/\/www.rain.it\/es\/nuevos-productos\/","title":{"rendered":"Nuevos productos"},"content":{"rendered":"<p>Lanzamiento de un nuevo producto, presentaci\u00f3n de toda una gama o incluso una simple actualizaci\u00f3n t\u00e9cnica de uno de nuestros productos existentes: en esta secci\u00f3n encontrar\u00e1s las \u00faltimas noticias y actualizaciones sobre nuestros productos de riego y consejos pr\u00e1cticos sobre c\u00f3mo utilizarlos de la mejor manera posible.<\/p>\n","protected":false},"excerpt":{"rendered":"<p>Lanzamiento de un nuevo producto, presentaci\u00f3n de toda una gama o incluso una simple actualizaci\u00f3n t\u00e9cnica de uno de nuestros productos existentes: en esta secci\u00f3n encontrar\u00e1s las \u00faltimas noticias y actualizaciones sobre nuestros productos de riego y consejos pr\u00e1cticos sobre c\u00f3mo utilizarlos de la mejor manera posible.<\/p>\n","protected":false},"author":1,"featured_media":0,"parent":0,"menu_order":14,"comment_status":"closed","ping_status":"closed","template":"template-novita-prodotti.php","meta":[],"acf":[],"yoast_head":"<!-- This site is optimized with the Yoast SEO plugin v20.10 - https:\/\/yoast.com\/wordpress\/plugins\/seo\/ -->\n<title>Nuevos productos para sistemas de riego | Rain<\/title>\n<meta name=\"description\" content=\"Descubra los \u00faltimos productos para sistemas de riego de Rain: soluciones para mejorar la eficacia y la comodidad de su sistema de riego.\" \/>\n<meta name=\"robots\" content=\"index, follow, max-snippet:-1, max-image-preview:large, max-video-preview:-1\" \/>\n<link rel=\"canonical\" href=\"https:\/\/www.rain.it\/es\/nuevos-productos\/\" \/>\n<meta property=\"og:locale\" content=\"es_ES\" \/>\n<meta property=\"og:type\" content=\"article\" \/>\n<meta property=\"og:title\" content=\"Nuevos productos para sistemas de riego | Rain\" \/>\n<meta property=\"og:description\" content=\"Descubra los \u00faltimos productos para sistemas de riego de Rain: soluciones para mejorar la eficacia y la comodidad de su sistema de riego.\" \/>\n<meta property=\"og:url\" content=\"https:\/\/www.rain.it\/es\/nuevos-productos\/\" \/>\n<meta property=\"og:site_name\" content=\"Rain\" \/>\n<meta property=\"article:modified_time\" content=\"2024-02-09T12:33:27+00:00\" \/>\n<meta name=\"twitter:card\" content=\"summary_large_image\" \/>\n<meta name=\"twitter:label1\" content=\"Est. reading time\" \/>\n\t<meta name=\"twitter:data1\" content=\"1 minuto\" \/>\n<script type=\"application\/ld+json\" class=\"yoast-schema-graph\">{\"@context\":\"https:\/\/schema.org\",\"@graph\":[{\"@type\":\"WebPage\",\"@id\":\"https:\/\/www.rain.it\/es\/nuevos-productos\/\",\"url\":\"https:\/\/www.rain.it\/es\/nuevos-productos\/\",\"name\":\"Nuevos productos para sistemas de riego | Rain\",\"isPartOf\":{\"@id\":\"https:\/\/www.rain.it\/es\/#website\"},\"datePublished\":\"2023-09-13T09:37:07+00:00\",\"dateModified\":\"2024-02-09T12:33:27+00:00\",\"description\":\"Descubra los \u00faltimos productos para sistemas de riego de Rain: soluciones para mejorar la eficacia y la comodidad de su sistema de riego.\",\"breadcrumb\":{\"@id\":\"https:\/\/www.rain.it\/es\/nuevos-productos\/#breadcrumb\"},\"inLanguage\":\"es\",\"potentialAction\":[{\"@type\":\"ReadAction\",\"target\":[\"https:\/\/www.rain.it\/es\/nuevos-productos\/\"]}]},{\"@type\":\"BreadcrumbList\",\"@id\":\"https:\/\/www.rain.it\/es\/nuevos-productos\/#breadcrumb\",\"itemListElement\":[{\"@type\":\"ListItem\",\"position\":1,\"name\":\"Home\",\"item\":\"https:\/\/www.rain.it\/es\/\"},{\"@type\":\"ListItem\",\"position\":2,\"name\":\"Nuevos productos\"}]},{\"@type\":\"WebSite\",\"@id\":\"https:\/\/www.rain.it\/es\/#website\",\"url\":\"https:\/\/www.rain.it\/es\/\",\"name\":\"Rain\",\"description\":\"\",\"potentialAction\":[{\"@type\":\"SearchAction\",\"target\":{\"@type\":\"EntryPoint\",\"urlTemplate\":\"https:\/\/www.rain.it\/es\/?s={search_term_string}\"},\"query-input\":\"required name=search_term_string\"}],\"inLanguage\":\"es\"}]}<\/script>\n<!-- \/ Yoast SEO plugin. -->","yoast_head_json":{"title":"Nuevos productos para sistemas de riego | Rain","description":"Descubra los \u00faltimos productos para sistemas de riego de Rain: soluciones para mejorar la eficacia y la comodidad de su sistema de riego.","robots":{"index":"index","follow":"follow","max-snippet":"max-snippet:-1","max-image-preview":"max-image-preview:large","max-video-preview":"max-video-preview:-1"},"canonical":"https:\/\/www.rain.it\/es\/nuevos-productos\/","og_locale":"es_ES","og_type":"article","og_title":"Nuevos productos para sistemas de riego | Rain","og_description":"Descubra los \u00faltimos productos para sistemas de riego de Rain: soluciones para mejorar la eficacia y la comodidad de su sistema de riego.","og_url":"https:\/\/www.rain.it\/es\/nuevos-productos\/","og_site_name":"Rain","article_modified_time":"2024-02-09T12:33:27+00:00","twitter_card":"summary_large_image","twitter_misc":{"Est. reading time":"1 minuto"},"schema":{"@context":"https:\/\/schema.org","@graph":[{"@type":"WebPage","@id":"https:\/\/www.rain.it\/es\/nuevos-productos\/","url":"https:\/\/www.rain.it\/es\/nuevos-productos\/","name":"Nuevos productos para sistemas de riego | Rain","isPartOf":{"@id":"https:\/\/www.rain.it\/es\/#website"},"datePublished":"2023-09-13T09:37:07+00:00","dateModified":"2024-02-09T12:33:27+00:00","description":"Descubra los \u00faltimos productos para sistemas de riego de Rain: soluciones para mejorar la eficacia y la comodidad de su sistema de riego.","breadcrumb":{"@id":"https:\/\/www.rain.it\/es\/nuevos-productos\/#breadcrumb"},"inLanguage":"es","potentialAction":[{"@type":"ReadAction","target":["https:\/\/www.rain.it\/es\/nuevos-productos\/"]}]},{"@type":"BreadcrumbList","@id":"https:\/\/www.rain.it\/es\/nuevos-productos\/#breadcrumb","itemListElement":[{"@type":"ListItem","position":1,"name":"Home","item":"https:\/\/www.rain.it\/es\/"},{"@type":"ListItem","position":2,"name":"Nuevos productos"}]},{"@type":"WebSite","@id":"https:\/\/www.rain.it\/es\/#website","url":"https:\/\/www.rain.it\/es\/","name":"Rain","description":"","potentialAction":[{"@type":"SearchAction","target":{"@type":"EntryPoint","urlTemplate":"https:\/\/www.rain.it\/es\/?s={search_term_string}"},"query-input":"required name=search_term_string"}],"inLanguage":"es"}]}},"_links":{"self":[{"href":"https:\/\/www.rain.it\/es\/wp-json\/wp\/v2\/pages\/4409"}],"collection":[{"href":"https:\/\/www.rain.it\/es\/wp-json\/wp\/v2\/pages"}],"about":[{"href":"https:\/\/www.rain.it\/es\/wp-json\/wp\/v2\/types\/page"}],"author":[{"embeddable":true,"href":"https:\/\/www.rain.it\/es\/wp-json\/wp\/v2\/users\/1"}],"replies":[{"embeddable":true,"href":"https:\/\/www.rain.it\/es\/wp-json\/wp\/v2\/comments?post=4409"}],"version-history":[{"count":4,"href":"https:\/\/www.rain.it\/es\/wp-json\/wp\/v2\/pages\/4409\/revisions"}],"predecessor-version":[{"id":7162,"href":"https:\/\/www.rain.it\/es\/wp-json\/wp\/v2\/pages\/4409\/revisions\/7162"}],"wp:attachment":[{"href":"https:\/\/www.rain.it\/es\/wp-json\/wp\/v2\/media?parent=4409"}],"curies":[{"name":"wp","href":"https:\/\/api.w.org\/{rel}","templated":true}]}}