{"id":4385,"date":"2023-09-11T16:09:45","date_gmt":"2023-09-11T14:09:45","guid":{"rendered":"https:\/\/www.rain.it\/sistemi-di-irrigazione-prato-residenziale\/"},"modified":"2024-02-09T12:49:21","modified_gmt":"2024-02-09T11:49:21","slug":"prado","status":"publish","type":"page","link":"https:\/\/www.rain.it\/es\/prado\/","title":{"rendered":"Prado"},"content":{"rendered":"","protected":false},"excerpt":{"rendered":"","protected":false},"author":1,"featured_media":0,"parent":0,"menu_order":15,"comment_status":"closed","ping_status":"closed","template":"template-privati.php","meta":[],"acf":[],"yoast_head":"<!-- This site is optimized with the Yoast SEO plugin v20.10 - https:\/\/yoast.com\/wordpress\/plugins\/seo\/ -->\n<title>Sistemas residenciales de riego de c\u00e9sped | Rain<\/title>\n<meta name=\"description\" content=\"Encuentre el m\u00e1ximo confort para su c\u00e9sped residencial con nuestros eficaces sistemas de riego por lluvia. Garantice siempre un verdor perfecto.\" \/>\n<meta name=\"robots\" content=\"index, follow, max-snippet:-1, max-image-preview:large, max-video-preview:-1\" \/>\n<link rel=\"canonical\" href=\"https:\/\/www.rain.it\/es\/prado\/\" \/>\n<meta property=\"og:locale\" content=\"es_ES\" \/>\n<meta property=\"og:type\" content=\"article\" \/>\n<meta property=\"og:title\" content=\"Sistemas residenciales de riego de c\u00e9sped | Rain\" \/>\n<meta property=\"og:description\" content=\"Encuentre el m\u00e1ximo confort para su c\u00e9sped residencial con nuestros eficaces sistemas de riego por lluvia. Garantice siempre un verdor perfecto.\" \/>\n<meta property=\"og:url\" content=\"https:\/\/www.rain.it\/es\/prado\/\" \/>\n<meta property=\"og:site_name\" content=\"Rain\" \/>\n<meta property=\"article:modified_time\" content=\"2024-02-09T11:49:21+00:00\" \/>\n<meta name=\"twitter:card\" content=\"summary_large_image\" \/>\n<script type=\"application\/ld+json\" class=\"yoast-schema-graph\">{\"@context\":\"https:\/\/schema.org\",\"@graph\":[{\"@type\":\"WebPage\",\"@id\":\"https:\/\/www.rain.it\/es\/prado\/\",\"url\":\"https:\/\/www.rain.it\/es\/prado\/\",\"name\":\"Sistemas residenciales de riego de c\u00e9sped | Rain\",\"isPartOf\":{\"@id\":\"https:\/\/www.rain.it\/es\/#website\"},\"datePublished\":\"2023-09-11T14:09:45+00:00\",\"dateModified\":\"2024-02-09T11:49:21+00:00\",\"description\":\"Encuentre el m\u00e1ximo confort para su c\u00e9sped residencial con nuestros eficaces sistemas de riego por lluvia. Garantice siempre un verdor perfecto.\",\"breadcrumb\":{\"@id\":\"https:\/\/www.rain.it\/es\/prado\/#breadcrumb\"},\"inLanguage\":\"es\",\"potentialAction\":[{\"@type\":\"ReadAction\",\"target\":[\"https:\/\/www.rain.it\/es\/prado\/\"]}]},{\"@type\":\"BreadcrumbList\",\"@id\":\"https:\/\/www.rain.it\/es\/prado\/#breadcrumb\",\"itemListElement\":[{\"@type\":\"ListItem\",\"position\":1,\"name\":\"Home\",\"item\":\"https:\/\/www.rain.it\/es\/\"},{\"@type\":\"ListItem\",\"position\":2,\"name\":\"Prado\"}]},{\"@type\":\"WebSite\",\"@id\":\"https:\/\/www.rain.it\/es\/#website\",\"url\":\"https:\/\/www.rain.it\/es\/\",\"name\":\"Rain\",\"description\":\"\",\"potentialAction\":[{\"@type\":\"SearchAction\",\"target\":{\"@type\":\"EntryPoint\",\"urlTemplate\":\"https:\/\/www.rain.it\/es\/?s={search_term_string}\"},\"query-input\":\"required name=search_term_string\"}],\"inLanguage\":\"es\"}]}<\/script>\n<!-- \/ Yoast SEO plugin. -->","yoast_head_json":{"title":"Sistemas residenciales de riego de c\u00e9sped | Rain","description":"Encuentre el m\u00e1ximo confort para su c\u00e9sped residencial con nuestros eficaces sistemas de riego por lluvia. Garantice siempre un verdor perfecto.","robots":{"index":"index","follow":"follow","max-snippet":"max-snippet:-1","max-image-preview":"max-image-preview:large","max-video-preview":"max-video-preview:-1"},"canonical":"https:\/\/www.rain.it\/es\/prado\/","og_locale":"es_ES","og_type":"article","og_title":"Sistemas residenciales de riego de c\u00e9sped | Rain","og_description":"Encuentre el m\u00e1ximo confort para su c\u00e9sped residencial con nuestros eficaces sistemas de riego por lluvia. Garantice siempre un verdor perfecto.","og_url":"https:\/\/www.rain.it\/es\/prado\/","og_site_name":"Rain","article_modified_time":"2024-02-09T11:49:21+00:00","twitter_card":"summary_large_image","schema":{"@context":"https:\/\/schema.org","@graph":[{"@type":"WebPage","@id":"https:\/\/www.rain.it\/es\/prado\/","url":"https:\/\/www.rain.it\/es\/prado\/","name":"Sistemas residenciales de riego de c\u00e9sped | Rain","isPartOf":{"@id":"https:\/\/www.rain.it\/es\/#website"},"datePublished":"2023-09-11T14:09:45+00:00","dateModified":"2024-02-09T11:49:21+00:00","description":"Encuentre el m\u00e1ximo confort para su c\u00e9sped residencial con nuestros eficaces sistemas de riego por lluvia. Garantice siempre un verdor perfecto.","breadcrumb":{"@id":"https:\/\/www.rain.it\/es\/prado\/#breadcrumb"},"inLanguage":"es","potentialAction":[{"@type":"ReadAction","target":["https:\/\/www.rain.it\/es\/prado\/"]}]},{"@type":"BreadcrumbList","@id":"https:\/\/www.rain.it\/es\/prado\/#breadcrumb","itemListElement":[{"@type":"ListItem","position":1,"name":"Home","item":"https:\/\/www.rain.it\/es\/"},{"@type":"ListItem","position":2,"name":"Prado"}]},{"@type":"WebSite","@id":"https:\/\/www.rain.it\/es\/#website","url":"https:\/\/www.rain.it\/es\/","name":"Rain","description":"","potentialAction":[{"@type":"SearchAction","target":{"@type":"EntryPoint","urlTemplate":"https:\/\/www.rain.it\/es\/?s={search_term_string}"},"query-input":"required name=search_term_string"}],"inLanguage":"es"}]}},"_links":{"self":[{"href":"https:\/\/www.rain.it\/es\/wp-json\/wp\/v2\/pages\/4385"}],"collection":[{"href":"https:\/\/www.rain.it\/es\/wp-json\/wp\/v2\/pages"}],"about":[{"href":"https:\/\/www.rain.it\/es\/wp-json\/wp\/v2\/types\/page"}],"author":[{"embeddable":true,"href":"https:\/\/www.rain.it\/es\/wp-json\/wp\/v2\/users\/1"}],"replies":[{"embeddable":true,"href":"https:\/\/www.rain.it\/es\/wp-json\/wp\/v2\/comments?post=4385"}],"version-history":[{"count":8,"href":"https:\/\/www.rain.it\/es\/wp-json\/wp\/v2\/pages\/4385\/revisions"}],"predecessor-version":[{"id":7172,"href":"https:\/\/www.rain.it\/es\/wp-json\/wp\/v2\/pages\/4385\/revisions\/7172"}],"wp:attachment":[{"href":"https:\/\/www.rain.it\/es\/wp-json\/wp\/v2\/media?parent=4385"}],"curies":[{"name":"wp","href":"https:\/\/api.w.org\/{rel}","templated":true}]}}