{"id":4298,"date":"2023-09-11T16:16:01","date_gmt":"2023-09-11T14:16:01","guid":{"rendered":"https:\/\/www.rain.it\/sistemi-di-irrigazione-orto-domestico\/"},"modified":"2024-01-30T11:23:47","modified_gmt":"2024-01-30T10:23:47","slug":"huertos","status":"publish","type":"page","link":"https:\/\/www.rain.it\/es\/huertos\/","title":{"rendered":"Huertas dom\u00e9sticas"},"content":{"rendered":"","protected":false},"excerpt":{"rendered":"","protected":false},"author":1,"featured_media":0,"parent":0,"menu_order":18,"comment_status":"closed","ping_status":"closed","template":"template-privati.php","meta":[],"acf":[],"yoast_head":"<!-- This site is optimized with the Yoast SEO plugin v20.10 - https:\/\/yoast.com\/wordpress\/plugins\/seo\/ -->\n<title>Sistemas de riego de jardines dom\u00e9sticos | Rain<\/title>\n<meta name=\"description\" content=\"Cultive el jard\u00edn dom\u00e9stico perfecto con nuestros sistemas de riego por lluvia. Hacemos que el riego sea f\u00e1cil y eficaz. Obtenga m\u00e1s informaci\u00f3n hoy mismo.\" \/>\n<meta name=\"robots\" content=\"index, follow, max-snippet:-1, max-image-preview:large, max-video-preview:-1\" \/>\n<link rel=\"canonical\" href=\"https:\/\/www.rain.it\/es\/huertos\/\" \/>\n<meta property=\"og:locale\" content=\"es_ES\" \/>\n<meta property=\"og:type\" content=\"article\" \/>\n<meta property=\"og:title\" content=\"Sistemas de riego de jardines dom\u00e9sticos | Rain\" \/>\n<meta property=\"og:description\" content=\"Cultive el jard\u00edn dom\u00e9stico perfecto con nuestros sistemas de riego por lluvia. Hacemos que el riego sea f\u00e1cil y eficaz. Obtenga m\u00e1s informaci\u00f3n hoy mismo.\" \/>\n<meta property=\"og:url\" content=\"https:\/\/www.rain.it\/es\/huertos\/\" \/>\n<meta property=\"og:site_name\" content=\"Rain\" \/>\n<meta property=\"article:modified_time\" content=\"2024-01-30T10:23:47+00:00\" \/>\n<meta name=\"twitter:card\" content=\"summary_large_image\" \/>\n<script type=\"application\/ld+json\" class=\"yoast-schema-graph\">{\"@context\":\"https:\/\/schema.org\",\"@graph\":[{\"@type\":\"WebPage\",\"@id\":\"https:\/\/www.rain.it\/es\/huertos\/\",\"url\":\"https:\/\/www.rain.it\/es\/huertos\/\",\"name\":\"Sistemas de riego de jardines dom\u00e9sticos | Rain\",\"isPartOf\":{\"@id\":\"https:\/\/www.rain.it\/es\/#website\"},\"datePublished\":\"2023-09-11T14:16:01+00:00\",\"dateModified\":\"2024-01-30T10:23:47+00:00\",\"description\":\"Cultive el jard\u00edn dom\u00e9stico perfecto con nuestros sistemas de riego por lluvia. Hacemos que el riego sea f\u00e1cil y eficaz. Obtenga m\u00e1s informaci\u00f3n hoy mismo.\",\"breadcrumb\":{\"@id\":\"https:\/\/www.rain.it\/es\/huertos\/#breadcrumb\"},\"inLanguage\":\"es\",\"potentialAction\":[{\"@type\":\"ReadAction\",\"target\":[\"https:\/\/www.rain.it\/es\/huertos\/\"]}]},{\"@type\":\"BreadcrumbList\",\"@id\":\"https:\/\/www.rain.it\/es\/huertos\/#breadcrumb\",\"itemListElement\":[{\"@type\":\"ListItem\",\"position\":1,\"name\":\"Home\",\"item\":\"https:\/\/www.rain.it\/es\/\"},{\"@type\":\"ListItem\",\"position\":2,\"name\":\"Huertas dom\u00e9sticas\"}]},{\"@type\":\"WebSite\",\"@id\":\"https:\/\/www.rain.it\/es\/#website\",\"url\":\"https:\/\/www.rain.it\/es\/\",\"name\":\"Rain\",\"description\":\"\",\"potentialAction\":[{\"@type\":\"SearchAction\",\"target\":{\"@type\":\"EntryPoint\",\"urlTemplate\":\"https:\/\/www.rain.it\/es\/?s={search_term_string}\"},\"query-input\":\"required name=search_term_string\"}],\"inLanguage\":\"es\"}]}<\/script>\n<!-- \/ Yoast SEO plugin. -->","yoast_head_json":{"title":"Sistemas de riego de jardines dom\u00e9sticos | Rain","description":"Cultive el jard\u00edn dom\u00e9stico perfecto con nuestros sistemas de riego por lluvia. Hacemos que el riego sea f\u00e1cil y eficaz. Obtenga m\u00e1s informaci\u00f3n hoy mismo.","robots":{"index":"index","follow":"follow","max-snippet":"max-snippet:-1","max-image-preview":"max-image-preview:large","max-video-preview":"max-video-preview:-1"},"canonical":"https:\/\/www.rain.it\/es\/huertos\/","og_locale":"es_ES","og_type":"article","og_title":"Sistemas de riego de jardines dom\u00e9sticos | Rain","og_description":"Cultive el jard\u00edn dom\u00e9stico perfecto con nuestros sistemas de riego por lluvia. Hacemos que el riego sea f\u00e1cil y eficaz. Obtenga m\u00e1s informaci\u00f3n hoy mismo.","og_url":"https:\/\/www.rain.it\/es\/huertos\/","og_site_name":"Rain","article_modified_time":"2024-01-30T10:23:47+00:00","twitter_card":"summary_large_image","schema":{"@context":"https:\/\/schema.org","@graph":[{"@type":"WebPage","@id":"https:\/\/www.rain.it\/es\/huertos\/","url":"https:\/\/www.rain.it\/es\/huertos\/","name":"Sistemas de riego de jardines dom\u00e9sticos | Rain","isPartOf":{"@id":"https:\/\/www.rain.it\/es\/#website"},"datePublished":"2023-09-11T14:16:01+00:00","dateModified":"2024-01-30T10:23:47+00:00","description":"Cultive el jard\u00edn dom\u00e9stico perfecto con nuestros sistemas de riego por lluvia. Hacemos que el riego sea f\u00e1cil y eficaz. Obtenga m\u00e1s informaci\u00f3n hoy mismo.","breadcrumb":{"@id":"https:\/\/www.rain.it\/es\/huertos\/#breadcrumb"},"inLanguage":"es","potentialAction":[{"@type":"ReadAction","target":["https:\/\/www.rain.it\/es\/huertos\/"]}]},{"@type":"BreadcrumbList","@id":"https:\/\/www.rain.it\/es\/huertos\/#breadcrumb","itemListElement":[{"@type":"ListItem","position":1,"name":"Home","item":"https:\/\/www.rain.it\/es\/"},{"@type":"ListItem","position":2,"name":"Huertas dom\u00e9sticas"}]},{"@type":"WebSite","@id":"https:\/\/www.rain.it\/es\/#website","url":"https:\/\/www.rain.it\/es\/","name":"Rain","description":"","potentialAction":[{"@type":"SearchAction","target":{"@type":"EntryPoint","urlTemplate":"https:\/\/www.rain.it\/es\/?s={search_term_string}"},"query-input":"required name=search_term_string"}],"inLanguage":"es"}]}},"_links":{"self":[{"href":"https:\/\/www.rain.it\/es\/wp-json\/wp\/v2\/pages\/4298"}],"collection":[{"href":"https:\/\/www.rain.it\/es\/wp-json\/wp\/v2\/pages"}],"about":[{"href":"https:\/\/www.rain.it\/es\/wp-json\/wp\/v2\/types\/page"}],"author":[{"embeddable":true,"href":"https:\/\/www.rain.it\/es\/wp-json\/wp\/v2\/users\/1"}],"replies":[{"embeddable":true,"href":"https:\/\/www.rain.it\/es\/wp-json\/wp\/v2\/comments?post=4298"}],"version-history":[{"count":4,"href":"https:\/\/www.rain.it\/es\/wp-json\/wp\/v2\/pages\/4298\/revisions"}],"predecessor-version":[{"id":7064,"href":"https:\/\/www.rain.it\/es\/wp-json\/wp\/v2\/pages\/4298\/revisions\/7064"}],"wp:attachment":[{"href":"https:\/\/www.rain.it\/es\/wp-json\/wp\/v2\/media?parent=4298"}],"curies":[{"name":"wp","href":"https:\/\/api.w.org\/{rel}","templated":true}]}}