{"id":4295,"date":"2023-10-05T11:50:43","date_gmt":"2023-10-05T09:50:43","guid":{"rendered":"https:\/\/www.rain.it\/documentazione-tecnica-irrigazione-giardini\/"},"modified":"2024-03-11T11:25:52","modified_gmt":"2024-03-11T10:25:52","slug":"documentacion-tecnica","status":"publish","type":"page","link":"https:\/\/www.rain.it\/es\/documentacion-tecnica\/","title":{"rendered":"Documentaci\u00f3n t\u00e9cnica"},"content":{"rendered":"<p>En esta p\u00e1gina hemos reunido toda la documentaci\u00f3n t\u00e9cnica de nuestros productos de riego. Si buscas fichas t\u00e9cnicas o cat\u00e1logos para evaluar el rendimiento de un producto, instrucciones de uso o manuales en v\u00eddeo para aprender a instalarlo, est\u00e1s en el lugar adecuado. Puedes buscar por tipo de documento o por producto espec\u00edficos.<\/p>\n","protected":false},"excerpt":{"rendered":"<p>En esta p\u00e1gina hemos reunido toda la documentaci\u00f3n t\u00e9cnica de nuestros productos de riego. Si buscas fichas t\u00e9cnicas o cat\u00e1logos para evaluar el rendimiento de un producto, instrucciones de uso o manuales en v\u00eddeo para aprender a instalarlo, est\u00e1s en el lugar adecuado. Puedes buscar por tipo de documento o por producto espec\u00edficos.<\/p>\n","protected":false},"author":1,"featured_media":0,"parent":0,"menu_order":19,"comment_status":"closed","ping_status":"closed","template":"template-documentazione-tecnica.php","meta":[],"acf":[],"yoast_head":"<!-- This site is optimized with the Yoast SEO plugin v20.10 - https:\/\/yoast.com\/wordpress\/plugins\/seo\/ -->\n<title>Documentaci\u00f3n t\u00e9cnica Riego de jardines | Rain<\/title>\n<meta name=\"description\" content=\"Acceda a la documentaci\u00f3n t\u00e9cnica de Rain para el riego de jardines: gu\u00edas e informaci\u00f3n valiosas para un sistema de riego eficaz.\" \/>\n<meta name=\"robots\" content=\"index, follow, max-snippet:-1, max-image-preview:large, max-video-preview:-1\" \/>\n<link rel=\"canonical\" href=\"https:\/\/www.rain.it\/es\/documentacion-tecnica\/\" \/>\n<meta property=\"og:locale\" content=\"es_ES\" \/>\n<meta property=\"og:type\" content=\"article\" \/>\n<meta property=\"og:title\" content=\"Documentaci\u00f3n t\u00e9cnica Riego de jardines | Rain\" \/>\n<meta property=\"og:description\" content=\"Acceda a la documentaci\u00f3n t\u00e9cnica de Rain para el riego de jardines: gu\u00edas e informaci\u00f3n valiosas para un sistema de riego eficaz.\" \/>\n<meta property=\"og:url\" content=\"https:\/\/www.rain.it\/es\/documentacion-tecnica\/\" \/>\n<meta property=\"og:site_name\" content=\"Rain\" \/>\n<meta property=\"article:modified_time\" content=\"2024-03-11T10:25:52+00:00\" \/>\n<meta name=\"twitter:card\" content=\"summary_large_image\" \/>\n<meta name=\"twitter:label1\" content=\"Est. reading time\" \/>\n\t<meta name=\"twitter:data1\" content=\"1 minuto\" \/>\n<script type=\"application\/ld+json\" class=\"yoast-schema-graph\">{\"@context\":\"https:\/\/schema.org\",\"@graph\":[{\"@type\":\"WebPage\",\"@id\":\"https:\/\/www.rain.it\/es\/documentacion-tecnica\/\",\"url\":\"https:\/\/www.rain.it\/es\/documentacion-tecnica\/\",\"name\":\"Documentaci\u00f3n t\u00e9cnica Riego de jardines | Rain\",\"isPartOf\":{\"@id\":\"https:\/\/www.rain.it\/es\/#website\"},\"datePublished\":\"2023-10-05T09:50:43+00:00\",\"dateModified\":\"2024-03-11T10:25:52+00:00\",\"description\":\"Acceda a la documentaci\u00f3n t\u00e9cnica de Rain para el riego de jardines: gu\u00edas e informaci\u00f3n valiosas para un sistema de riego eficaz.\",\"breadcrumb\":{\"@id\":\"https:\/\/www.rain.it\/es\/documentacion-tecnica\/#breadcrumb\"},\"inLanguage\":\"es\",\"potentialAction\":[{\"@type\":\"ReadAction\",\"target\":[\"https:\/\/www.rain.it\/es\/documentacion-tecnica\/\"]}]},{\"@type\":\"BreadcrumbList\",\"@id\":\"https:\/\/www.rain.it\/es\/documentacion-tecnica\/#breadcrumb\",\"itemListElement\":[{\"@type\":\"ListItem\",\"position\":1,\"name\":\"Home\",\"item\":\"https:\/\/www.rain.it\/es\/\"},{\"@type\":\"ListItem\",\"position\":2,\"name\":\"Documentaci\u00f3n t\u00e9cnica\"}]},{\"@type\":\"WebSite\",\"@id\":\"https:\/\/www.rain.it\/es\/#website\",\"url\":\"https:\/\/www.rain.it\/es\/\",\"name\":\"Rain\",\"description\":\"\",\"potentialAction\":[{\"@type\":\"SearchAction\",\"target\":{\"@type\":\"EntryPoint\",\"urlTemplate\":\"https:\/\/www.rain.it\/es\/?s={search_term_string}\"},\"query-input\":\"required name=search_term_string\"}],\"inLanguage\":\"es\"}]}<\/script>\n<!-- \/ Yoast SEO plugin. -->","yoast_head_json":{"title":"Documentaci\u00f3n t\u00e9cnica Riego de jardines | Rain","description":"Acceda a la documentaci\u00f3n t\u00e9cnica de Rain para el riego de jardines: gu\u00edas e informaci\u00f3n valiosas para un sistema de riego eficaz.","robots":{"index":"index","follow":"follow","max-snippet":"max-snippet:-1","max-image-preview":"max-image-preview:large","max-video-preview":"max-video-preview:-1"},"canonical":"https:\/\/www.rain.it\/es\/documentacion-tecnica\/","og_locale":"es_ES","og_type":"article","og_title":"Documentaci\u00f3n t\u00e9cnica Riego de jardines | Rain","og_description":"Acceda a la documentaci\u00f3n t\u00e9cnica de Rain para el riego de jardines: gu\u00edas e informaci\u00f3n valiosas para un sistema de riego eficaz.","og_url":"https:\/\/www.rain.it\/es\/documentacion-tecnica\/","og_site_name":"Rain","article_modified_time":"2024-03-11T10:25:52+00:00","twitter_card":"summary_large_image","twitter_misc":{"Est. reading time":"1 minuto"},"schema":{"@context":"https:\/\/schema.org","@graph":[{"@type":"WebPage","@id":"https:\/\/www.rain.it\/es\/documentacion-tecnica\/","url":"https:\/\/www.rain.it\/es\/documentacion-tecnica\/","name":"Documentaci\u00f3n t\u00e9cnica Riego de jardines | Rain","isPartOf":{"@id":"https:\/\/www.rain.it\/es\/#website"},"datePublished":"2023-10-05T09:50:43+00:00","dateModified":"2024-03-11T10:25:52+00:00","description":"Acceda a la documentaci\u00f3n t\u00e9cnica de Rain para el riego de jardines: gu\u00edas e informaci\u00f3n valiosas para un sistema de riego eficaz.","breadcrumb":{"@id":"https:\/\/www.rain.it\/es\/documentacion-tecnica\/#breadcrumb"},"inLanguage":"es","potentialAction":[{"@type":"ReadAction","target":["https:\/\/www.rain.it\/es\/documentacion-tecnica\/"]}]},{"@type":"BreadcrumbList","@id":"https:\/\/www.rain.it\/es\/documentacion-tecnica\/#breadcrumb","itemListElement":[{"@type":"ListItem","position":1,"name":"Home","item":"https:\/\/www.rain.it\/es\/"},{"@type":"ListItem","position":2,"name":"Documentaci\u00f3n t\u00e9cnica"}]},{"@type":"WebSite","@id":"https:\/\/www.rain.it\/es\/#website","url":"https:\/\/www.rain.it\/es\/","name":"Rain","description":"","potentialAction":[{"@type":"SearchAction","target":{"@type":"EntryPoint","urlTemplate":"https:\/\/www.rain.it\/es\/?s={search_term_string}"},"query-input":"required name=search_term_string"}],"inLanguage":"es"}]}},"_links":{"self":[{"href":"https:\/\/www.rain.it\/es\/wp-json\/wp\/v2\/pages\/4295"}],"collection":[{"href":"https:\/\/www.rain.it\/es\/wp-json\/wp\/v2\/pages"}],"about":[{"href":"https:\/\/www.rain.it\/es\/wp-json\/wp\/v2\/types\/page"}],"author":[{"embeddable":true,"href":"https:\/\/www.rain.it\/es\/wp-json\/wp\/v2\/users\/1"}],"replies":[{"embeddable":true,"href":"https:\/\/www.rain.it\/es\/wp-json\/wp\/v2\/comments?post=4295"}],"version-history":[{"count":4,"href":"https:\/\/www.rain.it\/es\/wp-json\/wp\/v2\/pages\/4295\/revisions"}],"predecessor-version":[{"id":7515,"href":"https:\/\/www.rain.it\/es\/wp-json\/wp\/v2\/pages\/4295\/revisions\/7515"}],"wp:attachment":[{"href":"https:\/\/www.rain.it\/es\/wp-json\/wp\/v2\/media?parent=4295"}],"curies":[{"name":"wp","href":"https:\/\/api.w.org\/{rel}","templated":true}]}}