{"id":4275,"date":"2023-09-15T08:58:47","date_gmt":"2023-09-15T06:58:47","guid":{"rendered":"https:\/\/www.rain.it\/soluzioni-per-irrigazioni\/"},"modified":"2024-02-09T12:45:32","modified_gmt":"2024-02-09T11:45:32","slug":"soluciones-para-riego","status":"publish","type":"page","link":"https:\/\/www.rain.it\/es\/soluciones-para-riego\/","title":{"rendered":"Soluciones ahorratiempo"},"content":{"rendered":"","protected":false},"excerpt":{"rendered":"","protected":false},"author":1,"featured_media":0,"parent":0,"menu_order":27,"comment_status":"closed","ping_status":"closed","template":"template-soluzioni.php","meta":[],"acf":[],"yoast_head":"<!-- This site is optimized with the Yoast SEO plugin v20.10 - https:\/\/yoast.com\/wordpress\/plugins\/seo\/ -->\n<title>Soluciones de riego | Rain<\/title>\n<meta name=\"description\" content=\"Descubra soluciones de riego para su jard\u00edn con Rain. Ahorre agua y mantenga su c\u00e9sped pr\u00f3spero con nuestras soluciones de \u00faltima generaci\u00f3n.\" \/>\n<meta name=\"robots\" content=\"index, follow, max-snippet:-1, max-image-preview:large, max-video-preview:-1\" \/>\n<link rel=\"canonical\" href=\"https:\/\/www.rain.it\/es\/soluciones-para-riego\/\" \/>\n<meta property=\"og:locale\" content=\"es_ES\" \/>\n<meta property=\"og:type\" content=\"article\" \/>\n<meta property=\"og:title\" content=\"Soluciones de riego | Rain\" \/>\n<meta property=\"og:description\" content=\"Descubra soluciones de riego para su jard\u00edn con Rain. Ahorre agua y mantenga su c\u00e9sped pr\u00f3spero con nuestras soluciones de \u00faltima generaci\u00f3n.\" \/>\n<meta property=\"og:url\" content=\"https:\/\/www.rain.it\/es\/soluciones-para-riego\/\" \/>\n<meta property=\"og:site_name\" content=\"Rain\" \/>\n<meta property=\"article:modified_time\" content=\"2024-02-09T11:45:32+00:00\" \/>\n<meta name=\"twitter:card\" content=\"summary_large_image\" \/>\n<script type=\"application\/ld+json\" class=\"yoast-schema-graph\">{\"@context\":\"https:\/\/schema.org\",\"@graph\":[{\"@type\":\"WebPage\",\"@id\":\"https:\/\/www.rain.it\/es\/soluciones-para-riego\/\",\"url\":\"https:\/\/www.rain.it\/es\/soluciones-para-riego\/\",\"name\":\"Soluciones de riego | Rain\",\"isPartOf\":{\"@id\":\"https:\/\/www.rain.it\/es\/#website\"},\"datePublished\":\"2023-09-15T06:58:47+00:00\",\"dateModified\":\"2024-02-09T11:45:32+00:00\",\"description\":\"Descubra soluciones de riego para su jard\u00edn con Rain. Ahorre agua y mantenga su c\u00e9sped pr\u00f3spero con nuestras soluciones de \u00faltima generaci\u00f3n.\",\"breadcrumb\":{\"@id\":\"https:\/\/www.rain.it\/es\/soluciones-para-riego\/#breadcrumb\"},\"inLanguage\":\"es\",\"potentialAction\":[{\"@type\":\"ReadAction\",\"target\":[\"https:\/\/www.rain.it\/es\/soluciones-para-riego\/\"]}]},{\"@type\":\"BreadcrumbList\",\"@id\":\"https:\/\/www.rain.it\/es\/soluciones-para-riego\/#breadcrumb\",\"itemListElement\":[{\"@type\":\"ListItem\",\"position\":1,\"name\":\"Home\",\"item\":\"https:\/\/www.rain.it\/es\/\"},{\"@type\":\"ListItem\",\"position\":2,\"name\":\"Soluciones ahorratiempo\"}]},{\"@type\":\"WebSite\",\"@id\":\"https:\/\/www.rain.it\/es\/#website\",\"url\":\"https:\/\/www.rain.it\/es\/\",\"name\":\"Rain\",\"description\":\"\",\"potentialAction\":[{\"@type\":\"SearchAction\",\"target\":{\"@type\":\"EntryPoint\",\"urlTemplate\":\"https:\/\/www.rain.it\/es\/?s={search_term_string}\"},\"query-input\":\"required name=search_term_string\"}],\"inLanguage\":\"es\"}]}<\/script>\n<!-- \/ Yoast SEO plugin. -->","yoast_head_json":{"title":"Soluciones de riego | Rain","description":"Descubra soluciones de riego para su jard\u00edn con Rain. Ahorre agua y mantenga su c\u00e9sped pr\u00f3spero con nuestras soluciones de \u00faltima generaci\u00f3n.","robots":{"index":"index","follow":"follow","max-snippet":"max-snippet:-1","max-image-preview":"max-image-preview:large","max-video-preview":"max-video-preview:-1"},"canonical":"https:\/\/www.rain.it\/es\/soluciones-para-riego\/","og_locale":"es_ES","og_type":"article","og_title":"Soluciones de riego | Rain","og_description":"Descubra soluciones de riego para su jard\u00edn con Rain. Ahorre agua y mantenga su c\u00e9sped pr\u00f3spero con nuestras soluciones de \u00faltima generaci\u00f3n.","og_url":"https:\/\/www.rain.it\/es\/soluciones-para-riego\/","og_site_name":"Rain","article_modified_time":"2024-02-09T11:45:32+00:00","twitter_card":"summary_large_image","schema":{"@context":"https:\/\/schema.org","@graph":[{"@type":"WebPage","@id":"https:\/\/www.rain.it\/es\/soluciones-para-riego\/","url":"https:\/\/www.rain.it\/es\/soluciones-para-riego\/","name":"Soluciones de riego | Rain","isPartOf":{"@id":"https:\/\/www.rain.it\/es\/#website"},"datePublished":"2023-09-15T06:58:47+00:00","dateModified":"2024-02-09T11:45:32+00:00","description":"Descubra soluciones de riego para su jard\u00edn con Rain. Ahorre agua y mantenga su c\u00e9sped pr\u00f3spero con nuestras soluciones de \u00faltima generaci\u00f3n.","breadcrumb":{"@id":"https:\/\/www.rain.it\/es\/soluciones-para-riego\/#breadcrumb"},"inLanguage":"es","potentialAction":[{"@type":"ReadAction","target":["https:\/\/www.rain.it\/es\/soluciones-para-riego\/"]}]},{"@type":"BreadcrumbList","@id":"https:\/\/www.rain.it\/es\/soluciones-para-riego\/#breadcrumb","itemListElement":[{"@type":"ListItem","position":1,"name":"Home","item":"https:\/\/www.rain.it\/es\/"},{"@type":"ListItem","position":2,"name":"Soluciones ahorratiempo"}]},{"@type":"WebSite","@id":"https:\/\/www.rain.it\/es\/#website","url":"https:\/\/www.rain.it\/es\/","name":"Rain","description":"","potentialAction":[{"@type":"SearchAction","target":{"@type":"EntryPoint","urlTemplate":"https:\/\/www.rain.it\/es\/?s={search_term_string}"},"query-input":"required name=search_term_string"}],"inLanguage":"es"}]}},"_links":{"self":[{"href":"https:\/\/www.rain.it\/es\/wp-json\/wp\/v2\/pages\/4275"}],"collection":[{"href":"https:\/\/www.rain.it\/es\/wp-json\/wp\/v2\/pages"}],"about":[{"href":"https:\/\/www.rain.it\/es\/wp-json\/wp\/v2\/types\/page"}],"author":[{"embeddable":true,"href":"https:\/\/www.rain.it\/es\/wp-json\/wp\/v2\/users\/1"}],"replies":[{"embeddable":true,"href":"https:\/\/www.rain.it\/es\/wp-json\/wp\/v2\/comments?post=4275"}],"version-history":[{"count":5,"href":"https:\/\/www.rain.it\/es\/wp-json\/wp\/v2\/pages\/4275\/revisions"}],"predecessor-version":[{"id":7165,"href":"https:\/\/www.rain.it\/es\/wp-json\/wp\/v2\/pages\/4275\/revisions\/7165"}],"wp:attachment":[{"href":"https:\/\/www.rain.it\/es\/wp-json\/wp\/v2\/media?parent=4275"}],"curies":[{"name":"wp","href":"https:\/\/api.w.org\/{rel}","templated":true}]}}