{"id":4264,"date":"2023-09-26T13:08:09","date_gmt":"2023-09-26T11:08:09","guid":{"rendered":"https:\/\/www.rain.it\/domande-frequenti-per-impianti-di-irrigazione\/"},"modified":"2024-01-02T18:18:14","modified_gmt":"2024-01-02T17:18:14","slug":"faq","status":"publish","type":"page","link":"https:\/\/www.rain.it\/es\/faq\/","title":{"rendered":"Preguntas frecuentes"},"content":{"rendered":"<p>He programado el riego, \u00bfc\u00f3mo es que el sistema no arranca? En la pantalla de mi programador parpadea un LED, \u00bfqu\u00e9 significa? \u00bfCu\u00e1nto tarda la Turbina Vision en recargar la bater\u00eda de mi programador inteligente Pure Vision? Encontrar\u00e1s la respuesta a estas y otras muchas preguntas frecuentes en la secci\u00f3n siguiente.<\/p>\n","protected":false},"excerpt":{"rendered":"<p>He programado el riego, \u00bfc\u00f3mo es que el sistema no arranca? En la pantalla de mi programador parpadea un LED, \u00bfqu\u00e9 significa? \u00bfCu\u00e1nto tarda la Turbina Vision en recargar la bater\u00eda de mi programador inteligente Pure Vision? Encontrar\u00e1s la respuesta a estas y otras muchas preguntas frecuentes en la secci\u00f3n siguiente.<\/p>\n","protected":false},"author":1,"featured_media":0,"parent":0,"menu_order":29,"comment_status":"closed","ping_status":"closed","template":"template-faq.php","meta":[],"acf":[],"yoast_head":"<!-- This site is optimized with the Yoast SEO plugin v20.10 - https:\/\/yoast.com\/wordpress\/plugins\/seo\/ -->\n<title>Preguntas frecuentes | Rain<\/title>\n<meta name=\"robots\" content=\"index, follow, max-snippet:-1, max-image-preview:large, max-video-preview:-1\" \/>\n<link rel=\"canonical\" href=\"https:\/\/www.rain.it\/es\/faq\/\" \/>\n<meta property=\"og:locale\" content=\"es_ES\" \/>\n<meta property=\"og:type\" content=\"article\" \/>\n<meta property=\"og:title\" content=\"Preguntas frecuentes | Rain\" \/>\n<meta property=\"og:description\" content=\"He programado el riego, \u00bfc\u00f3mo es que el sistema no arranca? En la pantalla de mi programador parpadea un LED, \u00bfqu\u00e9 significa? \u00bfCu\u00e1nto tarda la Turbina Vision en recargar la bater\u00eda de mi programador inteligente Pure Vision? Encontrar\u00e1s la respuesta a estas y otras muchas preguntas frecuentes en la secci\u00f3n siguiente.\" \/>\n<meta property=\"og:url\" content=\"https:\/\/www.rain.it\/es\/faq\/\" \/>\n<meta property=\"og:site_name\" content=\"Rain\" \/>\n<meta property=\"article:modified_time\" content=\"2024-01-02T17:18:14+00:00\" \/>\n<meta name=\"twitter:card\" content=\"summary_large_image\" \/>\n<meta name=\"twitter:label1\" content=\"Est. reading time\" \/>\n\t<meta name=\"twitter:data1\" content=\"1 minuto\" \/>\n<script type=\"application\/ld+json\" class=\"yoast-schema-graph\">{\"@context\":\"https:\/\/schema.org\",\"@graph\":[{\"@type\":\"WebPage\",\"@id\":\"https:\/\/www.rain.it\/es\/faq\/\",\"url\":\"https:\/\/www.rain.it\/es\/faq\/\",\"name\":\"Preguntas frecuentes | Rain\",\"isPartOf\":{\"@id\":\"https:\/\/www.rain.it\/es\/#website\"},\"datePublished\":\"2023-09-26T11:08:09+00:00\",\"dateModified\":\"2024-01-02T17:18:14+00:00\",\"breadcrumb\":{\"@id\":\"https:\/\/www.rain.it\/es\/faq\/#breadcrumb\"},\"inLanguage\":\"es\",\"potentialAction\":[{\"@type\":\"ReadAction\",\"target\":[\"https:\/\/www.rain.it\/es\/faq\/\"]}]},{\"@type\":\"BreadcrumbList\",\"@id\":\"https:\/\/www.rain.it\/es\/faq\/#breadcrumb\",\"itemListElement\":[{\"@type\":\"ListItem\",\"position\":1,\"name\":\"Home\",\"item\":\"https:\/\/www.rain.it\/es\/\"},{\"@type\":\"ListItem\",\"position\":2,\"name\":\"Preguntas frecuentes\"}]},{\"@type\":\"WebSite\",\"@id\":\"https:\/\/www.rain.it\/es\/#website\",\"url\":\"https:\/\/www.rain.it\/es\/\",\"name\":\"Rain\",\"description\":\"\",\"potentialAction\":[{\"@type\":\"SearchAction\",\"target\":{\"@type\":\"EntryPoint\",\"urlTemplate\":\"https:\/\/www.rain.it\/es\/?s={search_term_string}\"},\"query-input\":\"required name=search_term_string\"}],\"inLanguage\":\"es\"}]}<\/script>\n<!-- \/ Yoast SEO plugin. -->","yoast_head_json":{"title":"Preguntas frecuentes | Rain","robots":{"index":"index","follow":"follow","max-snippet":"max-snippet:-1","max-image-preview":"max-image-preview:large","max-video-preview":"max-video-preview:-1"},"canonical":"https:\/\/www.rain.it\/es\/faq\/","og_locale":"es_ES","og_type":"article","og_title":"Preguntas frecuentes | Rain","og_description":"He programado el riego, \u00bfc\u00f3mo es que el sistema no arranca? En la pantalla de mi programador parpadea un LED, \u00bfqu\u00e9 significa? \u00bfCu\u00e1nto tarda la Turbina Vision en recargar la bater\u00eda de mi programador inteligente Pure Vision? Encontrar\u00e1s la respuesta a estas y otras muchas preguntas frecuentes en la secci\u00f3n siguiente.","og_url":"https:\/\/www.rain.it\/es\/faq\/","og_site_name":"Rain","article_modified_time":"2024-01-02T17:18:14+00:00","twitter_card":"summary_large_image","twitter_misc":{"Est. reading time":"1 minuto"},"schema":{"@context":"https:\/\/schema.org","@graph":[{"@type":"WebPage","@id":"https:\/\/www.rain.it\/es\/faq\/","url":"https:\/\/www.rain.it\/es\/faq\/","name":"Preguntas frecuentes | Rain","isPartOf":{"@id":"https:\/\/www.rain.it\/es\/#website"},"datePublished":"2023-09-26T11:08:09+00:00","dateModified":"2024-01-02T17:18:14+00:00","breadcrumb":{"@id":"https:\/\/www.rain.it\/es\/faq\/#breadcrumb"},"inLanguage":"es","potentialAction":[{"@type":"ReadAction","target":["https:\/\/www.rain.it\/es\/faq\/"]}]},{"@type":"BreadcrumbList","@id":"https:\/\/www.rain.it\/es\/faq\/#breadcrumb","itemListElement":[{"@type":"ListItem","position":1,"name":"Home","item":"https:\/\/www.rain.it\/es\/"},{"@type":"ListItem","position":2,"name":"Preguntas frecuentes"}]},{"@type":"WebSite","@id":"https:\/\/www.rain.it\/es\/#website","url":"https:\/\/www.rain.it\/es\/","name":"Rain","description":"","potentialAction":[{"@type":"SearchAction","target":{"@type":"EntryPoint","urlTemplate":"https:\/\/www.rain.it\/es\/?s={search_term_string}"},"query-input":"required name=search_term_string"}],"inLanguage":"es"}]}},"_links":{"self":[{"href":"https:\/\/www.rain.it\/es\/wp-json\/wp\/v2\/pages\/4264"}],"collection":[{"href":"https:\/\/www.rain.it\/es\/wp-json\/wp\/v2\/pages"}],"about":[{"href":"https:\/\/www.rain.it\/es\/wp-json\/wp\/v2\/types\/page"}],"author":[{"embeddable":true,"href":"https:\/\/www.rain.it\/es\/wp-json\/wp\/v2\/users\/1"}],"replies":[{"embeddable":true,"href":"https:\/\/www.rain.it\/es\/wp-json\/wp\/v2\/comments?post=4264"}],"version-history":[{"count":3,"href":"https:\/\/www.rain.it\/es\/wp-json\/wp\/v2\/pages\/4264\/revisions"}],"predecessor-version":[{"id":6553,"href":"https:\/\/www.rain.it\/es\/wp-json\/wp\/v2\/pages\/4264\/revisions\/6553"}],"wp:attachment":[{"href":"https:\/\/www.rain.it\/es\/wp-json\/wp\/v2\/media?parent=4264"}],"curies":[{"name":"wp","href":"https:\/\/api.w.org\/{rel}","templated":true}]}}