{"id":4226,"date":"2023-07-06T12:27:08","date_gmt":"2023-07-06T10:27:08","guid":{"rendered":"https:\/\/www.rain.it\/risorse-guide-impianti-irrigazione\/"},"modified":"2023-12-27T17:36:59","modified_gmt":"2023-12-27T16:36:59","slug":"recursos-guias-riego","status":"publish","type":"page","link":"https:\/\/www.rain.it\/es\/recursos-guias-riego\/","title":{"rendered":"Gu\u00eda de riego"},"content":{"rendered":"<p>Somos especialistas en sistemas de riego desde hace m\u00e1s de 50 a\u00f1os. Por ello, podemos ofrecerte muchos consejos \u00fatiles sobre las caracter\u00edsticas, la elecci\u00f3n, la instalaci\u00f3n y el uso de estos productos.<\/p>\n","protected":false},"excerpt":{"rendered":"<p>Somos especialistas en sistemas de riego desde hace m\u00e1s de 50 a\u00f1os. Por ello, podemos ofrecerte muchos consejos \u00fatiles sobre las caracter\u00edsticas, la elecci\u00f3n, la instalaci\u00f3n y el uso de estos productos.<\/p>\n","protected":false},"author":1,"featured_media":0,"parent":0,"menu_order":24,"comment_status":"closed","ping_status":"closed","template":"template-guida-irrigazione.php","meta":[],"acf":[],"yoast_head":"<!-- This site is optimized with the Yoast SEO plugin v20.10 - https:\/\/yoast.com\/wordpress\/plugins\/seo\/ -->\n<title>Recursos y gu\u00edas de riego | Rain<\/title>\n<meta name=\"description\" content=\"Acceda a los completos recursos y gu\u00edas de Rain para sistemas de riego: consejos de expertos, instrucciones detalladas y herramientas \u00fatiles para regar con \u00e9xito.\" \/>\n<meta name=\"robots\" content=\"index, follow, max-snippet:-1, max-image-preview:large, max-video-preview:-1\" \/>\n<link rel=\"canonical\" href=\"https:\/\/www.rain.it\/es\/recursos-guias-riego\/\" \/>\n<meta property=\"og:locale\" content=\"es_ES\" \/>\n<meta property=\"og:type\" content=\"article\" \/>\n<meta property=\"og:title\" content=\"Recursos y gu\u00edas de riego | Rain\" \/>\n<meta property=\"og:description\" content=\"Acceda a los completos recursos y gu\u00edas de Rain para sistemas de riego: consejos de expertos, instrucciones detalladas y herramientas \u00fatiles para regar con \u00e9xito.\" \/>\n<meta property=\"og:url\" content=\"https:\/\/www.rain.it\/es\/recursos-guias-riego\/\" \/>\n<meta property=\"og:site_name\" content=\"Rain\" \/>\n<meta property=\"article:modified_time\" content=\"2023-12-27T16:36:59+00:00\" \/>\n<meta name=\"twitter:card\" content=\"summary_large_image\" \/>\n<meta name=\"twitter:label1\" content=\"Est. reading time\" \/>\n\t<meta name=\"twitter:data1\" content=\"1 minuto\" \/>\n<script type=\"application\/ld+json\" class=\"yoast-schema-graph\">{\"@context\":\"https:\/\/schema.org\",\"@graph\":[{\"@type\":\"WebPage\",\"@id\":\"https:\/\/www.rain.it\/es\/recursos-guias-riego\/\",\"url\":\"https:\/\/www.rain.it\/es\/recursos-guias-riego\/\",\"name\":\"Recursos y gu\u00edas de riego | Rain\",\"isPartOf\":{\"@id\":\"https:\/\/www.rain.it\/es\/#website\"},\"datePublished\":\"2023-07-06T10:27:08+00:00\",\"dateModified\":\"2023-12-27T16:36:59+00:00\",\"description\":\"Acceda a los completos recursos y gu\u00edas de Rain para sistemas de riego: consejos de expertos, instrucciones detalladas y herramientas \u00fatiles para regar con \u00e9xito.\",\"breadcrumb\":{\"@id\":\"https:\/\/www.rain.it\/es\/recursos-guias-riego\/#breadcrumb\"},\"inLanguage\":\"es\",\"potentialAction\":[{\"@type\":\"ReadAction\",\"target\":[\"https:\/\/www.rain.it\/es\/recursos-guias-riego\/\"]}]},{\"@type\":\"BreadcrumbList\",\"@id\":\"https:\/\/www.rain.it\/es\/recursos-guias-riego\/#breadcrumb\",\"itemListElement\":[{\"@type\":\"ListItem\",\"position\":1,\"name\":\"Home\",\"item\":\"https:\/\/www.rain.it\/es\/\"},{\"@type\":\"ListItem\",\"position\":2,\"name\":\"Gu\u00eda de riego\"}]},{\"@type\":\"WebSite\",\"@id\":\"https:\/\/www.rain.it\/es\/#website\",\"url\":\"https:\/\/www.rain.it\/es\/\",\"name\":\"Rain\",\"description\":\"\",\"potentialAction\":[{\"@type\":\"SearchAction\",\"target\":{\"@type\":\"EntryPoint\",\"urlTemplate\":\"https:\/\/www.rain.it\/es\/?s={search_term_string}\"},\"query-input\":\"required name=search_term_string\"}],\"inLanguage\":\"es\"}]}<\/script>\n<!-- \/ Yoast SEO plugin. -->","yoast_head_json":{"title":"Recursos y gu\u00edas de riego | Rain","description":"Acceda a los completos recursos y gu\u00edas de Rain para sistemas de riego: consejos de expertos, instrucciones detalladas y herramientas \u00fatiles para regar con \u00e9xito.","robots":{"index":"index","follow":"follow","max-snippet":"max-snippet:-1","max-image-preview":"max-image-preview:large","max-video-preview":"max-video-preview:-1"},"canonical":"https:\/\/www.rain.it\/es\/recursos-guias-riego\/","og_locale":"es_ES","og_type":"article","og_title":"Recursos y gu\u00edas de riego | Rain","og_description":"Acceda a los completos recursos y gu\u00edas de Rain para sistemas de riego: consejos de expertos, instrucciones detalladas y herramientas \u00fatiles para regar con \u00e9xito.","og_url":"https:\/\/www.rain.it\/es\/recursos-guias-riego\/","og_site_name":"Rain","article_modified_time":"2023-12-27T16:36:59+00:00","twitter_card":"summary_large_image","twitter_misc":{"Est. reading time":"1 minuto"},"schema":{"@context":"https:\/\/schema.org","@graph":[{"@type":"WebPage","@id":"https:\/\/www.rain.it\/es\/recursos-guias-riego\/","url":"https:\/\/www.rain.it\/es\/recursos-guias-riego\/","name":"Recursos y gu\u00edas de riego | Rain","isPartOf":{"@id":"https:\/\/www.rain.it\/es\/#website"},"datePublished":"2023-07-06T10:27:08+00:00","dateModified":"2023-12-27T16:36:59+00:00","description":"Acceda a los completos recursos y gu\u00edas de Rain para sistemas de riego: consejos de expertos, instrucciones detalladas y herramientas \u00fatiles para regar con \u00e9xito.","breadcrumb":{"@id":"https:\/\/www.rain.it\/es\/recursos-guias-riego\/#breadcrumb"},"inLanguage":"es","potentialAction":[{"@type":"ReadAction","target":["https:\/\/www.rain.it\/es\/recursos-guias-riego\/"]}]},{"@type":"BreadcrumbList","@id":"https:\/\/www.rain.it\/es\/recursos-guias-riego\/#breadcrumb","itemListElement":[{"@type":"ListItem","position":1,"name":"Home","item":"https:\/\/www.rain.it\/es\/"},{"@type":"ListItem","position":2,"name":"Gu\u00eda de riego"}]},{"@type":"WebSite","@id":"https:\/\/www.rain.it\/es\/#website","url":"https:\/\/www.rain.it\/es\/","name":"Rain","description":"","potentialAction":[{"@type":"SearchAction","target":{"@type":"EntryPoint","urlTemplate":"https:\/\/www.rain.it\/es\/?s={search_term_string}"},"query-input":"required name=search_term_string"}],"inLanguage":"es"}]}},"_links":{"self":[{"href":"https:\/\/www.rain.it\/es\/wp-json\/wp\/v2\/pages\/4226"}],"collection":[{"href":"https:\/\/www.rain.it\/es\/wp-json\/wp\/v2\/pages"}],"about":[{"href":"https:\/\/www.rain.it\/es\/wp-json\/wp\/v2\/types\/page"}],"author":[{"embeddable":true,"href":"https:\/\/www.rain.it\/es\/wp-json\/wp\/v2\/users\/1"}],"replies":[{"embeddable":true,"href":"https:\/\/www.rain.it\/es\/wp-json\/wp\/v2\/comments?post=4226"}],"version-history":[{"count":5,"href":"https:\/\/www.rain.it\/es\/wp-json\/wp\/v2\/pages\/4226\/revisions"}],"predecessor-version":[{"id":6689,"href":"https:\/\/www.rain.it\/es\/wp-json\/wp\/v2\/pages\/4226\/revisions\/6689"}],"wp:attachment":[{"href":"https:\/\/www.rain.it\/es\/wp-json\/wp\/v2\/media?parent=4226"}],"curies":[{"name":"wp","href":"https:\/\/api.w.org\/{rel}","templated":true}]}}