{"id":3587,"date":"2023-07-06T09:15:14","date_gmt":"2023-07-06T07:15:14","guid":{"rendered":"https:\/\/www.rain.it\/contatti-rain\/"},"modified":"2023-12-22T10:57:58","modified_gmt":"2023-12-22T09:57:58","slug":"contactos","status":"publish","type":"page","link":"https:\/\/www.rain.it\/es\/contactos\/","title":{"rendered":"Contactos"},"content":{"rendered":"","protected":false},"excerpt":{"rendered":"","protected":false},"author":1,"featured_media":0,"parent":0,"menu_order":20,"comment_status":"closed","ping_status":"closed","template":"template-contatti.php","meta":[],"acf":[],"yoast_head":"<!-- This site is optimized with the Yoast SEO plugin v20.10 - https:\/\/yoast.com\/wordpress\/plugins\/seo\/ -->\n<title>P\u00f3ngase en contacto con | Rain<\/title>\n<meta name=\"description\" content=\"P\u00f3ngase en contacto con nosotros para obtener informaci\u00f3n y asistencia sobre los productos RAIN: nuestro departamento t\u00e9cnico est\u00e1 a su disposici\u00f3n.\" \/>\n<meta name=\"robots\" content=\"index, follow, max-snippet:-1, max-image-preview:large, max-video-preview:-1\" \/>\n<link rel=\"canonical\" href=\"https:\/\/www.rain.it\/es\/contactos\/\" \/>\n<meta property=\"og:locale\" content=\"es_ES\" \/>\n<meta property=\"og:type\" content=\"article\" \/>\n<meta property=\"og:title\" content=\"P\u00f3ngase en contacto con | Rain\" \/>\n<meta property=\"og:description\" content=\"P\u00f3ngase en contacto con nosotros para obtener informaci\u00f3n y asistencia sobre los productos RAIN: nuestro departamento t\u00e9cnico est\u00e1 a su disposici\u00f3n.\" \/>\n<meta property=\"og:url\" content=\"https:\/\/www.rain.it\/es\/contactos\/\" \/>\n<meta property=\"og:site_name\" content=\"Rain\" \/>\n<meta property=\"article:modified_time\" content=\"2023-12-22T09:57:58+00:00\" \/>\n<meta name=\"twitter:card\" content=\"summary_large_image\" \/>\n<script type=\"application\/ld+json\" class=\"yoast-schema-graph\">{\"@context\":\"https:\/\/schema.org\",\"@graph\":[{\"@type\":\"WebPage\",\"@id\":\"https:\/\/www.rain.it\/es\/contactos\/\",\"url\":\"https:\/\/www.rain.it\/es\/contactos\/\",\"name\":\"P\u00f3ngase en contacto con | Rain\",\"isPartOf\":{\"@id\":\"https:\/\/www.rain.it\/es\/#website\"},\"datePublished\":\"2023-07-06T07:15:14+00:00\",\"dateModified\":\"2023-12-22T09:57:58+00:00\",\"description\":\"P\u00f3ngase en contacto con nosotros para obtener informaci\u00f3n y asistencia sobre los productos RAIN: nuestro departamento t\u00e9cnico est\u00e1 a su disposici\u00f3n.\",\"breadcrumb\":{\"@id\":\"https:\/\/www.rain.it\/es\/contactos\/#breadcrumb\"},\"inLanguage\":\"es\",\"potentialAction\":[{\"@type\":\"ReadAction\",\"target\":[\"https:\/\/www.rain.it\/es\/contactos\/\"]}]},{\"@type\":\"BreadcrumbList\",\"@id\":\"https:\/\/www.rain.it\/es\/contactos\/#breadcrumb\",\"itemListElement\":[{\"@type\":\"ListItem\",\"position\":1,\"name\":\"Home\",\"item\":\"https:\/\/www.rain.it\/es\/\"},{\"@type\":\"ListItem\",\"position\":2,\"name\":\"Contactos\"}]},{\"@type\":\"WebSite\",\"@id\":\"https:\/\/www.rain.it\/es\/#website\",\"url\":\"https:\/\/www.rain.it\/es\/\",\"name\":\"Rain\",\"description\":\"\",\"potentialAction\":[{\"@type\":\"SearchAction\",\"target\":{\"@type\":\"EntryPoint\",\"urlTemplate\":\"https:\/\/www.rain.it\/es\/?s={search_term_string}\"},\"query-input\":\"required name=search_term_string\"}],\"inLanguage\":\"es\"}]}<\/script>\n<!-- \/ Yoast SEO plugin. -->","yoast_head_json":{"title":"P\u00f3ngase en contacto con | Rain","description":"P\u00f3ngase en contacto con nosotros para obtener informaci\u00f3n y asistencia sobre los productos RAIN: nuestro departamento t\u00e9cnico est\u00e1 a su disposici\u00f3n.","robots":{"index":"index","follow":"follow","max-snippet":"max-snippet:-1","max-image-preview":"max-image-preview:large","max-video-preview":"max-video-preview:-1"},"canonical":"https:\/\/www.rain.it\/es\/contactos\/","og_locale":"es_ES","og_type":"article","og_title":"P\u00f3ngase en contacto con | Rain","og_description":"P\u00f3ngase en contacto con nosotros para obtener informaci\u00f3n y asistencia sobre los productos RAIN: nuestro departamento t\u00e9cnico est\u00e1 a su disposici\u00f3n.","og_url":"https:\/\/www.rain.it\/es\/contactos\/","og_site_name":"Rain","article_modified_time":"2023-12-22T09:57:58+00:00","twitter_card":"summary_large_image","schema":{"@context":"https:\/\/schema.org","@graph":[{"@type":"WebPage","@id":"https:\/\/www.rain.it\/es\/contactos\/","url":"https:\/\/www.rain.it\/es\/contactos\/","name":"P\u00f3ngase en contacto con | Rain","isPartOf":{"@id":"https:\/\/www.rain.it\/es\/#website"},"datePublished":"2023-07-06T07:15:14+00:00","dateModified":"2023-12-22T09:57:58+00:00","description":"P\u00f3ngase en contacto con nosotros para obtener informaci\u00f3n y asistencia sobre los productos RAIN: nuestro departamento t\u00e9cnico est\u00e1 a su disposici\u00f3n.","breadcrumb":{"@id":"https:\/\/www.rain.it\/es\/contactos\/#breadcrumb"},"inLanguage":"es","potentialAction":[{"@type":"ReadAction","target":["https:\/\/www.rain.it\/es\/contactos\/"]}]},{"@type":"BreadcrumbList","@id":"https:\/\/www.rain.it\/es\/contactos\/#breadcrumb","itemListElement":[{"@type":"ListItem","position":1,"name":"Home","item":"https:\/\/www.rain.it\/es\/"},{"@type":"ListItem","position":2,"name":"Contactos"}]},{"@type":"WebSite","@id":"https:\/\/www.rain.it\/es\/#website","url":"https:\/\/www.rain.it\/es\/","name":"Rain","description":"","potentialAction":[{"@type":"SearchAction","target":{"@type":"EntryPoint","urlTemplate":"https:\/\/www.rain.it\/es\/?s={search_term_string}"},"query-input":"required name=search_term_string"}],"inLanguage":"es"}]}},"_links":{"self":[{"href":"https:\/\/www.rain.it\/es\/wp-json\/wp\/v2\/pages\/3587"}],"collection":[{"href":"https:\/\/www.rain.it\/es\/wp-json\/wp\/v2\/pages"}],"about":[{"href":"https:\/\/www.rain.it\/es\/wp-json\/wp\/v2\/types\/page"}],"author":[{"embeddable":true,"href":"https:\/\/www.rain.it\/es\/wp-json\/wp\/v2\/users\/1"}],"replies":[{"embeddable":true,"href":"https:\/\/www.rain.it\/es\/wp-json\/wp\/v2\/comments?post=3587"}],"version-history":[{"count":2,"href":"https:\/\/www.rain.it\/es\/wp-json\/wp\/v2\/pages\/3587\/revisions"}],"predecessor-version":[{"id":6462,"href":"https:\/\/www.rain.it\/es\/wp-json\/wp\/v2\/pages\/3587\/revisions\/6462"}],"wp:attachment":[{"href":"https:\/\/www.rain.it\/es\/wp-json\/wp\/v2\/media?parent=3587"}],"curies":[{"name":"wp","href":"https:\/\/api.w.org\/{rel}","templated":true}]}}