{"id":5681,"date":"2023-10-21T01:23:46","date_gmt":"2023-10-20T23:23:46","guid":{"rendered":""},"modified":"2026-05-06T08:47:48","modified_gmt":"2026-05-06T08:47:48","slug":"bewaesserungs-set-fuer-30-toepfe-druckkompensierend-mit-amico-wasserhahnsteuergeraet","status":"publish","type":"product","link":"https:\/\/www.rain.it\/de\/produkt\/bewaesserungs-set-fuer-30-toepfe-druckkompensierend-mit-amico-wasserhahnsteuergeraet\/","title":{"rendered":"Bew\u00e4sserungs-Set f\u00fcr 30 T\u00f6pfe druckkompensierend mit Amico+ Wasserhahnsteuerger\u00e4t"},"content":{"rendered":"","protected":false},"excerpt":{"rendered":"","protected":false},"featured_media":0,"comment_status":"closed","ping_status":"closed","template":"","meta":[],"product_cat":[596],"product_tag":[],"acf":[],"yoast_head":"<!-- This site is optimized with the Yoast SEO plugin v20.10 - https:\/\/yoast.com\/wordpress\/plugins\/seo\/ -->\n<title>Bew\u00e4sserungs-Set f\u00fcr 30 T\u00f6pfe druckkompensierend mit Amico+ Wasserhahnsteuerger\u00e4t | Rain<\/title>\n<meta name=\"description\" content=\"Rain bietet hochwertige Bew\u00e4sserungsprodukte, darunter Bew\u00e4sserungs-Set f\u00fcr 30 T\u00f6pfe druckkompensierend mit Amico+ Wasserhahnsteuerger\u00e4t Entdecken Sie unsere Produktpalette und fordern Sie ein Angebot an!\" \/>\n<meta name=\"robots\" content=\"index, follow, max-snippet:-1, max-image-preview:large, max-video-preview:-1\" \/>\n<link rel=\"canonical\" href=\"https:\/\/www.rain.it\/de\/produkt\/bewaesserungs-set-fuer-30-toepfe-druckkompensierend-mit-amico-wasserhahnsteuergeraet\/\" \/>\n<meta property=\"og:locale\" content=\"de_DE\" \/>\n<meta property=\"og:type\" content=\"article\" \/>\n<meta property=\"og:title\" content=\"Bew\u00e4sserungs-Set f\u00fcr 30 T\u00f6pfe druckkompensierend mit Amico+ Wasserhahnsteuerger\u00e4t | Rain\" \/>\n<meta property=\"og:description\" content=\"Rain bietet hochwertige Bew\u00e4sserungsprodukte, darunter Bew\u00e4sserungs-Set f\u00fcr 30 T\u00f6pfe druckkompensierend mit Amico+ Wasserhahnsteuerger\u00e4t Entdecken Sie unsere Produktpalette und fordern Sie ein Angebot an!\" \/>\n<meta property=\"og:url\" content=\"https:\/\/www.rain.it\/de\/produkt\/bewaesserungs-set-fuer-30-toepfe-druckkompensierend-mit-amico-wasserhahnsteuergeraet\/\" \/>\n<meta property=\"og:site_name\" content=\"Rain\" \/>\n<meta property=\"article:modified_time\" content=\"2026-05-06T08:47:48+00:00\" \/>\n<meta name=\"twitter:card\" content=\"summary_large_image\" \/>\n<script type=\"application\/ld+json\" class=\"yoast-schema-graph\">{\"@context\":\"https:\/\/schema.org\",\"@graph\":[{\"@type\":\"WebPage\",\"@id\":\"https:\/\/www.rain.it\/de\/produkt\/bewaesserungs-set-fuer-30-toepfe-druckkompensierend-mit-amico-wasserhahnsteuergeraet\/\",\"url\":\"https:\/\/www.rain.it\/de\/produkt\/bewaesserungs-set-fuer-30-toepfe-druckkompensierend-mit-amico-wasserhahnsteuergeraet\/\",\"name\":\"Bew\u00e4sserungs-Set f\u00fcr 30 T\u00f6pfe druckkompensierend mit Amico+ Wasserhahnsteuerger\u00e4t | Rain\",\"isPartOf\":{\"@id\":\"https:\/\/www.rain.it\/de\/#website\"},\"datePublished\":\"2023-10-20T23:23:46+00:00\",\"dateModified\":\"2026-05-06T08:47:48+00:00\",\"description\":\"Rain bietet hochwertige Bew\u00e4sserungsprodukte, darunter Bew\u00e4sserungs-Set f\u00fcr 30 T\u00f6pfe druckkompensierend mit Amico+ Wasserhahnsteuerger\u00e4t Entdecken Sie unsere Produktpalette und fordern Sie ein Angebot an!\",\"breadcrumb\":{\"@id\":\"https:\/\/www.rain.it\/de\/produkt\/bewaesserungs-set-fuer-30-toepfe-druckkompensierend-mit-amico-wasserhahnsteuergeraet\/#breadcrumb\"},\"inLanguage\":\"de-DE\",\"potentialAction\":[{\"@type\":\"ReadAction\",\"target\":[\"https:\/\/www.rain.it\/de\/produkt\/bewaesserungs-set-fuer-30-toepfe-druckkompensierend-mit-amico-wasserhahnsteuergeraet\/\"]}]},{\"@type\":\"BreadcrumbList\",\"@id\":\"https:\/\/www.rain.it\/de\/produkt\/bewaesserungs-set-fuer-30-toepfe-druckkompensierend-mit-amico-wasserhahnsteuergeraet\/#breadcrumb\",\"itemListElement\":[{\"@type\":\"ListItem\",\"position\":1,\"name\":\"Home\",\"item\":\"https:\/\/www.rain.it\/de\/\"},{\"@type\":\"ListItem\",\"position\":2,\"name\":\"Produkte\",\"item\":\"https:\/\/www.rain.it\/de\/produkte\/\"},{\"@type\":\"ListItem\",\"position\":3,\"name\":\"MyFarm Bew\u00e4sserungs-Set\",\"item\":\"https:\/\/www.rain.it\/de\/17572966-myfarm-bewasserungs-set-de\/\"},{\"@type\":\"ListItem\",\"position\":4,\"name\":\"Balkon\",\"item\":\"https:\/\/www.rain.it\/de\/17572966-myfarm-bewasserungs-set-de\/17573001-balkon-de\/\"},{\"@type\":\"ListItem\",\"position\":5,\"name\":\"Bew\u00e4sserungs-Set f\u00fcr 30 T\u00f6pfe druckkompensierend mit Amico+ Wasserhahnsteuerger\u00e4t\"}]},{\"@type\":\"WebSite\",\"@id\":\"https:\/\/www.rain.it\/de\/#website\",\"url\":\"https:\/\/www.rain.it\/de\/\",\"name\":\"Rain\",\"description\":\"\",\"potentialAction\":[{\"@type\":\"SearchAction\",\"target\":{\"@type\":\"EntryPoint\",\"urlTemplate\":\"https:\/\/www.rain.it\/de\/?s={search_term_string}\"},\"query-input\":\"required name=search_term_string\"}],\"inLanguage\":\"de-DE\"}]}<\/script>\n<!-- \/ Yoast SEO plugin. -->","yoast_head_json":{"title":"Bew\u00e4sserungs-Set f\u00fcr 30 T\u00f6pfe druckkompensierend mit Amico+ Wasserhahnsteuerger\u00e4t | Rain","description":"Rain bietet hochwertige Bew\u00e4sserungsprodukte, darunter Bew\u00e4sserungs-Set f\u00fcr 30 T\u00f6pfe druckkompensierend mit Amico+ Wasserhahnsteuerger\u00e4t Entdecken Sie unsere Produktpalette und fordern Sie ein Angebot an!","robots":{"index":"index","follow":"follow","max-snippet":"max-snippet:-1","max-image-preview":"max-image-preview:large","max-video-preview":"max-video-preview:-1"},"canonical":"https:\/\/www.rain.it\/de\/produkt\/bewaesserungs-set-fuer-30-toepfe-druckkompensierend-mit-amico-wasserhahnsteuergeraet\/","og_locale":"de_DE","og_type":"article","og_title":"Bew\u00e4sserungs-Set f\u00fcr 30 T\u00f6pfe druckkompensierend mit Amico+ Wasserhahnsteuerger\u00e4t | Rain","og_description":"Rain bietet hochwertige Bew\u00e4sserungsprodukte, darunter Bew\u00e4sserungs-Set f\u00fcr 30 T\u00f6pfe druckkompensierend mit Amico+ Wasserhahnsteuerger\u00e4t Entdecken Sie unsere Produktpalette und fordern Sie ein Angebot an!","og_url":"https:\/\/www.rain.it\/de\/produkt\/bewaesserungs-set-fuer-30-toepfe-druckkompensierend-mit-amico-wasserhahnsteuergeraet\/","og_site_name":"Rain","article_modified_time":"2026-05-06T08:47:48+00:00","twitter_card":"summary_large_image","schema":{"@context":"https:\/\/schema.org","@graph":[{"@type":"WebPage","@id":"https:\/\/www.rain.it\/de\/produkt\/bewaesserungs-set-fuer-30-toepfe-druckkompensierend-mit-amico-wasserhahnsteuergeraet\/","url":"https:\/\/www.rain.it\/de\/produkt\/bewaesserungs-set-fuer-30-toepfe-druckkompensierend-mit-amico-wasserhahnsteuergeraet\/","name":"Bew\u00e4sserungs-Set f\u00fcr 30 T\u00f6pfe druckkompensierend mit Amico+ Wasserhahnsteuerger\u00e4t | Rain","isPartOf":{"@id":"https:\/\/www.rain.it\/de\/#website"},"datePublished":"2023-10-20T23:23:46+00:00","dateModified":"2026-05-06T08:47:48+00:00","description":"Rain bietet hochwertige Bew\u00e4sserungsprodukte, darunter Bew\u00e4sserungs-Set f\u00fcr 30 T\u00f6pfe druckkompensierend mit Amico+ Wasserhahnsteuerger\u00e4t Entdecken Sie unsere Produktpalette und fordern Sie ein Angebot an!","breadcrumb":{"@id":"https:\/\/www.rain.it\/de\/produkt\/bewaesserungs-set-fuer-30-toepfe-druckkompensierend-mit-amico-wasserhahnsteuergeraet\/#breadcrumb"},"inLanguage":"de-DE","potentialAction":[{"@type":"ReadAction","target":["https:\/\/www.rain.it\/de\/produkt\/bewaesserungs-set-fuer-30-toepfe-druckkompensierend-mit-amico-wasserhahnsteuergeraet\/"]}]},{"@type":"BreadcrumbList","@id":"https:\/\/www.rain.it\/de\/produkt\/bewaesserungs-set-fuer-30-toepfe-druckkompensierend-mit-amico-wasserhahnsteuergeraet\/#breadcrumb","itemListElement":[{"@type":"ListItem","position":1,"name":"Home","item":"https:\/\/www.rain.it\/de\/"},{"@type":"ListItem","position":2,"name":"Produkte","item":"https:\/\/www.rain.it\/de\/produkte\/"},{"@type":"ListItem","position":3,"name":"MyFarm Bew\u00e4sserungs-Set","item":"https:\/\/www.rain.it\/de\/17572966-myfarm-bewasserungs-set-de\/"},{"@type":"ListItem","position":4,"name":"Balkon","item":"https:\/\/www.rain.it\/de\/17572966-myfarm-bewasserungs-set-de\/17573001-balkon-de\/"},{"@type":"ListItem","position":5,"name":"Bew\u00e4sserungs-Set f\u00fcr 30 T\u00f6pfe druckkompensierend mit Amico+ Wasserhahnsteuerger\u00e4t"}]},{"@type":"WebSite","@id":"https:\/\/www.rain.it\/de\/#website","url":"https:\/\/www.rain.it\/de\/","name":"Rain","description":"","potentialAction":[{"@type":"SearchAction","target":{"@type":"EntryPoint","urlTemplate":"https:\/\/www.rain.it\/de\/?s={search_term_string}"},"query-input":"required name=search_term_string"}],"inLanguage":"de-DE"}]}},"_links":{"self":[{"href":"https:\/\/www.rain.it\/de\/wp-json\/wp\/v2\/product\/5681"}],"collection":[{"href":"https:\/\/www.rain.it\/de\/wp-json\/wp\/v2\/product"}],"about":[{"href":"https:\/\/www.rain.it\/de\/wp-json\/wp\/v2\/types\/product"}],"replies":[{"embeddable":true,"href":"https:\/\/www.rain.it\/de\/wp-json\/wp\/v2\/comments?post=5681"}],"wp:attachment":[{"href":"https:\/\/www.rain.it\/de\/wp-json\/wp\/v2\/media?parent=5681"}],"wp:term":[{"taxonomy":"product_cat","embeddable":true,"href":"https:\/\/www.rain.it\/de\/wp-json\/wp\/v2\/product_cat?post=5681"},{"taxonomy":"product_tag","embeddable":true,"href":"https:\/\/www.rain.it\/de\/wp-json\/wp\/v2\/product_tag?post=5681"}],"curies":[{"name":"wp","href":"https:\/\/api.w.org\/{rel}","templated":true}]}}