{"id":5514,"date":"2023-10-21T01:23:44","date_gmt":"2023-10-20T23:23:44","guid":{"rendered":""},"modified":"2026-03-20T00:30:10","modified_gmt":"2026-03-20T00:30:10","slug":"unnamed-232","status":"publish","type":"product","link":"https:\/\/www.rain.it\/de\/produkt\/unnamed-232\/","title":{"rendered":"S050S-S075S Einstellschl\u00fcssel wei\u00df"},"content":{"rendered":"","protected":false},"excerpt":{"rendered":"","protected":false},"featured_media":0,"comment_status":"closed","ping_status":"closed","template":"","meta":[],"product_cat":[],"product_tag":[],"acf":[],"yoast_head":"<!-- This site is optimized with the Yoast SEO plugin v20.10 - https:\/\/yoast.com\/wordpress\/plugins\/seo\/ -->\n<title>S050S-S075S Einstellschl\u00fcssel wei\u00df | Rain<\/title>\n<meta name=\"description\" content=\"Rain bietet hochwertige Bew\u00e4sserungsprodukte, darunter S050S-S075S Einstellschl\u00fcssel wei\u00df Entdecken Sie unsere Produktpalette und fordern Sie ein Angebot an!\" \/>\n<meta name=\"robots\" content=\"index, follow, max-snippet:-1, max-image-preview:large, max-video-preview:-1\" \/>\n<link rel=\"canonical\" href=\"https:\/\/www.rain.it\/de\/produkt\/unnamed-232\/\" \/>\n<meta property=\"og:locale\" content=\"de_DE\" \/>\n<meta property=\"og:type\" content=\"article\" \/>\n<meta property=\"og:title\" content=\"S050S-S075S Einstellschl\u00fcssel wei\u00df | Rain\" \/>\n<meta property=\"og:description\" content=\"Rain bietet hochwertige Bew\u00e4sserungsprodukte, darunter S050S-S075S Einstellschl\u00fcssel wei\u00df Entdecken Sie unsere Produktpalette und fordern Sie ein Angebot an!\" \/>\n<meta property=\"og:url\" content=\"https:\/\/www.rain.it\/de\/produkt\/unnamed-232\/\" \/>\n<meta property=\"og:site_name\" content=\"Rain\" \/>\n<meta property=\"article:modified_time\" content=\"2026-03-20T00:30:10+00:00\" \/>\n<meta name=\"twitter:card\" content=\"summary_large_image\" \/>\n<script type=\"application\/ld+json\" class=\"yoast-schema-graph\">{\"@context\":\"https:\/\/schema.org\",\"@graph\":[{\"@type\":\"WebPage\",\"@id\":\"https:\/\/www.rain.it\/de\/produkt\/unnamed-232\/\",\"url\":\"https:\/\/www.rain.it\/de\/produkt\/unnamed-232\/\",\"name\":\"S050S-S075S Einstellschl\u00fcssel wei\u00df | Rain\",\"isPartOf\":{\"@id\":\"https:\/\/www.rain.it\/de\/#website\"},\"datePublished\":\"2023-10-20T23:23:44+00:00\",\"dateModified\":\"2026-03-20T00:30:10+00:00\",\"description\":\"Rain bietet hochwertige Bew\u00e4sserungsprodukte, darunter S050S-S075S Einstellschl\u00fcssel wei\u00df Entdecken Sie unsere Produktpalette und fordern Sie ein Angebot an!\",\"breadcrumb\":{\"@id\":\"https:\/\/www.rain.it\/de\/produkt\/unnamed-232\/#breadcrumb\"},\"inLanguage\":\"de-DE\",\"potentialAction\":[{\"@type\":\"ReadAction\",\"target\":[\"https:\/\/www.rain.it\/de\/produkt\/unnamed-232\/\"]}]},{\"@type\":\"BreadcrumbList\",\"@id\":\"https:\/\/www.rain.it\/de\/produkt\/unnamed-232\/#breadcrumb\",\"itemListElement\":[{\"@type\":\"ListItem\",\"position\":1,\"name\":\"Home\",\"item\":\"https:\/\/www.rain.it\/de\/\"},{\"@type\":\"ListItem\",\"position\":2,\"name\":\"Produkte\",\"item\":\"https:\/\/www.rain.it\/de\/produkte\/\"},{\"@type\":\"ListItem\",\"position\":3,\"name\":\"S050S-S075S Einstellschl\u00fcssel wei\u00df\"}]},{\"@type\":\"WebSite\",\"@id\":\"https:\/\/www.rain.it\/de\/#website\",\"url\":\"https:\/\/www.rain.it\/de\/\",\"name\":\"Rain\",\"description\":\"\",\"potentialAction\":[{\"@type\":\"SearchAction\",\"target\":{\"@type\":\"EntryPoint\",\"urlTemplate\":\"https:\/\/www.rain.it\/de\/?s={search_term_string}\"},\"query-input\":\"required name=search_term_string\"}],\"inLanguage\":\"de-DE\"}]}<\/script>\n<!-- \/ Yoast SEO plugin. -->","yoast_head_json":{"title":"S050S-S075S Einstellschl\u00fcssel wei\u00df | Rain","description":"Rain bietet hochwertige Bew\u00e4sserungsprodukte, darunter S050S-S075S Einstellschl\u00fcssel wei\u00df Entdecken Sie unsere Produktpalette und fordern Sie ein Angebot an!","robots":{"index":"index","follow":"follow","max-snippet":"max-snippet:-1","max-image-preview":"max-image-preview:large","max-video-preview":"max-video-preview:-1"},"canonical":"https:\/\/www.rain.it\/de\/produkt\/unnamed-232\/","og_locale":"de_DE","og_type":"article","og_title":"S050S-S075S Einstellschl\u00fcssel wei\u00df | Rain","og_description":"Rain bietet hochwertige Bew\u00e4sserungsprodukte, darunter S050S-S075S Einstellschl\u00fcssel wei\u00df Entdecken Sie unsere Produktpalette und fordern Sie ein Angebot an!","og_url":"https:\/\/www.rain.it\/de\/produkt\/unnamed-232\/","og_site_name":"Rain","article_modified_time":"2026-03-20T00:30:10+00:00","twitter_card":"summary_large_image","schema":{"@context":"https:\/\/schema.org","@graph":[{"@type":"WebPage","@id":"https:\/\/www.rain.it\/de\/produkt\/unnamed-232\/","url":"https:\/\/www.rain.it\/de\/produkt\/unnamed-232\/","name":"S050S-S075S Einstellschl\u00fcssel wei\u00df | Rain","isPartOf":{"@id":"https:\/\/www.rain.it\/de\/#website"},"datePublished":"2023-10-20T23:23:44+00:00","dateModified":"2026-03-20T00:30:10+00:00","description":"Rain bietet hochwertige Bew\u00e4sserungsprodukte, darunter S050S-S075S Einstellschl\u00fcssel wei\u00df Entdecken Sie unsere Produktpalette und fordern Sie ein Angebot an!","breadcrumb":{"@id":"https:\/\/www.rain.it\/de\/produkt\/unnamed-232\/#breadcrumb"},"inLanguage":"de-DE","potentialAction":[{"@type":"ReadAction","target":["https:\/\/www.rain.it\/de\/produkt\/unnamed-232\/"]}]},{"@type":"BreadcrumbList","@id":"https:\/\/www.rain.it\/de\/produkt\/unnamed-232\/#breadcrumb","itemListElement":[{"@type":"ListItem","position":1,"name":"Home","item":"https:\/\/www.rain.it\/de\/"},{"@type":"ListItem","position":2,"name":"Produkte","item":"https:\/\/www.rain.it\/de\/produkte\/"},{"@type":"ListItem","position":3,"name":"S050S-S075S Einstellschl\u00fcssel wei\u00df"}]},{"@type":"WebSite","@id":"https:\/\/www.rain.it\/de\/#website","url":"https:\/\/www.rain.it\/de\/","name":"Rain","description":"","potentialAction":[{"@type":"SearchAction","target":{"@type":"EntryPoint","urlTemplate":"https:\/\/www.rain.it\/de\/?s={search_term_string}"},"query-input":"required name=search_term_string"}],"inLanguage":"de-DE"}]}},"_links":{"self":[{"href":"https:\/\/www.rain.it\/de\/wp-json\/wp\/v2\/product\/5514"}],"collection":[{"href":"https:\/\/www.rain.it\/de\/wp-json\/wp\/v2\/product"}],"about":[{"href":"https:\/\/www.rain.it\/de\/wp-json\/wp\/v2\/types\/product"}],"replies":[{"embeddable":true,"href":"https:\/\/www.rain.it\/de\/wp-json\/wp\/v2\/comments?post=5514"}],"wp:attachment":[{"href":"https:\/\/www.rain.it\/de\/wp-json\/wp\/v2\/media?parent=5514"}],"wp:term":[{"taxonomy":"product_cat","embeddable":true,"href":"https:\/\/www.rain.it\/de\/wp-json\/wp\/v2\/product_cat?post=5514"},{"taxonomy":"product_tag","embeddable":true,"href":"https:\/\/www.rain.it\/de\/wp-json\/wp\/v2\/product_tag?post=5514"}],"curies":[{"name":"wp","href":"https:\/\/api.w.org\/{rel}","templated":true}]}}