{"id":6108,"date":"2023-07-06T09:15:14","date_gmt":"2023-07-06T07:15:14","guid":{"rendered":"https:\/\/www.rain.it\/home\/"},"modified":"2025-12-23T16:30:04","modified_gmt":"2025-12-23T15:30:04","slug":"home","status":"publish","type":"page","link":"https:\/\/www.rain.it\/de\/","title":{"rendered":"Home"},"content":{"rendered":"","protected":false},"excerpt":{"rendered":"","protected":false},"author":1,"featured_media":0,"parent":0,"menu_order":1,"comment_status":"closed","ping_status":"closed","template":"template-home.php","meta":[],"acf":[],"yoast_head":"<!-- This site is optimized with the Yoast SEO plugin v20.10 - https:\/\/yoast.com\/wordpress\/plugins\/seo\/ -->\n<title>Bew\u00e4sserungssysteme f\u00fcr Haus und Gesch\u00e4ft | Rain<\/title>\n<meta name=\"description\" content=\"Entdecken Sie die Produkte von Rain f\u00fcr die Bew\u00e4sserung von Parks, G\u00e4rten und Gem\u00fcseg\u00e4rten. Kaufen Sie jetzt Regner, Magnetventile und Steuerger\u00e4te f\u00fcr eine effiziente und rationelle Bew\u00e4sserung!\" \/>\n<meta name=\"robots\" content=\"index, follow, max-snippet:-1, max-image-preview:large, max-video-preview:-1\" \/>\n<link rel=\"canonical\" href=\"https:\/\/www.rain.it\/de\/\" \/>\n<meta property=\"og:locale\" content=\"de_DE\" \/>\n<meta property=\"og:type\" content=\"article\" \/>\n<meta property=\"og:title\" content=\"Bew\u00e4sserungssysteme f\u00fcr Haus und Gesch\u00e4ft | Rain\" \/>\n<meta property=\"og:description\" content=\"Entdecken Sie die Produkte von Rain f\u00fcr die Bew\u00e4sserung von Parks, G\u00e4rten und Gem\u00fcseg\u00e4rten. Kaufen Sie jetzt Regner, Magnetventile und Steuerger\u00e4te f\u00fcr eine effiziente und rationelle Bew\u00e4sserung!\" \/>\n<meta property=\"og:url\" content=\"https:\/\/www.rain.it\/de\/\" \/>\n<meta property=\"og:site_name\" content=\"Rain\" \/>\n<meta property=\"article:modified_time\" content=\"2025-12-23T15:30:04+00:00\" \/>\n<meta name=\"twitter:card\" content=\"summary_large_image\" \/>\n<script type=\"application\/ld+json\" class=\"yoast-schema-graph\">{\"@context\":\"https:\/\/schema.org\",\"@graph\":[{\"@type\":\"WebPage\",\"@id\":\"https:\/\/www.rain.it\/de\/\",\"url\":\"https:\/\/www.rain.it\/de\/\",\"name\":\"Bew\u00e4sserungssysteme f\u00fcr Haus und Gesch\u00e4ft | Rain\",\"isPartOf\":{\"@id\":\"https:\/\/www.rain.it\/de\/#website\"},\"datePublished\":\"2023-07-06T07:15:14+00:00\",\"dateModified\":\"2025-12-23T15:30:04+00:00\",\"description\":\"Entdecken Sie die Produkte von Rain f\u00fcr die Bew\u00e4sserung von Parks, G\u00e4rten und Gem\u00fcseg\u00e4rten. Kaufen Sie jetzt Regner, Magnetventile und Steuerger\u00e4te f\u00fcr eine effiziente und rationelle Bew\u00e4sserung!\",\"breadcrumb\":{\"@id\":\"https:\/\/www.rain.it\/de\/#breadcrumb\"},\"inLanguage\":\"de-DE\",\"potentialAction\":[{\"@type\":\"ReadAction\",\"target\":[\"https:\/\/www.rain.it\/de\/\"]}]},{\"@type\":\"BreadcrumbList\",\"@id\":\"https:\/\/www.rain.it\/de\/#breadcrumb\",\"itemListElement\":[{\"@type\":\"ListItem\",\"position\":1,\"name\":\"Home\",\"item\":\"https:\/\/www.rain.it\/de\/\"},{\"@type\":\"ListItem\",\"position\":2,\"name\":\"Home\"}]},{\"@type\":\"WebSite\",\"@id\":\"https:\/\/www.rain.it\/de\/#website\",\"url\":\"https:\/\/www.rain.it\/de\/\",\"name\":\"Rain\",\"description\":\"\",\"potentialAction\":[{\"@type\":\"SearchAction\",\"target\":{\"@type\":\"EntryPoint\",\"urlTemplate\":\"https:\/\/www.rain.it\/de\/?s={search_term_string}\"},\"query-input\":\"required name=search_term_string\"}],\"inLanguage\":\"de-DE\"}]}<\/script>\n<!-- \/ Yoast SEO plugin. -->","yoast_head_json":{"title":"Bew\u00e4sserungssysteme f\u00fcr Haus und Gesch\u00e4ft | Rain","description":"Entdecken Sie die Produkte von Rain f\u00fcr die Bew\u00e4sserung von Parks, G\u00e4rten und Gem\u00fcseg\u00e4rten. Kaufen Sie jetzt Regner, Magnetventile und Steuerger\u00e4te f\u00fcr eine effiziente und rationelle Bew\u00e4sserung!","robots":{"index":"index","follow":"follow","max-snippet":"max-snippet:-1","max-image-preview":"max-image-preview:large","max-video-preview":"max-video-preview:-1"},"canonical":"https:\/\/www.rain.it\/de\/","og_locale":"de_DE","og_type":"article","og_title":"Bew\u00e4sserungssysteme f\u00fcr Haus und Gesch\u00e4ft | Rain","og_description":"Entdecken Sie die Produkte von Rain f\u00fcr die Bew\u00e4sserung von Parks, G\u00e4rten und Gem\u00fcseg\u00e4rten. Kaufen Sie jetzt Regner, Magnetventile und Steuerger\u00e4te f\u00fcr eine effiziente und rationelle Bew\u00e4sserung!","og_url":"https:\/\/www.rain.it\/de\/","og_site_name":"Rain","article_modified_time":"2025-12-23T15:30:04+00:00","twitter_card":"summary_large_image","schema":{"@context":"https:\/\/schema.org","@graph":[{"@type":"WebPage","@id":"https:\/\/www.rain.it\/de\/","url":"https:\/\/www.rain.it\/de\/","name":"Bew\u00e4sserungssysteme f\u00fcr Haus und Gesch\u00e4ft | Rain","isPartOf":{"@id":"https:\/\/www.rain.it\/de\/#website"},"datePublished":"2023-07-06T07:15:14+00:00","dateModified":"2025-12-23T15:30:04+00:00","description":"Entdecken Sie die Produkte von Rain f\u00fcr die Bew\u00e4sserung von Parks, G\u00e4rten und Gem\u00fcseg\u00e4rten. Kaufen Sie jetzt Regner, Magnetventile und Steuerger\u00e4te f\u00fcr eine effiziente und rationelle Bew\u00e4sserung!","breadcrumb":{"@id":"https:\/\/www.rain.it\/de\/#breadcrumb"},"inLanguage":"de-DE","potentialAction":[{"@type":"ReadAction","target":["https:\/\/www.rain.it\/de\/"]}]},{"@type":"BreadcrumbList","@id":"https:\/\/www.rain.it\/de\/#breadcrumb","itemListElement":[{"@type":"ListItem","position":1,"name":"Home","item":"https:\/\/www.rain.it\/de\/"},{"@type":"ListItem","position":2,"name":"Home"}]},{"@type":"WebSite","@id":"https:\/\/www.rain.it\/de\/#website","url":"https:\/\/www.rain.it\/de\/","name":"Rain","description":"","potentialAction":[{"@type":"SearchAction","target":{"@type":"EntryPoint","urlTemplate":"https:\/\/www.rain.it\/de\/?s={search_term_string}"},"query-input":"required name=search_term_string"}],"inLanguage":"de-DE"}]}},"_links":{"self":[{"href":"https:\/\/www.rain.it\/de\/wp-json\/wp\/v2\/pages\/6108"}],"collection":[{"href":"https:\/\/www.rain.it\/de\/wp-json\/wp\/v2\/pages"}],"about":[{"href":"https:\/\/www.rain.it\/de\/wp-json\/wp\/v2\/types\/page"}],"author":[{"embeddable":true,"href":"https:\/\/www.rain.it\/de\/wp-json\/wp\/v2\/users\/1"}],"replies":[{"embeddable":true,"href":"https:\/\/www.rain.it\/de\/wp-json\/wp\/v2\/comments?post=6108"}],"version-history":[{"count":16,"href":"https:\/\/www.rain.it\/de\/wp-json\/wp\/v2\/pages\/6108\/revisions"}],"predecessor-version":[{"id":12204,"href":"https:\/\/www.rain.it\/de\/wp-json\/wp\/v2\/pages\/6108\/revisions\/12204"}],"wp:attachment":[{"href":"https:\/\/www.rain.it\/de\/wp-json\/wp\/v2\/media?parent=6108"}],"curies":[{"name":"wp","href":"https:\/\/api.w.org\/{rel}","templated":true}]}}