{"id":6048,"date":"2023-09-04T17:54:07","date_gmt":"2023-09-04T15:54:07","guid":{"rendered":"https:\/\/www.rain.it\/produttori-impianti-irrigazione\/"},"modified":"2024-01-08T14:08:37","modified_gmt":"2024-01-08T13:08:37","slug":"innovatoren-seit-1968","status":"publish","type":"page","link":"https:\/\/www.rain.it\/de\/innovatoren-seit-1968\/","title":{"rendered":"Innovatoren seit 1968"},"content":{"rendered":"","protected":false},"excerpt":{"rendered":"","protected":false},"author":1,"featured_media":0,"parent":0,"menu_order":2,"comment_status":"closed","ping_status":"closed","template":"template-chi-siamo.php","meta":[],"acf":[],"yoast_head":"<!-- This site is optimized with the Yoast SEO plugin v20.10 - https:\/\/yoast.com\/wordpress\/plugins\/seo\/ -->\n<title>Bew\u00e4sserungssysteme Hersteller | Rain<\/title>\n<meta name=\"description\" content=\"Rain ist einer der f\u00fchrenden Hersteller von Bew\u00e4sserungssystemen. Entdecken Sie unsere L\u00f6sungen f\u00fcr eine nachhaltige Bew\u00e4sserung Ihres Gartens oder Rasens.\" \/>\n<meta name=\"robots\" content=\"index, follow, max-snippet:-1, max-image-preview:large, max-video-preview:-1\" \/>\n<link rel=\"canonical\" href=\"https:\/\/www.rain.it\/de\/innovatoren-seit-1968\/\" \/>\n<meta property=\"og:locale\" content=\"de_DE\" \/>\n<meta property=\"og:type\" content=\"article\" \/>\n<meta property=\"og:title\" content=\"Bew\u00e4sserungssysteme Hersteller | Rain\" \/>\n<meta property=\"og:description\" content=\"Rain ist einer der f\u00fchrenden Hersteller von Bew\u00e4sserungssystemen. Entdecken Sie unsere L\u00f6sungen f\u00fcr eine nachhaltige Bew\u00e4sserung Ihres Gartens oder Rasens.\" \/>\n<meta property=\"og:url\" content=\"https:\/\/www.rain.it\/de\/innovatoren-seit-1968\/\" \/>\n<meta property=\"og:site_name\" content=\"Rain\" \/>\n<meta property=\"article:modified_time\" content=\"2024-01-08T13:08:37+00:00\" \/>\n<meta name=\"twitter:card\" content=\"summary_large_image\" \/>\n<script type=\"application\/ld+json\" class=\"yoast-schema-graph\">{\"@context\":\"https:\/\/schema.org\",\"@graph\":[{\"@type\":\"WebPage\",\"@id\":\"https:\/\/www.rain.it\/de\/innovatoren-seit-1968\/\",\"url\":\"https:\/\/www.rain.it\/de\/innovatoren-seit-1968\/\",\"name\":\"Bew\u00e4sserungssysteme Hersteller | Rain\",\"isPartOf\":{\"@id\":\"https:\/\/www.rain.it\/de\/#website\"},\"datePublished\":\"2023-09-04T15:54:07+00:00\",\"dateModified\":\"2024-01-08T13:08:37+00:00\",\"description\":\"Rain ist einer der f\u00fchrenden Hersteller von Bew\u00e4sserungssystemen. Entdecken Sie unsere L\u00f6sungen f\u00fcr eine nachhaltige Bew\u00e4sserung Ihres Gartens oder Rasens.\",\"breadcrumb\":{\"@id\":\"https:\/\/www.rain.it\/de\/innovatoren-seit-1968\/#breadcrumb\"},\"inLanguage\":\"de-DE\",\"potentialAction\":[{\"@type\":\"ReadAction\",\"target\":[\"https:\/\/www.rain.it\/de\/innovatoren-seit-1968\/\"]}]},{\"@type\":\"BreadcrumbList\",\"@id\":\"https:\/\/www.rain.it\/de\/innovatoren-seit-1968\/#breadcrumb\",\"itemListElement\":[{\"@type\":\"ListItem\",\"position\":1,\"name\":\"Home\",\"item\":\"https:\/\/www.rain.it\/de\/\"},{\"@type\":\"ListItem\",\"position\":2,\"name\":\"Innovatoren seit 1968\"}]},{\"@type\":\"WebSite\",\"@id\":\"https:\/\/www.rain.it\/de\/#website\",\"url\":\"https:\/\/www.rain.it\/de\/\",\"name\":\"Rain\",\"description\":\"\",\"potentialAction\":[{\"@type\":\"SearchAction\",\"target\":{\"@type\":\"EntryPoint\",\"urlTemplate\":\"https:\/\/www.rain.it\/de\/?s={search_term_string}\"},\"query-input\":\"required name=search_term_string\"}],\"inLanguage\":\"de-DE\"}]}<\/script>\n<!-- \/ Yoast SEO plugin. -->","yoast_head_json":{"title":"Bew\u00e4sserungssysteme Hersteller | Rain","description":"Rain ist einer der f\u00fchrenden Hersteller von Bew\u00e4sserungssystemen. Entdecken Sie unsere L\u00f6sungen f\u00fcr eine nachhaltige Bew\u00e4sserung Ihres Gartens oder Rasens.","robots":{"index":"index","follow":"follow","max-snippet":"max-snippet:-1","max-image-preview":"max-image-preview:large","max-video-preview":"max-video-preview:-1"},"canonical":"https:\/\/www.rain.it\/de\/innovatoren-seit-1968\/","og_locale":"de_DE","og_type":"article","og_title":"Bew\u00e4sserungssysteme Hersteller | Rain","og_description":"Rain ist einer der f\u00fchrenden Hersteller von Bew\u00e4sserungssystemen. Entdecken Sie unsere L\u00f6sungen f\u00fcr eine nachhaltige Bew\u00e4sserung Ihres Gartens oder Rasens.","og_url":"https:\/\/www.rain.it\/de\/innovatoren-seit-1968\/","og_site_name":"Rain","article_modified_time":"2024-01-08T13:08:37+00:00","twitter_card":"summary_large_image","schema":{"@context":"https:\/\/schema.org","@graph":[{"@type":"WebPage","@id":"https:\/\/www.rain.it\/de\/innovatoren-seit-1968\/","url":"https:\/\/www.rain.it\/de\/innovatoren-seit-1968\/","name":"Bew\u00e4sserungssysteme Hersteller | Rain","isPartOf":{"@id":"https:\/\/www.rain.it\/de\/#website"},"datePublished":"2023-09-04T15:54:07+00:00","dateModified":"2024-01-08T13:08:37+00:00","description":"Rain ist einer der f\u00fchrenden Hersteller von Bew\u00e4sserungssystemen. Entdecken Sie unsere L\u00f6sungen f\u00fcr eine nachhaltige Bew\u00e4sserung Ihres Gartens oder Rasens.","breadcrumb":{"@id":"https:\/\/www.rain.it\/de\/innovatoren-seit-1968\/#breadcrumb"},"inLanguage":"de-DE","potentialAction":[{"@type":"ReadAction","target":["https:\/\/www.rain.it\/de\/innovatoren-seit-1968\/"]}]},{"@type":"BreadcrumbList","@id":"https:\/\/www.rain.it\/de\/innovatoren-seit-1968\/#breadcrumb","itemListElement":[{"@type":"ListItem","position":1,"name":"Home","item":"https:\/\/www.rain.it\/de\/"},{"@type":"ListItem","position":2,"name":"Innovatoren seit 1968"}]},{"@type":"WebSite","@id":"https:\/\/www.rain.it\/de\/#website","url":"https:\/\/www.rain.it\/de\/","name":"Rain","description":"","potentialAction":[{"@type":"SearchAction","target":{"@type":"EntryPoint","urlTemplate":"https:\/\/www.rain.it\/de\/?s={search_term_string}"},"query-input":"required name=search_term_string"}],"inLanguage":"de-DE"}]}},"_links":{"self":[{"href":"https:\/\/www.rain.it\/de\/wp-json\/wp\/v2\/pages\/6048"}],"collection":[{"href":"https:\/\/www.rain.it\/de\/wp-json\/wp\/v2\/pages"}],"about":[{"href":"https:\/\/www.rain.it\/de\/wp-json\/wp\/v2\/types\/page"}],"author":[{"embeddable":true,"href":"https:\/\/www.rain.it\/de\/wp-json\/wp\/v2\/users\/1"}],"replies":[{"embeddable":true,"href":"https:\/\/www.rain.it\/de\/wp-json\/wp\/v2\/comments?post=6048"}],"version-history":[{"count":5,"href":"https:\/\/www.rain.it\/de\/wp-json\/wp\/v2\/pages\/6048\/revisions"}],"predecessor-version":[{"id":6621,"href":"https:\/\/www.rain.it\/de\/wp-json\/wp\/v2\/pages\/6048\/revisions\/6621"}],"wp:attachment":[{"href":"https:\/\/www.rain.it\/de\/wp-json\/wp\/v2\/media?parent=6048"}],"curies":[{"name":"wp","href":"https:\/\/api.w.org\/{rel}","templated":true}]}}