{"id":6000,"date":"2023-09-05T09:47:38","date_gmt":"2023-09-05T07:47:38","guid":{"rendered":"https:\/\/www.rain.it\/prodotti-brevettati-per-irrigazione\/"},"modified":"2025-07-22T10:09:59","modified_gmt":"2025-07-22T08:09:59","slug":"hall-of-fame","status":"publish","type":"page","link":"https:\/\/www.rain.it\/de\/hall-of-fame\/","title":{"rendered":"Hall of Fame"},"content":{"rendered":"<p>Seit 1968, als unser Gr\u00fcnder das mittlerweile legend\u00e4re elektromechanische Steuerger\u00e4t mit dem Namen Rainer erfand, wurden zahlreiche Patente f\u00fcr Bew\u00e4sserungsprodukte, -komponenten und -l\u00f6sungen von Rain angemeldet. Es ist kein Zufall, dass wir die besten Produkte entwickeln und herstellen, die die innovativsten und kreativsten technischen L\u00f6sungen nutzen: ob Magnetventile, Steuerger\u00e4te, Ventilboxen oder Zubeh\u00f6r.<\/p>\n","protected":false},"excerpt":{"rendered":"<p>Seit 1968, als unser Gr\u00fcnder das mittlerweile legend\u00e4re elektromechanische Steuerger\u00e4t mit dem Namen Rainer erfand, wurden zahlreiche Patente f\u00fcr Bew\u00e4sserungsprodukte, -komponenten und -l\u00f6sungen von Rain angemeldet. Es ist kein Zufall, dass wir die besten Produkte entwickeln und herstellen, die die innovativsten und kreativsten technischen L\u00f6sungen nutzen: ob Magnetventile, Steuerger\u00e4te, Ventilboxen oder Zubeh\u00f6r.<\/p>\n","protected":false},"author":1,"featured_media":0,"parent":0,"menu_order":5,"comment_status":"closed","ping_status":"closed","template":"template-hall-of-fame.php","meta":[],"acf":[],"yoast_head":"<!-- This site is optimized with the Yoast SEO plugin v20.10 - https:\/\/yoast.com\/wordpress\/plugins\/seo\/ -->\n<title>Hall of Fame | Rain<\/title>\n<meta name=\"description\" content=\"Entdecken Sie die patentierten Bew\u00e4sserungsprodukte von Rain. Nutzen Sie die Innovation unserer Produkte, um hervorragende Ergebnisse in Ihrem Bew\u00e4sserungssystem zu erzielen.\" \/>\n<meta name=\"robots\" content=\"index, follow, max-snippet:-1, max-image-preview:large, max-video-preview:-1\" \/>\n<link rel=\"canonical\" href=\"https:\/\/www.rain.it\/de\/hall-of-fame\/\" \/>\n<meta property=\"og:locale\" content=\"de_DE\" \/>\n<meta property=\"og:type\" content=\"article\" \/>\n<meta property=\"og:title\" content=\"Hall of Fame | Rain\" \/>\n<meta property=\"og:description\" content=\"Entdecken Sie die patentierten Bew\u00e4sserungsprodukte von Rain. Nutzen Sie die Innovation unserer Produkte, um hervorragende Ergebnisse in Ihrem Bew\u00e4sserungssystem zu erzielen.\" \/>\n<meta property=\"og:url\" content=\"https:\/\/www.rain.it\/de\/hall-of-fame\/\" \/>\n<meta property=\"og:site_name\" content=\"Rain\" \/>\n<meta property=\"article:modified_time\" content=\"2025-07-22T08:09:59+00:00\" \/>\n<meta name=\"twitter:card\" content=\"summary_large_image\" \/>\n<meta name=\"twitter:label1\" content=\"Est. reading time\" \/>\n\t<meta name=\"twitter:data1\" content=\"1 Minute\" \/>\n<script type=\"application\/ld+json\" class=\"yoast-schema-graph\">{\"@context\":\"https:\/\/schema.org\",\"@graph\":[{\"@type\":\"WebPage\",\"@id\":\"https:\/\/www.rain.it\/de\/hall-of-fame\/\",\"url\":\"https:\/\/www.rain.it\/de\/hall-of-fame\/\",\"name\":\"Hall of Fame | Rain\",\"isPartOf\":{\"@id\":\"https:\/\/www.rain.it\/de\/#website\"},\"datePublished\":\"2023-09-05T07:47:38+00:00\",\"dateModified\":\"2025-07-22T08:09:59+00:00\",\"description\":\"Entdecken Sie die patentierten Bew\u00e4sserungsprodukte von Rain. Nutzen Sie die Innovation unserer Produkte, um hervorragende Ergebnisse in Ihrem Bew\u00e4sserungssystem zu erzielen.\",\"breadcrumb\":{\"@id\":\"https:\/\/www.rain.it\/de\/hall-of-fame\/#breadcrumb\"},\"inLanguage\":\"de-DE\",\"potentialAction\":[{\"@type\":\"ReadAction\",\"target\":[\"https:\/\/www.rain.it\/de\/hall-of-fame\/\"]}]},{\"@type\":\"BreadcrumbList\",\"@id\":\"https:\/\/www.rain.it\/de\/hall-of-fame\/#breadcrumb\",\"itemListElement\":[{\"@type\":\"ListItem\",\"position\":1,\"name\":\"Home\",\"item\":\"https:\/\/www.rain.it\/de\/\"},{\"@type\":\"ListItem\",\"position\":2,\"name\":\"Hall of Fame\"}]},{\"@type\":\"WebSite\",\"@id\":\"https:\/\/www.rain.it\/de\/#website\",\"url\":\"https:\/\/www.rain.it\/de\/\",\"name\":\"Rain\",\"description\":\"\",\"potentialAction\":[{\"@type\":\"SearchAction\",\"target\":{\"@type\":\"EntryPoint\",\"urlTemplate\":\"https:\/\/www.rain.it\/de\/?s={search_term_string}\"},\"query-input\":\"required name=search_term_string\"}],\"inLanguage\":\"de-DE\"}]}<\/script>\n<!-- \/ Yoast SEO plugin. -->","yoast_head_json":{"title":"Hall of Fame | Rain","description":"Entdecken Sie die patentierten Bew\u00e4sserungsprodukte von Rain. Nutzen Sie die Innovation unserer Produkte, um hervorragende Ergebnisse in Ihrem Bew\u00e4sserungssystem zu erzielen.","robots":{"index":"index","follow":"follow","max-snippet":"max-snippet:-1","max-image-preview":"max-image-preview:large","max-video-preview":"max-video-preview:-1"},"canonical":"https:\/\/www.rain.it\/de\/hall-of-fame\/","og_locale":"de_DE","og_type":"article","og_title":"Hall of Fame | Rain","og_description":"Entdecken Sie die patentierten Bew\u00e4sserungsprodukte von Rain. Nutzen Sie die Innovation unserer Produkte, um hervorragende Ergebnisse in Ihrem Bew\u00e4sserungssystem zu erzielen.","og_url":"https:\/\/www.rain.it\/de\/hall-of-fame\/","og_site_name":"Rain","article_modified_time":"2025-07-22T08:09:59+00:00","twitter_card":"summary_large_image","twitter_misc":{"Est. reading time":"1 Minute"},"schema":{"@context":"https:\/\/schema.org","@graph":[{"@type":"WebPage","@id":"https:\/\/www.rain.it\/de\/hall-of-fame\/","url":"https:\/\/www.rain.it\/de\/hall-of-fame\/","name":"Hall of Fame | Rain","isPartOf":{"@id":"https:\/\/www.rain.it\/de\/#website"},"datePublished":"2023-09-05T07:47:38+00:00","dateModified":"2025-07-22T08:09:59+00:00","description":"Entdecken Sie die patentierten Bew\u00e4sserungsprodukte von Rain. Nutzen Sie die Innovation unserer Produkte, um hervorragende Ergebnisse in Ihrem Bew\u00e4sserungssystem zu erzielen.","breadcrumb":{"@id":"https:\/\/www.rain.it\/de\/hall-of-fame\/#breadcrumb"},"inLanguage":"de-DE","potentialAction":[{"@type":"ReadAction","target":["https:\/\/www.rain.it\/de\/hall-of-fame\/"]}]},{"@type":"BreadcrumbList","@id":"https:\/\/www.rain.it\/de\/hall-of-fame\/#breadcrumb","itemListElement":[{"@type":"ListItem","position":1,"name":"Home","item":"https:\/\/www.rain.it\/de\/"},{"@type":"ListItem","position":2,"name":"Hall of Fame"}]},{"@type":"WebSite","@id":"https:\/\/www.rain.it\/de\/#website","url":"https:\/\/www.rain.it\/de\/","name":"Rain","description":"","potentialAction":[{"@type":"SearchAction","target":{"@type":"EntryPoint","urlTemplate":"https:\/\/www.rain.it\/de\/?s={search_term_string}"},"query-input":"required name=search_term_string"}],"inLanguage":"de-DE"}]}},"_links":{"self":[{"href":"https:\/\/www.rain.it\/de\/wp-json\/wp\/v2\/pages\/6000"}],"collection":[{"href":"https:\/\/www.rain.it\/de\/wp-json\/wp\/v2\/pages"}],"about":[{"href":"https:\/\/www.rain.it\/de\/wp-json\/wp\/v2\/types\/page"}],"author":[{"embeddable":true,"href":"https:\/\/www.rain.it\/de\/wp-json\/wp\/v2\/users\/1"}],"replies":[{"embeddable":true,"href":"https:\/\/www.rain.it\/de\/wp-json\/wp\/v2\/comments?post=6000"}],"version-history":[{"count":5,"href":"https:\/\/www.rain.it\/de\/wp-json\/wp\/v2\/pages\/6000\/revisions"}],"predecessor-version":[{"id":10646,"href":"https:\/\/www.rain.it\/de\/wp-json\/wp\/v2\/pages\/6000\/revisions\/10646"}],"wp:attachment":[{"href":"https:\/\/www.rain.it\/de\/wp-json\/wp\/v2\/media?parent=6000"}],"curies":[{"name":"wp","href":"https:\/\/api.w.org\/{rel}","templated":true}]}}