{"id":5990,"date":"2023-09-05T09:48:10","date_gmt":"2023-09-05T07:48:10","guid":{"rendered":"https:\/\/www.rain.it\/centralina-amico\/"},"modified":"2024-03-06T14:30:55","modified_gmt":"2024-03-06T13:30:55","slug":"amico-rain","status":"publish","type":"page","link":"https:\/\/www.rain.it\/de\/hall-of-fame\/amico-rain\/","title":{"rendered":"Amico +"},"content":{"rendered":"<p>2013 machte sich Rain daran, ein neues Zeitschaltuhr-Steuerger\u00e4t zu entwickeln, das die Bed\u00fcrfnisse der Bew\u00e4sserungsbranche widerspiegelt. Unsere Marktforschung hatte ergeben, dass ein Steuerger\u00e4t ben\u00f6tigt wird, das einfach zu programmieren ist und dessen Programmierdaten immer sichtbar sind. Deshalb beschlossen wir, ein Steuerger\u00e4t zu entwickeln, das 3 einfache Fragen beantwortet:<\/p>\n<p>\u00b7\u00a0\u00a0\u00a0\u00a0\u00a0\u00a0\u00a0 Wann wird bew\u00e4ssert?<\/p>\n<p>\u00b7\u00a0\u00a0\u00a0\u00a0\u00a0\u00a0\u00a0 Wie lange bew\u00e4sserst du?<\/p>\n<p>\u00b7\u00a0\u00a0\u00a0\u00a0\u00a0\u00a0\u00a0 Wie oft soll bew\u00e4ssert werden?<\/p>\n<p>Aus dieser einfachen Idee entstand Amico+, das erste Steuerger\u00e4t, das die inzwischen anerkannte &#8222;&#8220;3 EASY STEPS&#8220;&#8220;-Programmiermethodik anwendet.&#8220;<\/p>\n","protected":false},"excerpt":{"rendered":"<p>Es handelt sich um ein elektromechanisches Bew\u00e4sserungssteuerger\u00e4t, das von dem Ingenieur Vittorio Stiatti erfunden und 1967 patentiert wurde.<\/p>\n","protected":false},"author":1,"featured_media":5992,"parent":6000,"menu_order":6,"comment_status":"closed","ping_status":"closed","template":"template-brevetti.php","meta":[],"acf":[],"yoast_head":"<!-- This site is optimized with the Yoast SEO plugin v20.10 - https:\/\/yoast.com\/wordpress\/plugins\/seo\/ -->\n<title>Amico + | Rain<\/title>\n<meta name=\"robots\" content=\"index, follow, max-snippet:-1, max-image-preview:large, max-video-preview:-1\" \/>\n<link rel=\"canonical\" href=\"https:\/\/www.rain.it\/de\/hall-of-fame\/amico-rain\/\" \/>\n<meta property=\"og:locale\" content=\"de_DE\" \/>\n<meta property=\"og:type\" content=\"article\" \/>\n<meta property=\"og:title\" content=\"Amico + | Rain\" \/>\n<meta property=\"og:description\" content=\"Es handelt sich um ein elektromechanisches Bew\u00e4sserungssteuerger\u00e4t, das von dem Ingenieur Vittorio Stiatti erfunden und 1967 patentiert wurde.\" \/>\n<meta property=\"og:url\" content=\"https:\/\/www.rain.it\/de\/hall-of-fame\/amico-rain\/\" \/>\n<meta property=\"og:site_name\" content=\"Rain\" \/>\n<meta property=\"article:modified_time\" content=\"2024-03-06T13:30:55+00:00\" \/>\n<meta property=\"og:image\" content=\"https:\/\/www.rain.it\/wp-content\/uploads\/amico-centralina-da-rubinetto.jpg\" \/>\n\t<meta property=\"og:image:width\" content=\"1920\" \/>\n\t<meta property=\"og:image:height\" content=\"1082\" \/>\n\t<meta property=\"og:image:type\" content=\"image\/jpeg\" \/>\n<meta name=\"twitter:card\" content=\"summary_large_image\" \/>\n<meta name=\"twitter:label1\" content=\"Est. reading time\" \/>\n\t<meta name=\"twitter:data1\" content=\"1 Minute\" \/>\n<script type=\"application\/ld+json\" class=\"yoast-schema-graph\">{\"@context\":\"https:\/\/schema.org\",\"@graph\":[{\"@type\":\"WebPage\",\"@id\":\"https:\/\/www.rain.it\/de\/hall-of-fame\/amico-rain\/\",\"url\":\"https:\/\/www.rain.it\/de\/hall-of-fame\/amico-rain\/\",\"name\":\"Amico + | Rain\",\"isPartOf\":{\"@id\":\"https:\/\/www.rain.it\/de\/#website\"},\"datePublished\":\"2023-09-05T07:48:10+00:00\",\"dateModified\":\"2024-03-06T13:30:55+00:00\",\"breadcrumb\":{\"@id\":\"https:\/\/www.rain.it\/de\/hall-of-fame\/amico-rain\/#breadcrumb\"},\"inLanguage\":\"de-DE\",\"potentialAction\":[{\"@type\":\"ReadAction\",\"target\":[\"https:\/\/www.rain.it\/de\/hall-of-fame\/amico-rain\/\"]}]},{\"@type\":\"BreadcrumbList\",\"@id\":\"https:\/\/www.rain.it\/de\/hall-of-fame\/amico-rain\/#breadcrumb\",\"itemListElement\":[{\"@type\":\"ListItem\",\"position\":1,\"name\":\"Home\",\"item\":\"https:\/\/www.rain.it\/de\/\"},{\"@type\":\"ListItem\",\"position\":2,\"name\":\"Hall of Fame\",\"item\":\"https:\/\/www.rain.it\/de\/hall-of-fame\/\"},{\"@type\":\"ListItem\",\"position\":3,\"name\":\"Amico +\"}]},{\"@type\":\"WebSite\",\"@id\":\"https:\/\/www.rain.it\/de\/#website\",\"url\":\"https:\/\/www.rain.it\/de\/\",\"name\":\"Rain\",\"description\":\"\",\"potentialAction\":[{\"@type\":\"SearchAction\",\"target\":{\"@type\":\"EntryPoint\",\"urlTemplate\":\"https:\/\/www.rain.it\/de\/?s={search_term_string}\"},\"query-input\":\"required name=search_term_string\"}],\"inLanguage\":\"de-DE\"}]}<\/script>\n<!-- \/ Yoast SEO plugin. -->","yoast_head_json":{"title":"Amico + | Rain","robots":{"index":"index","follow":"follow","max-snippet":"max-snippet:-1","max-image-preview":"max-image-preview:large","max-video-preview":"max-video-preview:-1"},"canonical":"https:\/\/www.rain.it\/de\/hall-of-fame\/amico-rain\/","og_locale":"de_DE","og_type":"article","og_title":"Amico + | Rain","og_description":"Es handelt sich um ein elektromechanisches Bew\u00e4sserungssteuerger\u00e4t, das von dem Ingenieur Vittorio Stiatti erfunden und 1967 patentiert wurde.","og_url":"https:\/\/www.rain.it\/de\/hall-of-fame\/amico-rain\/","og_site_name":"Rain","article_modified_time":"2024-03-06T13:30:55+00:00","og_image":[{"width":1920,"height":1082,"url":"https:\/\/www.rain.it\/wp-content\/uploads\/amico-centralina-da-rubinetto.jpg","type":"image\/jpeg"}],"twitter_card":"summary_large_image","twitter_misc":{"Est. reading time":"1 Minute"},"schema":{"@context":"https:\/\/schema.org","@graph":[{"@type":"WebPage","@id":"https:\/\/www.rain.it\/de\/hall-of-fame\/amico-rain\/","url":"https:\/\/www.rain.it\/de\/hall-of-fame\/amico-rain\/","name":"Amico + | Rain","isPartOf":{"@id":"https:\/\/www.rain.it\/de\/#website"},"datePublished":"2023-09-05T07:48:10+00:00","dateModified":"2024-03-06T13:30:55+00:00","breadcrumb":{"@id":"https:\/\/www.rain.it\/de\/hall-of-fame\/amico-rain\/#breadcrumb"},"inLanguage":"de-DE","potentialAction":[{"@type":"ReadAction","target":["https:\/\/www.rain.it\/de\/hall-of-fame\/amico-rain\/"]}]},{"@type":"BreadcrumbList","@id":"https:\/\/www.rain.it\/de\/hall-of-fame\/amico-rain\/#breadcrumb","itemListElement":[{"@type":"ListItem","position":1,"name":"Home","item":"https:\/\/www.rain.it\/de\/"},{"@type":"ListItem","position":2,"name":"Hall of Fame","item":"https:\/\/www.rain.it\/de\/hall-of-fame\/"},{"@type":"ListItem","position":3,"name":"Amico +"}]},{"@type":"WebSite","@id":"https:\/\/www.rain.it\/de\/#website","url":"https:\/\/www.rain.it\/de\/","name":"Rain","description":"","potentialAction":[{"@type":"SearchAction","target":{"@type":"EntryPoint","urlTemplate":"https:\/\/www.rain.it\/de\/?s={search_term_string}"},"query-input":"required name=search_term_string"}],"inLanguage":"de-DE"}]}},"_links":{"self":[{"href":"https:\/\/www.rain.it\/de\/wp-json\/wp\/v2\/pages\/5990"}],"collection":[{"href":"https:\/\/www.rain.it\/de\/wp-json\/wp\/v2\/pages"}],"about":[{"href":"https:\/\/www.rain.it\/de\/wp-json\/wp\/v2\/types\/page"}],"author":[{"embeddable":true,"href":"https:\/\/www.rain.it\/de\/wp-json\/wp\/v2\/users\/1"}],"replies":[{"embeddable":true,"href":"https:\/\/www.rain.it\/de\/wp-json\/wp\/v2\/comments?post=5990"}],"version-history":[{"count":5,"href":"https:\/\/www.rain.it\/de\/wp-json\/wp\/v2\/pages\/5990\/revisions"}],"predecessor-version":[{"id":7452,"href":"https:\/\/www.rain.it\/de\/wp-json\/wp\/v2\/pages\/5990\/revisions\/7452"}],"up":[{"embeddable":true,"href":"https:\/\/www.rain.it\/de\/wp-json\/wp\/v2\/pages\/6000"}],"wp:featuredmedia":[{"embeddable":true,"href":"https:\/\/www.rain.it\/de\/wp-json\/wp\/v2\/media\/5992"}],"wp:attachment":[{"href":"https:\/\/www.rain.it\/de\/wp-json\/wp\/v2\/media?parent=5990"}],"curies":[{"name":"wp","href":"https:\/\/api.w.org\/{rel}","templated":true}]}}