{"id":5942,"date":"2023-09-13T11:37:07","date_gmt":"2023-09-13T09:37:07","guid":{"rendered":"https:\/\/www.rain.it\/novita-prodotti-impianti-irrigazione\/"},"modified":"2024-01-08T14:24:59","modified_gmt":"2024-01-08T13:24:59","slug":"neue-produkte","status":"publish","type":"page","link":"https:\/\/www.rain.it\/de\/neue-produkte\/","title":{"rendered":"Neue Produkte"},"content":{"rendered":"<p>Die Einf\u00fchrung eines neuen Produkts, die Vorstellung einer ganzen Produktreihe oder auch nur eine technische Verbesserung eines unserer bestehenden Produkte: In diesem Bereich findest du die neuesten Nachrichten und Updates zu unseren Bew\u00e4sserungssystemen und praktische Tipps, wie du sie am besten einsetzt.<\/p>\n","protected":false},"excerpt":{"rendered":"<p>Die Einf\u00fchrung eines neuen Produkts, die Vorstellung einer ganzen Produktreihe oder auch nur eine technische Verbesserung eines unserer bestehenden Produkte: In diesem Bereich findest du die neuesten Nachrichten und Updates zu unseren Bew\u00e4sserungssystemen und praktische Tipps, wie du sie am besten einsetzt.<\/p>\n","protected":false},"author":1,"featured_media":0,"parent":0,"menu_order":14,"comment_status":"closed","ping_status":"closed","template":"template-novita-prodotti.php","meta":[],"acf":[],"yoast_head":"<!-- This site is optimized with the Yoast SEO plugin v20.10 - https:\/\/yoast.com\/wordpress\/plugins\/seo\/ -->\n<title>Neue Produkte | Rain<\/title>\n<meta name=\"description\" content=\"Entdecken Sie die neuesten Produkte f\u00fcr Bew\u00e4sserungssysteme von Rain: L\u00f6sungen zur Verbesserung der Effizienz und des Komforts Ihres Bew\u00e4sserungssystems\" \/>\n<meta name=\"robots\" content=\"index, follow, max-snippet:-1, max-image-preview:large, max-video-preview:-1\" \/>\n<link rel=\"canonical\" href=\"https:\/\/www.rain.it\/de\/neue-produkte\/\" \/>\n<meta property=\"og:locale\" content=\"de_DE\" \/>\n<meta property=\"og:type\" content=\"article\" \/>\n<meta property=\"og:title\" content=\"Neue Produkte | Rain\" \/>\n<meta property=\"og:description\" content=\"Entdecken Sie die neuesten Produkte f\u00fcr Bew\u00e4sserungssysteme von Rain: L\u00f6sungen zur Verbesserung der Effizienz und des Komforts Ihres Bew\u00e4sserungssystems\" \/>\n<meta property=\"og:url\" content=\"https:\/\/www.rain.it\/de\/neue-produkte\/\" \/>\n<meta property=\"og:site_name\" content=\"Rain\" \/>\n<meta property=\"article:modified_time\" content=\"2024-01-08T13:24:59+00:00\" \/>\n<meta name=\"twitter:card\" content=\"summary_large_image\" \/>\n<meta name=\"twitter:label1\" content=\"Est. reading time\" \/>\n\t<meta name=\"twitter:data1\" content=\"1 Minute\" \/>\n<script type=\"application\/ld+json\" class=\"yoast-schema-graph\">{\"@context\":\"https:\/\/schema.org\",\"@graph\":[{\"@type\":\"WebPage\",\"@id\":\"https:\/\/www.rain.it\/de\/neue-produkte\/\",\"url\":\"https:\/\/www.rain.it\/de\/neue-produkte\/\",\"name\":\"Neue Produkte | Rain\",\"isPartOf\":{\"@id\":\"https:\/\/www.rain.it\/de\/#website\"},\"datePublished\":\"2023-09-13T09:37:07+00:00\",\"dateModified\":\"2024-01-08T13:24:59+00:00\",\"description\":\"Entdecken Sie die neuesten Produkte f\u00fcr Bew\u00e4sserungssysteme von Rain: L\u00f6sungen zur Verbesserung der Effizienz und des Komforts Ihres Bew\u00e4sserungssystems\",\"breadcrumb\":{\"@id\":\"https:\/\/www.rain.it\/de\/neue-produkte\/#breadcrumb\"},\"inLanguage\":\"de-DE\",\"potentialAction\":[{\"@type\":\"ReadAction\",\"target\":[\"https:\/\/www.rain.it\/de\/neue-produkte\/\"]}]},{\"@type\":\"BreadcrumbList\",\"@id\":\"https:\/\/www.rain.it\/de\/neue-produkte\/#breadcrumb\",\"itemListElement\":[{\"@type\":\"ListItem\",\"position\":1,\"name\":\"Home\",\"item\":\"https:\/\/www.rain.it\/de\/\"},{\"@type\":\"ListItem\",\"position\":2,\"name\":\"Neue Produkte\"}]},{\"@type\":\"WebSite\",\"@id\":\"https:\/\/www.rain.it\/de\/#website\",\"url\":\"https:\/\/www.rain.it\/de\/\",\"name\":\"Rain\",\"description\":\"\",\"potentialAction\":[{\"@type\":\"SearchAction\",\"target\":{\"@type\":\"EntryPoint\",\"urlTemplate\":\"https:\/\/www.rain.it\/de\/?s={search_term_string}\"},\"query-input\":\"required name=search_term_string\"}],\"inLanguage\":\"de-DE\"}]}<\/script>\n<!-- \/ Yoast SEO plugin. -->","yoast_head_json":{"title":"Neue Produkte | Rain","description":"Entdecken Sie die neuesten Produkte f\u00fcr Bew\u00e4sserungssysteme von Rain: L\u00f6sungen zur Verbesserung der Effizienz und des Komforts Ihres Bew\u00e4sserungssystems","robots":{"index":"index","follow":"follow","max-snippet":"max-snippet:-1","max-image-preview":"max-image-preview:large","max-video-preview":"max-video-preview:-1"},"canonical":"https:\/\/www.rain.it\/de\/neue-produkte\/","og_locale":"de_DE","og_type":"article","og_title":"Neue Produkte | Rain","og_description":"Entdecken Sie die neuesten Produkte f\u00fcr Bew\u00e4sserungssysteme von Rain: L\u00f6sungen zur Verbesserung der Effizienz und des Komforts Ihres Bew\u00e4sserungssystems","og_url":"https:\/\/www.rain.it\/de\/neue-produkte\/","og_site_name":"Rain","article_modified_time":"2024-01-08T13:24:59+00:00","twitter_card":"summary_large_image","twitter_misc":{"Est. reading time":"1 Minute"},"schema":{"@context":"https:\/\/schema.org","@graph":[{"@type":"WebPage","@id":"https:\/\/www.rain.it\/de\/neue-produkte\/","url":"https:\/\/www.rain.it\/de\/neue-produkte\/","name":"Neue Produkte | Rain","isPartOf":{"@id":"https:\/\/www.rain.it\/de\/#website"},"datePublished":"2023-09-13T09:37:07+00:00","dateModified":"2024-01-08T13:24:59+00:00","description":"Entdecken Sie die neuesten Produkte f\u00fcr Bew\u00e4sserungssysteme von Rain: L\u00f6sungen zur Verbesserung der Effizienz und des Komforts Ihres Bew\u00e4sserungssystems","breadcrumb":{"@id":"https:\/\/www.rain.it\/de\/neue-produkte\/#breadcrumb"},"inLanguage":"de-DE","potentialAction":[{"@type":"ReadAction","target":["https:\/\/www.rain.it\/de\/neue-produkte\/"]}]},{"@type":"BreadcrumbList","@id":"https:\/\/www.rain.it\/de\/neue-produkte\/#breadcrumb","itemListElement":[{"@type":"ListItem","position":1,"name":"Home","item":"https:\/\/www.rain.it\/de\/"},{"@type":"ListItem","position":2,"name":"Neue Produkte"}]},{"@type":"WebSite","@id":"https:\/\/www.rain.it\/de\/#website","url":"https:\/\/www.rain.it\/de\/","name":"Rain","description":"","potentialAction":[{"@type":"SearchAction","target":{"@type":"EntryPoint","urlTemplate":"https:\/\/www.rain.it\/de\/?s={search_term_string}"},"query-input":"required name=search_term_string"}],"inLanguage":"de-DE"}]}},"_links":{"self":[{"href":"https:\/\/www.rain.it\/de\/wp-json\/wp\/v2\/pages\/5942"}],"collection":[{"href":"https:\/\/www.rain.it\/de\/wp-json\/wp\/v2\/pages"}],"about":[{"href":"https:\/\/www.rain.it\/de\/wp-json\/wp\/v2\/types\/page"}],"author":[{"embeddable":true,"href":"https:\/\/www.rain.it\/de\/wp-json\/wp\/v2\/users\/1"}],"replies":[{"embeddable":true,"href":"https:\/\/www.rain.it\/de\/wp-json\/wp\/v2\/comments?post=5942"}],"version-history":[{"count":4,"href":"https:\/\/www.rain.it\/de\/wp-json\/wp\/v2\/pages\/5942\/revisions"}],"predecessor-version":[{"id":6561,"href":"https:\/\/www.rain.it\/de\/wp-json\/wp\/v2\/pages\/5942\/revisions\/6561"}],"wp:attachment":[{"href":"https:\/\/www.rain.it\/de\/wp-json\/wp\/v2\/media?parent=5942"}],"curies":[{"name":"wp","href":"https:\/\/api.w.org\/{rel}","templated":true}]}}