{"id":5848,"date":"2023-09-11T16:15:30","date_gmt":"2023-09-11T14:15:30","guid":{"rendered":"https:\/\/www.rain.it\/sistema-irrigazione-balcone\/"},"modified":"2024-01-30T11:33:53","modified_gmt":"2024-01-30T10:33:53","slug":"balkone-und-terrassen","status":"publish","type":"page","link":"https:\/\/www.rain.it\/de\/balkone-und-terrassen\/","title":{"rendered":"Balkone und Terrassen"},"content":{"rendered":"","protected":false},"excerpt":{"rendered":"","protected":false},"author":1,"featured_media":0,"parent":0,"menu_order":17,"comment_status":"closed","ping_status":"closed","template":"template-privati.php","meta":[],"acf":[],"yoast_head":"<!-- This site is optimized with the Yoast SEO plugin v20.10 - https:\/\/yoast.com\/wordpress\/plugins\/seo\/ -->\n<title>Balkone und Terrassen | Rain<\/title>\n<meta name=\"description\" content=\"F\u00fcr einen \u00fcppigen Balkon w\u00e4hlen Sie das Rain-Bew\u00e4sserungssystem. Effizienz und Sch\u00f6nheit in einem. Erfahren Sie mehr!\" \/>\n<meta name=\"robots\" content=\"index, follow, max-snippet:-1, max-image-preview:large, max-video-preview:-1\" \/>\n<link rel=\"canonical\" href=\"https:\/\/www.rain.it\/de\/balkone-und-terrassen\/\" \/>\n<meta property=\"og:locale\" content=\"de_DE\" \/>\n<meta property=\"og:type\" content=\"article\" \/>\n<meta property=\"og:title\" content=\"Balkone und Terrassen | Rain\" \/>\n<meta property=\"og:description\" content=\"F\u00fcr einen \u00fcppigen Balkon w\u00e4hlen Sie das Rain-Bew\u00e4sserungssystem. Effizienz und Sch\u00f6nheit in einem. Erfahren Sie mehr!\" \/>\n<meta property=\"og:url\" content=\"https:\/\/www.rain.it\/de\/balkone-und-terrassen\/\" \/>\n<meta property=\"og:site_name\" content=\"Rain\" \/>\n<meta property=\"article:modified_time\" content=\"2024-01-30T10:33:53+00:00\" \/>\n<meta name=\"twitter:card\" content=\"summary_large_image\" \/>\n<script type=\"application\/ld+json\" class=\"yoast-schema-graph\">{\"@context\":\"https:\/\/schema.org\",\"@graph\":[{\"@type\":\"WebPage\",\"@id\":\"https:\/\/www.rain.it\/de\/balkone-und-terrassen\/\",\"url\":\"https:\/\/www.rain.it\/de\/balkone-und-terrassen\/\",\"name\":\"Balkone und Terrassen | Rain\",\"isPartOf\":{\"@id\":\"https:\/\/www.rain.it\/de\/#website\"},\"datePublished\":\"2023-09-11T14:15:30+00:00\",\"dateModified\":\"2024-01-30T10:33:53+00:00\",\"description\":\"F\u00fcr einen \u00fcppigen Balkon w\u00e4hlen Sie das Rain-Bew\u00e4sserungssystem. Effizienz und Sch\u00f6nheit in einem. Erfahren Sie mehr!\",\"breadcrumb\":{\"@id\":\"https:\/\/www.rain.it\/de\/balkone-und-terrassen\/#breadcrumb\"},\"inLanguage\":\"de-DE\",\"potentialAction\":[{\"@type\":\"ReadAction\",\"target\":[\"https:\/\/www.rain.it\/de\/balkone-und-terrassen\/\"]}]},{\"@type\":\"BreadcrumbList\",\"@id\":\"https:\/\/www.rain.it\/de\/balkone-und-terrassen\/#breadcrumb\",\"itemListElement\":[{\"@type\":\"ListItem\",\"position\":1,\"name\":\"Home\",\"item\":\"https:\/\/www.rain.it\/de\/\"},{\"@type\":\"ListItem\",\"position\":2,\"name\":\"Balkone und Terrassen\"}]},{\"@type\":\"WebSite\",\"@id\":\"https:\/\/www.rain.it\/de\/#website\",\"url\":\"https:\/\/www.rain.it\/de\/\",\"name\":\"Rain\",\"description\":\"\",\"potentialAction\":[{\"@type\":\"SearchAction\",\"target\":{\"@type\":\"EntryPoint\",\"urlTemplate\":\"https:\/\/www.rain.it\/de\/?s={search_term_string}\"},\"query-input\":\"required name=search_term_string\"}],\"inLanguage\":\"de-DE\"}]}<\/script>\n<!-- \/ Yoast SEO plugin. -->","yoast_head_json":{"title":"Balkone und Terrassen | Rain","description":"F\u00fcr einen \u00fcppigen Balkon w\u00e4hlen Sie das Rain-Bew\u00e4sserungssystem. Effizienz und Sch\u00f6nheit in einem. Erfahren Sie mehr!","robots":{"index":"index","follow":"follow","max-snippet":"max-snippet:-1","max-image-preview":"max-image-preview:large","max-video-preview":"max-video-preview:-1"},"canonical":"https:\/\/www.rain.it\/de\/balkone-und-terrassen\/","og_locale":"de_DE","og_type":"article","og_title":"Balkone und Terrassen | Rain","og_description":"F\u00fcr einen \u00fcppigen Balkon w\u00e4hlen Sie das Rain-Bew\u00e4sserungssystem. Effizienz und Sch\u00f6nheit in einem. Erfahren Sie mehr!","og_url":"https:\/\/www.rain.it\/de\/balkone-und-terrassen\/","og_site_name":"Rain","article_modified_time":"2024-01-30T10:33:53+00:00","twitter_card":"summary_large_image","schema":{"@context":"https:\/\/schema.org","@graph":[{"@type":"WebPage","@id":"https:\/\/www.rain.it\/de\/balkone-und-terrassen\/","url":"https:\/\/www.rain.it\/de\/balkone-und-terrassen\/","name":"Balkone und Terrassen | Rain","isPartOf":{"@id":"https:\/\/www.rain.it\/de\/#website"},"datePublished":"2023-09-11T14:15:30+00:00","dateModified":"2024-01-30T10:33:53+00:00","description":"F\u00fcr einen \u00fcppigen Balkon w\u00e4hlen Sie das Rain-Bew\u00e4sserungssystem. Effizienz und Sch\u00f6nheit in einem. Erfahren Sie mehr!","breadcrumb":{"@id":"https:\/\/www.rain.it\/de\/balkone-und-terrassen\/#breadcrumb"},"inLanguage":"de-DE","potentialAction":[{"@type":"ReadAction","target":["https:\/\/www.rain.it\/de\/balkone-und-terrassen\/"]}]},{"@type":"BreadcrumbList","@id":"https:\/\/www.rain.it\/de\/balkone-und-terrassen\/#breadcrumb","itemListElement":[{"@type":"ListItem","position":1,"name":"Home","item":"https:\/\/www.rain.it\/de\/"},{"@type":"ListItem","position":2,"name":"Balkone und Terrassen"}]},{"@type":"WebSite","@id":"https:\/\/www.rain.it\/de\/#website","url":"https:\/\/www.rain.it\/de\/","name":"Rain","description":"","potentialAction":[{"@type":"SearchAction","target":{"@type":"EntryPoint","urlTemplate":"https:\/\/www.rain.it\/de\/?s={search_term_string}"},"query-input":"required name=search_term_string"}],"inLanguage":"de-DE"}]}},"_links":{"self":[{"href":"https:\/\/www.rain.it\/de\/wp-json\/wp\/v2\/pages\/5848"}],"collection":[{"href":"https:\/\/www.rain.it\/de\/wp-json\/wp\/v2\/pages"}],"about":[{"href":"https:\/\/www.rain.it\/de\/wp-json\/wp\/v2\/types\/page"}],"author":[{"embeddable":true,"href":"https:\/\/www.rain.it\/de\/wp-json\/wp\/v2\/users\/1"}],"replies":[{"embeddable":true,"href":"https:\/\/www.rain.it\/de\/wp-json\/wp\/v2\/comments?post=5848"}],"version-history":[{"count":6,"href":"https:\/\/www.rain.it\/de\/wp-json\/wp\/v2\/pages\/5848\/revisions"}],"predecessor-version":[{"id":7074,"href":"https:\/\/www.rain.it\/de\/wp-json\/wp\/v2\/pages\/5848\/revisions\/7074"}],"wp:attachment":[{"href":"https:\/\/www.rain.it\/de\/wp-json\/wp\/v2\/media?parent=5848"}],"curies":[{"name":"wp","href":"https:\/\/api.w.org\/{rel}","templated":true}]}}