{"id":5827,"date":"2023-10-05T11:50:43","date_gmt":"2023-10-05T09:50:43","guid":{"rendered":"https:\/\/www.rain.it\/documentazione-tecnica-irrigazione-giardini\/"},"modified":"2024-03-11T11:12:14","modified_gmt":"2024-03-11T10:12:14","slug":"technische-dokumentation","status":"publish","type":"page","link":"https:\/\/www.rain.it\/de\/technische-dokumentation\/","title":{"rendered":"Technische Dokumentation"},"content":{"rendered":"<p>Auf dieser Seite haben wir alle technischen Unterlagen f\u00fcr unsere Bew\u00e4sserungsprodukte gesammelt.<\/p>\n<p>Wenn Sie nach Datenbl\u00e4ttern oder einem Katalog suchen, um die Performance eines Produkts zu pr\u00fcfen, nach Gebrauchsanweisungen oder Videoanleitungen suchst, um zu lernen, wie man es installiert, bist du hier genau richtig. Du kannst entweder nach Dokumententyp oder nach einem bestimmten Produkt suchen.<\/p>\n","protected":false},"excerpt":{"rendered":"<p>Auf dieser Seite haben wir alle technischen Unterlagen f\u00fcr unsere Bew\u00e4sserungsprodukte gesammelt. Wenn Sie nach Datenbl\u00e4ttern oder einem Katalog suchen, um die Performance eines Produkts zu pr\u00fcfen, nach Gebrauchsanweisungen oder Videoanleitungen suchst, um zu lernen, wie man es installiert, bist du hier genau richtig. Du kannst entweder nach Dokumententyp oder nach einem bestimmten Produkt suchen.<\/p>\n","protected":false},"author":1,"featured_media":0,"parent":0,"menu_order":19,"comment_status":"closed","ping_status":"closed","template":"template-documentazione-tecnica.php","meta":[],"acf":[],"yoast_head":"<!-- This site is optimized with the Yoast SEO plugin v20.10 - https:\/\/yoast.com\/wordpress\/plugins\/seo\/ -->\n<title>Technische Dokumentation | Rain<\/title>\n<meta name=\"description\" content=\"Greifen Sie auf die technische Dokumentation von Rain f\u00fcr die Gartenbew\u00e4sserung zu: wertvolle Anleitungen und Informationen f\u00fcr ein effizientes Bew\u00e4sserungssystem.\" \/>\n<meta name=\"robots\" content=\"index, follow, max-snippet:-1, max-image-preview:large, max-video-preview:-1\" \/>\n<link rel=\"canonical\" href=\"https:\/\/www.rain.it\/de\/technische-dokumentation\/\" \/>\n<meta property=\"og:locale\" content=\"de_DE\" \/>\n<meta property=\"og:type\" content=\"article\" \/>\n<meta property=\"og:title\" content=\"Technische Dokumentation | Rain\" \/>\n<meta property=\"og:description\" content=\"Greifen Sie auf die technische Dokumentation von Rain f\u00fcr die Gartenbew\u00e4sserung zu: wertvolle Anleitungen und Informationen f\u00fcr ein effizientes Bew\u00e4sserungssystem.\" \/>\n<meta property=\"og:url\" content=\"https:\/\/www.rain.it\/de\/technische-dokumentation\/\" \/>\n<meta property=\"og:site_name\" content=\"Rain\" \/>\n<meta property=\"article:modified_time\" content=\"2024-03-11T10:12:14+00:00\" \/>\n<meta name=\"twitter:card\" content=\"summary_large_image\" \/>\n<meta name=\"twitter:label1\" content=\"Est. reading time\" \/>\n\t<meta name=\"twitter:data1\" content=\"1 Minute\" \/>\n<script type=\"application\/ld+json\" class=\"yoast-schema-graph\">{\"@context\":\"https:\/\/schema.org\",\"@graph\":[{\"@type\":\"WebPage\",\"@id\":\"https:\/\/www.rain.it\/de\/technische-dokumentation\/\",\"url\":\"https:\/\/www.rain.it\/de\/technische-dokumentation\/\",\"name\":\"Technische Dokumentation | Rain\",\"isPartOf\":{\"@id\":\"https:\/\/www.rain.it\/de\/#website\"},\"datePublished\":\"2023-10-05T09:50:43+00:00\",\"dateModified\":\"2024-03-11T10:12:14+00:00\",\"description\":\"Greifen Sie auf die technische Dokumentation von Rain f\u00fcr die Gartenbew\u00e4sserung zu: wertvolle Anleitungen und Informationen f\u00fcr ein effizientes Bew\u00e4sserungssystem.\",\"breadcrumb\":{\"@id\":\"https:\/\/www.rain.it\/de\/technische-dokumentation\/#breadcrumb\"},\"inLanguage\":\"de-DE\",\"potentialAction\":[{\"@type\":\"ReadAction\",\"target\":[\"https:\/\/www.rain.it\/de\/technische-dokumentation\/\"]}]},{\"@type\":\"BreadcrumbList\",\"@id\":\"https:\/\/www.rain.it\/de\/technische-dokumentation\/#breadcrumb\",\"itemListElement\":[{\"@type\":\"ListItem\",\"position\":1,\"name\":\"Home\",\"item\":\"https:\/\/www.rain.it\/de\/\"},{\"@type\":\"ListItem\",\"position\":2,\"name\":\"Technische Dokumentation\"}]},{\"@type\":\"WebSite\",\"@id\":\"https:\/\/www.rain.it\/de\/#website\",\"url\":\"https:\/\/www.rain.it\/de\/\",\"name\":\"Rain\",\"description\":\"\",\"potentialAction\":[{\"@type\":\"SearchAction\",\"target\":{\"@type\":\"EntryPoint\",\"urlTemplate\":\"https:\/\/www.rain.it\/de\/?s={search_term_string}\"},\"query-input\":\"required name=search_term_string\"}],\"inLanguage\":\"de-DE\"}]}<\/script>\n<!-- \/ Yoast SEO plugin. -->","yoast_head_json":{"title":"Technische Dokumentation | Rain","description":"Greifen Sie auf die technische Dokumentation von Rain f\u00fcr die Gartenbew\u00e4sserung zu: wertvolle Anleitungen und Informationen f\u00fcr ein effizientes Bew\u00e4sserungssystem.","robots":{"index":"index","follow":"follow","max-snippet":"max-snippet:-1","max-image-preview":"max-image-preview:large","max-video-preview":"max-video-preview:-1"},"canonical":"https:\/\/www.rain.it\/de\/technische-dokumentation\/","og_locale":"de_DE","og_type":"article","og_title":"Technische Dokumentation | Rain","og_description":"Greifen Sie auf die technische Dokumentation von Rain f\u00fcr die Gartenbew\u00e4sserung zu: wertvolle Anleitungen und Informationen f\u00fcr ein effizientes Bew\u00e4sserungssystem.","og_url":"https:\/\/www.rain.it\/de\/technische-dokumentation\/","og_site_name":"Rain","article_modified_time":"2024-03-11T10:12:14+00:00","twitter_card":"summary_large_image","twitter_misc":{"Est. reading time":"1 Minute"},"schema":{"@context":"https:\/\/schema.org","@graph":[{"@type":"WebPage","@id":"https:\/\/www.rain.it\/de\/technische-dokumentation\/","url":"https:\/\/www.rain.it\/de\/technische-dokumentation\/","name":"Technische Dokumentation | Rain","isPartOf":{"@id":"https:\/\/www.rain.it\/de\/#website"},"datePublished":"2023-10-05T09:50:43+00:00","dateModified":"2024-03-11T10:12:14+00:00","description":"Greifen Sie auf die technische Dokumentation von Rain f\u00fcr die Gartenbew\u00e4sserung zu: wertvolle Anleitungen und Informationen f\u00fcr ein effizientes Bew\u00e4sserungssystem.","breadcrumb":{"@id":"https:\/\/www.rain.it\/de\/technische-dokumentation\/#breadcrumb"},"inLanguage":"de-DE","potentialAction":[{"@type":"ReadAction","target":["https:\/\/www.rain.it\/de\/technische-dokumentation\/"]}]},{"@type":"BreadcrumbList","@id":"https:\/\/www.rain.it\/de\/technische-dokumentation\/#breadcrumb","itemListElement":[{"@type":"ListItem","position":1,"name":"Home","item":"https:\/\/www.rain.it\/de\/"},{"@type":"ListItem","position":2,"name":"Technische Dokumentation"}]},{"@type":"WebSite","@id":"https:\/\/www.rain.it\/de\/#website","url":"https:\/\/www.rain.it\/de\/","name":"Rain","description":"","potentialAction":[{"@type":"SearchAction","target":{"@type":"EntryPoint","urlTemplate":"https:\/\/www.rain.it\/de\/?s={search_term_string}"},"query-input":"required name=search_term_string"}],"inLanguage":"de-DE"}]}},"_links":{"self":[{"href":"https:\/\/www.rain.it\/de\/wp-json\/wp\/v2\/pages\/5827"}],"collection":[{"href":"https:\/\/www.rain.it\/de\/wp-json\/wp\/v2\/pages"}],"about":[{"href":"https:\/\/www.rain.it\/de\/wp-json\/wp\/v2\/types\/page"}],"author":[{"embeddable":true,"href":"https:\/\/www.rain.it\/de\/wp-json\/wp\/v2\/users\/1"}],"replies":[{"embeddable":true,"href":"https:\/\/www.rain.it\/de\/wp-json\/wp\/v2\/comments?post=5827"}],"version-history":[{"count":4,"href":"https:\/\/www.rain.it\/de\/wp-json\/wp\/v2\/pages\/5827\/revisions"}],"predecessor-version":[{"id":7512,"href":"https:\/\/www.rain.it\/de\/wp-json\/wp\/v2\/pages\/5827\/revisions\/7512"}],"wp:attachment":[{"href":"https:\/\/www.rain.it\/de\/wp-json\/wp\/v2\/media?parent=5827"}],"curies":[{"name":"wp","href":"https:\/\/api.w.org\/{rel}","templated":true}]}}