{"id":5824,"date":"2023-07-06T09:15:14","date_gmt":"2023-07-06T07:15:14","guid":{"rendered":"https:\/\/www.rain.it\/contatti-rain\/"},"modified":"2024-01-08T14:38:40","modified_gmt":"2024-01-08T13:38:40","slug":"contakte-rain","status":"publish","type":"page","link":"https:\/\/www.rain.it\/de\/contakte-rain\/","title":{"rendered":"Contakte"},"content":{"rendered":"","protected":false},"excerpt":{"rendered":"","protected":false},"author":1,"featured_media":0,"parent":0,"menu_order":20,"comment_status":"closed","ping_status":"closed","template":"template-contatti.php","meta":[],"acf":[],"yoast_head":"<!-- This site is optimized with the Yoast SEO plugin v20.10 - https:\/\/yoast.com\/wordpress\/plugins\/seo\/ -->\n<title>Contakte | Rain<\/title>\n<meta name=\"description\" content=\"Wenden Sie sich an uns, wenn Sie Informationen und Unterst\u00fctzung zu RAIN-Produkten ben\u00f6tigen: Unsere technische Abteilung steht Ihnen zur Verf\u00fcgung.\" \/>\n<meta name=\"robots\" content=\"index, follow, max-snippet:-1, max-image-preview:large, max-video-preview:-1\" \/>\n<link rel=\"canonical\" href=\"https:\/\/www.rain.it\/de\/contakte-rain\/\" \/>\n<meta property=\"og:locale\" content=\"de_DE\" \/>\n<meta property=\"og:type\" content=\"article\" \/>\n<meta property=\"og:title\" content=\"Contakte | Rain\" \/>\n<meta property=\"og:description\" content=\"Wenden Sie sich an uns, wenn Sie Informationen und Unterst\u00fctzung zu RAIN-Produkten ben\u00f6tigen: Unsere technische Abteilung steht Ihnen zur Verf\u00fcgung.\" \/>\n<meta property=\"og:url\" content=\"https:\/\/www.rain.it\/de\/contakte-rain\/\" \/>\n<meta property=\"og:site_name\" content=\"Rain\" \/>\n<meta property=\"article:modified_time\" content=\"2024-01-08T13:38:40+00:00\" \/>\n<meta name=\"twitter:card\" content=\"summary_large_image\" \/>\n<script type=\"application\/ld+json\" class=\"yoast-schema-graph\">{\"@context\":\"https:\/\/schema.org\",\"@graph\":[{\"@type\":\"WebPage\",\"@id\":\"https:\/\/www.rain.it\/de\/contakte-rain\/\",\"url\":\"https:\/\/www.rain.it\/de\/contakte-rain\/\",\"name\":\"Contakte | Rain\",\"isPartOf\":{\"@id\":\"https:\/\/www.rain.it\/de\/#website\"},\"datePublished\":\"2023-07-06T07:15:14+00:00\",\"dateModified\":\"2024-01-08T13:38:40+00:00\",\"description\":\"Wenden Sie sich an uns, wenn Sie Informationen und Unterst\u00fctzung zu RAIN-Produkten ben\u00f6tigen: Unsere technische Abteilung steht Ihnen zur Verf\u00fcgung.\",\"breadcrumb\":{\"@id\":\"https:\/\/www.rain.it\/de\/contakte-rain\/#breadcrumb\"},\"inLanguage\":\"de-DE\",\"potentialAction\":[{\"@type\":\"ReadAction\",\"target\":[\"https:\/\/www.rain.it\/de\/contakte-rain\/\"]}]},{\"@type\":\"BreadcrumbList\",\"@id\":\"https:\/\/www.rain.it\/de\/contakte-rain\/#breadcrumb\",\"itemListElement\":[{\"@type\":\"ListItem\",\"position\":1,\"name\":\"Home\",\"item\":\"https:\/\/www.rain.it\/de\/\"},{\"@type\":\"ListItem\",\"position\":2,\"name\":\"Contakte\"}]},{\"@type\":\"WebSite\",\"@id\":\"https:\/\/www.rain.it\/de\/#website\",\"url\":\"https:\/\/www.rain.it\/de\/\",\"name\":\"Rain\",\"description\":\"\",\"potentialAction\":[{\"@type\":\"SearchAction\",\"target\":{\"@type\":\"EntryPoint\",\"urlTemplate\":\"https:\/\/www.rain.it\/de\/?s={search_term_string}\"},\"query-input\":\"required name=search_term_string\"}],\"inLanguage\":\"de-DE\"}]}<\/script>\n<!-- \/ Yoast SEO plugin. -->","yoast_head_json":{"title":"Contakte | Rain","description":"Wenden Sie sich an uns, wenn Sie Informationen und Unterst\u00fctzung zu RAIN-Produkten ben\u00f6tigen: Unsere technische Abteilung steht Ihnen zur Verf\u00fcgung.","robots":{"index":"index","follow":"follow","max-snippet":"max-snippet:-1","max-image-preview":"max-image-preview:large","max-video-preview":"max-video-preview:-1"},"canonical":"https:\/\/www.rain.it\/de\/contakte-rain\/","og_locale":"de_DE","og_type":"article","og_title":"Contakte | Rain","og_description":"Wenden Sie sich an uns, wenn Sie Informationen und Unterst\u00fctzung zu RAIN-Produkten ben\u00f6tigen: Unsere technische Abteilung steht Ihnen zur Verf\u00fcgung.","og_url":"https:\/\/www.rain.it\/de\/contakte-rain\/","og_site_name":"Rain","article_modified_time":"2024-01-08T13:38:40+00:00","twitter_card":"summary_large_image","schema":{"@context":"https:\/\/schema.org","@graph":[{"@type":"WebPage","@id":"https:\/\/www.rain.it\/de\/contakte-rain\/","url":"https:\/\/www.rain.it\/de\/contakte-rain\/","name":"Contakte | Rain","isPartOf":{"@id":"https:\/\/www.rain.it\/de\/#website"},"datePublished":"2023-07-06T07:15:14+00:00","dateModified":"2024-01-08T13:38:40+00:00","description":"Wenden Sie sich an uns, wenn Sie Informationen und Unterst\u00fctzung zu RAIN-Produkten ben\u00f6tigen: Unsere technische Abteilung steht Ihnen zur Verf\u00fcgung.","breadcrumb":{"@id":"https:\/\/www.rain.it\/de\/contakte-rain\/#breadcrumb"},"inLanguage":"de-DE","potentialAction":[{"@type":"ReadAction","target":["https:\/\/www.rain.it\/de\/contakte-rain\/"]}]},{"@type":"BreadcrumbList","@id":"https:\/\/www.rain.it\/de\/contakte-rain\/#breadcrumb","itemListElement":[{"@type":"ListItem","position":1,"name":"Home","item":"https:\/\/www.rain.it\/de\/"},{"@type":"ListItem","position":2,"name":"Contakte"}]},{"@type":"WebSite","@id":"https:\/\/www.rain.it\/de\/#website","url":"https:\/\/www.rain.it\/de\/","name":"Rain","description":"","potentialAction":[{"@type":"SearchAction","target":{"@type":"EntryPoint","urlTemplate":"https:\/\/www.rain.it\/de\/?s={search_term_string}"},"query-input":"required name=search_term_string"}],"inLanguage":"de-DE"}]}},"_links":{"self":[{"href":"https:\/\/www.rain.it\/de\/wp-json\/wp\/v2\/pages\/5824"}],"collection":[{"href":"https:\/\/www.rain.it\/de\/wp-json\/wp\/v2\/pages"}],"about":[{"href":"https:\/\/www.rain.it\/de\/wp-json\/wp\/v2\/types\/page"}],"author":[{"embeddable":true,"href":"https:\/\/www.rain.it\/de\/wp-json\/wp\/v2\/users\/1"}],"replies":[{"embeddable":true,"href":"https:\/\/www.rain.it\/de\/wp-json\/wp\/v2\/comments?post=5824"}],"version-history":[{"count":2,"href":"https:\/\/www.rain.it\/de\/wp-json\/wp\/v2\/pages\/5824\/revisions"}],"predecessor-version":[{"id":6625,"href":"https:\/\/www.rain.it\/de\/wp-json\/wp\/v2\/pages\/5824\/revisions\/6625"}],"wp:attachment":[{"href":"https:\/\/www.rain.it\/de\/wp-json\/wp\/v2\/media?parent=5824"}],"curies":[{"name":"wp","href":"https:\/\/api.w.org\/{rel}","templated":true}]}}