{"id":5806,"date":"2023-07-06T12:27:41","date_gmt":"2023-07-06T10:27:41","guid":{"rendered":"https:\/\/www.rain.it\/suggerimenti-per-sistemi-irrigazione\/"},"modified":"2024-03-06T15:05:08","modified_gmt":"2024-03-06T14:05:08","slug":"praktische-tipps","status":"publish","type":"page","link":"https:\/\/www.rain.it\/de\/praktische-tipps\/","title":{"rendered":"Praktische Tipps"},"content":{"rendered":"<p>Was muss ich tun, um mein Bew\u00e4sserungssystem f\u00fcr den Sommer wieder zu \u00f6ffnen? Und wie schlie\u00dfe ich es, bevor der Winter eintrifft? In diesem Abschnitt findest du n\u00fctzliche Antworten und Tipps zu den h\u00e4ufigsten Zweifeln derjenigen, die ein automatisches Bew\u00e4sserungssystem verwalten m\u00fcssen.<\/p>\n","protected":false},"excerpt":{"rendered":"<p>Was muss ich tun, um mein Bew\u00e4sserungssystem f\u00fcr den Sommer wieder zu \u00f6ffnen? Und wie schlie\u00dfe ich es, bevor der Winter eintrifft? In diesem Abschnitt findest du n\u00fctzliche Antworten und Tipps zu den h\u00e4ufigsten Zweifeln derjenigen, die ein automatisches Bew\u00e4sserungssystem verwalten m\u00fcssen.<\/p>\n","protected":false},"author":1,"featured_media":0,"parent":0,"menu_order":25,"comment_status":"closed","ping_status":"closed","template":"template-suggerimenti-pratici.php","meta":[],"acf":[],"yoast_head":"<!-- This site is optimized with the Yoast SEO plugin v20.10 - https:\/\/yoast.com\/wordpress\/plugins\/seo\/ -->\n<title>Praktische Tipps | Rain<\/title>\n<meta name=\"description\" content=\"Entdecken Sie die besten Tipps f\u00fcr Bew\u00e4sserungssysteme mit Rain. Optimieren Sie Ihre Bew\u00e4sserung mit Expertenrat. Machen wir Ihren Garten perfekt!\" \/>\n<meta name=\"robots\" content=\"index, follow, max-snippet:-1, max-image-preview:large, max-video-preview:-1\" \/>\n<link rel=\"canonical\" href=\"https:\/\/www.rain.it\/de\/praktische-tipps\/\" \/>\n<meta property=\"og:locale\" content=\"de_DE\" \/>\n<meta property=\"og:type\" content=\"article\" \/>\n<meta property=\"og:title\" content=\"Praktische Tipps | Rain\" \/>\n<meta property=\"og:description\" content=\"Entdecken Sie die besten Tipps f\u00fcr Bew\u00e4sserungssysteme mit Rain. Optimieren Sie Ihre Bew\u00e4sserung mit Expertenrat. Machen wir Ihren Garten perfekt!\" \/>\n<meta property=\"og:url\" content=\"https:\/\/www.rain.it\/de\/praktische-tipps\/\" \/>\n<meta property=\"og:site_name\" content=\"Rain\" \/>\n<meta property=\"article:modified_time\" content=\"2024-03-06T14:05:08+00:00\" \/>\n<meta name=\"twitter:card\" content=\"summary_large_image\" \/>\n<meta name=\"twitter:label1\" content=\"Est. reading time\" \/>\n\t<meta name=\"twitter:data1\" content=\"1 Minute\" \/>\n<script type=\"application\/ld+json\" class=\"yoast-schema-graph\">{\"@context\":\"https:\/\/schema.org\",\"@graph\":[{\"@type\":\"WebPage\",\"@id\":\"https:\/\/www.rain.it\/de\/praktische-tipps\/\",\"url\":\"https:\/\/www.rain.it\/de\/praktische-tipps\/\",\"name\":\"Praktische Tipps | Rain\",\"isPartOf\":{\"@id\":\"https:\/\/www.rain.it\/de\/#website\"},\"datePublished\":\"2023-07-06T10:27:41+00:00\",\"dateModified\":\"2024-03-06T14:05:08+00:00\",\"description\":\"Entdecken Sie die besten Tipps f\u00fcr Bew\u00e4sserungssysteme mit Rain. Optimieren Sie Ihre Bew\u00e4sserung mit Expertenrat. Machen wir Ihren Garten perfekt!\",\"breadcrumb\":{\"@id\":\"https:\/\/www.rain.it\/de\/praktische-tipps\/#breadcrumb\"},\"inLanguage\":\"de-DE\",\"potentialAction\":[{\"@type\":\"ReadAction\",\"target\":[\"https:\/\/www.rain.it\/de\/praktische-tipps\/\"]}]},{\"@type\":\"BreadcrumbList\",\"@id\":\"https:\/\/www.rain.it\/de\/praktische-tipps\/#breadcrumb\",\"itemListElement\":[{\"@type\":\"ListItem\",\"position\":1,\"name\":\"Home\",\"item\":\"https:\/\/www.rain.it\/de\/\"},{\"@type\":\"ListItem\",\"position\":2,\"name\":\"Praktische Tipps\"}]},{\"@type\":\"WebSite\",\"@id\":\"https:\/\/www.rain.it\/de\/#website\",\"url\":\"https:\/\/www.rain.it\/de\/\",\"name\":\"Rain\",\"description\":\"\",\"potentialAction\":[{\"@type\":\"SearchAction\",\"target\":{\"@type\":\"EntryPoint\",\"urlTemplate\":\"https:\/\/www.rain.it\/de\/?s={search_term_string}\"},\"query-input\":\"required name=search_term_string\"}],\"inLanguage\":\"de-DE\"}]}<\/script>\n<!-- \/ Yoast SEO plugin. -->","yoast_head_json":{"title":"Praktische Tipps | Rain","description":"Entdecken Sie die besten Tipps f\u00fcr Bew\u00e4sserungssysteme mit Rain. Optimieren Sie Ihre Bew\u00e4sserung mit Expertenrat. Machen wir Ihren Garten perfekt!","robots":{"index":"index","follow":"follow","max-snippet":"max-snippet:-1","max-image-preview":"max-image-preview:large","max-video-preview":"max-video-preview:-1"},"canonical":"https:\/\/www.rain.it\/de\/praktische-tipps\/","og_locale":"de_DE","og_type":"article","og_title":"Praktische Tipps | Rain","og_description":"Entdecken Sie die besten Tipps f\u00fcr Bew\u00e4sserungssysteme mit Rain. Optimieren Sie Ihre Bew\u00e4sserung mit Expertenrat. Machen wir Ihren Garten perfekt!","og_url":"https:\/\/www.rain.it\/de\/praktische-tipps\/","og_site_name":"Rain","article_modified_time":"2024-03-06T14:05:08+00:00","twitter_card":"summary_large_image","twitter_misc":{"Est. reading time":"1 Minute"},"schema":{"@context":"https:\/\/schema.org","@graph":[{"@type":"WebPage","@id":"https:\/\/www.rain.it\/de\/praktische-tipps\/","url":"https:\/\/www.rain.it\/de\/praktische-tipps\/","name":"Praktische Tipps | Rain","isPartOf":{"@id":"https:\/\/www.rain.it\/de\/#website"},"datePublished":"2023-07-06T10:27:41+00:00","dateModified":"2024-03-06T14:05:08+00:00","description":"Entdecken Sie die besten Tipps f\u00fcr Bew\u00e4sserungssysteme mit Rain. Optimieren Sie Ihre Bew\u00e4sserung mit Expertenrat. Machen wir Ihren Garten perfekt!","breadcrumb":{"@id":"https:\/\/www.rain.it\/de\/praktische-tipps\/#breadcrumb"},"inLanguage":"de-DE","potentialAction":[{"@type":"ReadAction","target":["https:\/\/www.rain.it\/de\/praktische-tipps\/"]}]},{"@type":"BreadcrumbList","@id":"https:\/\/www.rain.it\/de\/praktische-tipps\/#breadcrumb","itemListElement":[{"@type":"ListItem","position":1,"name":"Home","item":"https:\/\/www.rain.it\/de\/"},{"@type":"ListItem","position":2,"name":"Praktische Tipps"}]},{"@type":"WebSite","@id":"https:\/\/www.rain.it\/de\/#website","url":"https:\/\/www.rain.it\/de\/","name":"Rain","description":"","potentialAction":[{"@type":"SearchAction","target":{"@type":"EntryPoint","urlTemplate":"https:\/\/www.rain.it\/de\/?s={search_term_string}"},"query-input":"required name=search_term_string"}],"inLanguage":"de-DE"}]}},"_links":{"self":[{"href":"https:\/\/www.rain.it\/de\/wp-json\/wp\/v2\/pages\/5806"}],"collection":[{"href":"https:\/\/www.rain.it\/de\/wp-json\/wp\/v2\/pages"}],"about":[{"href":"https:\/\/www.rain.it\/de\/wp-json\/wp\/v2\/types\/page"}],"author":[{"embeddable":true,"href":"https:\/\/www.rain.it\/de\/wp-json\/wp\/v2\/users\/1"}],"replies":[{"embeddable":true,"href":"https:\/\/www.rain.it\/de\/wp-json\/wp\/v2\/comments?post=5806"}],"version-history":[{"count":8,"href":"https:\/\/www.rain.it\/de\/wp-json\/wp\/v2\/pages\/5806\/revisions"}],"predecessor-version":[{"id":7453,"href":"https:\/\/www.rain.it\/de\/wp-json\/wp\/v2\/pages\/5806\/revisions\/7453"}],"wp:attachment":[{"href":"https:\/\/www.rain.it\/de\/wp-json\/wp\/v2\/media?parent=5806"}],"curies":[{"name":"wp","href":"https:\/\/api.w.org\/{rel}","templated":true}]}}